{"id":27089,"date":"2021-07-27T09:42:24","date_gmt":"2021-07-27T07:42:24","guid":{"rendered":"https:\/\/protocolo.umh.es\/?page_id=27089"},"modified":"2026-02-12T11:25:04","modified_gmt":"2026-02-12T10:25:04","slug":"magnolio","status":"publish","type":"page","link":"https:\/\/protocolo.umh.es\/en\/jardin-de-los-honoris\/magnolio\/","title":{"rendered":"Magnolia"},"content":{"rendered":"<p><\/p>\n<ul>\n<li><span style=\"color: #808000\">Common name: Magnolia<\/span><\/li>\n<li><span style=\"color: #808000\">Scientific name: <em>Magnolia grandiflora,<\/em> L.<\/span><\/li>\n<li><span style=\"color: #808000\">Honoris Causa: <a href=\"https:\/\/protocolo.umh.es\/2022\/02\/11\/david-cox\/\">David Cox<\/a> (09\/22\/1999)<\/span><\/li>\n<li><span style=\"color: #808000\">Honoris Causa: <a href=\"https:\/\/protocolo.umh.es\/2022\/02\/11\/jose-angel-sanchez-asiain\/\">Jos\u00e9 \u00c1ngel S\u00e1nchez Asia\u00edn<\/a> (10\/20\/1999)<\/span><\/li>\n<li><span style=\"color: #808000\">Honoris Causa: <a href=\"https:\/\/comunicacion.umh.es\/2000\/09\/27\/solemne-acto-de-investidura-del-excmo-sr-d-stephanus-hendrikus-tijs-como-doctor-honoris-causa\/\">Stephanus Hendrikus Tijs<\/a> (09\/27\/2000)<\/span><\/li>\n<li><span style=\"color: #808000\">Honoris Causa: <a href=\"https:\/\/comunicacion.umh.es\/2003\/10\/01\/solemne-acto-de-apertura-del-curso-acadmico-2003-2004-e-investidura-de-sar-la-infanta-doa-margarita-de-borbn-como-doctora-honoris-causa\/\">Margaret of Bourbon and Bourbon<\/a> (07\/10\/2003)<\/span><\/li>\n<li><span style=\"color: #808000\">Honoris Causa: <a href=\"https:\/\/protocolo.umh.es\/2010\/07\/08\/solemne-acto-de-investidura-de-la-excma-sra-da-rosa-ma-calaf-sole-como-doctora-honoris-causa-el-18-de-junio-de-2010\/\">Rosa Mar\u00eda Calaf Sol\u00e9<\/a> (06\/18\/2010)<\/span><\/li>\n<li><span style=\"color: #808000\">Honoris Causa: <a href=\"https:\/\/protocolo.umh.es\/2017\/07\/24\/acto-academico-de-clausura-del-curso-2016-2017-con-la-investidura-como-doctor-honoris-causa-del-excmo-sr-d-jose-maria-peiro-silla\/\">Jos\u00e9 Mar\u00eda Peir\u00f3 Silla<\/a> (04\/07\/2017)<\/span><\/li>\n<\/ul>\n<p><a href=\"https:\/\/protocolo.umh.es\/files\/2021\/07\/Magnolio.jpg\"><img loading=\"lazy\" class=\"alignnone size-medium wp-image-27092\" src=\"https:\/\/protocolo.umh.es\/files\/2021\/07\/Magnolio-300x236.jpg\" alt=\"\" width=\"300\" height=\"236\" srcset=\"https:\/\/protocolo.umh.es\/files\/2021\/07\/Magnolio-300x236.jpg 300w, https:\/\/protocolo.umh.es\/files\/2021\/07\/Magnolio.jpg 520w\" sizes=\"(max-width: 300px) 100vw, 300px\" \/><\/a><\/p>\n<p>ORIGIN: Southeastern United States.<\/p>\n<p>CHARACTERISTICS:<\/p>\n<ul>\n<li>Evergreen tree with a slightly pyramidal crown.<\/li>\n<\/ul>\n<p>INTERESTING FACTS:<\/p>\n<ul>\n<li>\u201cGrandiflora\u201d comes from a Latin epithet meaning \u201clarge flowers.\u201d<\/li>\n<li>In ancient China, only the Emperor could own magnolias. This privilege allowed him to give magnolias as gifts, a gesture highly appreciated by his subjects.<\/li>\n<\/ul>\n<p>USES:<\/p>\n<ul>\n<li>ORNAMENTAL: Due to the sheen of its leaves, its elegance, and the fragrance of its flowers.<\/li>\n<li>FOOD: Its seeds and bark have been used to relieve digestive and respiratory ailments.<\/li>\n<li>INDUSTRIAL: Its wood is valued in cabinetmaking, but it is not profitable due to its slow growth. Its flowers are used to make perfumes.<\/li>\n<li>MEDICINAL: Its bark has been used in natural medicine as a diuretic, astringent, and urinary and renal antiseptic.<\/li>\n<\/ul>\n<p><\/p>","protected":false},"excerpt":{"rendered":"<p>Common name: Magnolia<br \/>\nScientific name: Magnolia grandiflora, L.<br \/>\nHonoris Causa: David Cox (09\/22\/1999)<br \/>\nHonoris Causa: Jos\u00e9 \u00c1ngel S\u00e1nchez Asia\u00edn (10\/20\/1999)<br \/>\nHonoris Causa: Stephanus Hendrikus Tijs (09\/27\/2000)<br \/>\nHonoris Causa: Margaret of Bourbon and Bourbon (07\/10\/2003)<br \/>\nHonoris Causa: Rosa Mar\u00eda Calaf Sol\u00e9 (06\/18\/2010)<br \/>\nHonoris Causa: Jos\u00e9 Mar\u00eda Peir\u00f3 Silla (04\/07\/2017)<\/p>\n<p>ORIGIN: Southeastern United States.<br \/>\nCHARACTERISTICS:<\/p>\n<p>Evergreen tree with a slightly pyramidal crown.<\/p>\n<p>INTERESTING FACTS:<\/p>\n<p>\u201cGrandiflora\u201d comes from a Latin [&#8230;]<\/p>\n","protected":false},"author":3285,"featured_media":0,"parent":25517,"menu_order":25,"comment_status":"closed","ping_status":"closed","template":"","meta":{"ngg_post_thumbnail":0,"_links_to":"","_links_to_target":""},"_links":{"self":[{"href":"https:\/\/protocolo.umh.es\/en\/wp-json\/wp\/v2\/pages\/27089"}],"collection":[{"href":"https:\/\/protocolo.umh.es\/en\/wp-json\/wp\/v2\/pages"}],"about":[{"href":"https:\/\/protocolo.umh.es\/en\/wp-json\/wp\/v2\/types\/page"}],"author":[{"embeddable":true,"href":"https:\/\/protocolo.umh.es\/en\/wp-json\/wp\/v2\/users\/3285"}],"replies":[{"embeddable":true,"href":"https:\/\/protocolo.umh.es\/en\/wp-json\/wp\/v2\/comments?post=27089"}],"version-history":[{"count":0,"href":"https:\/\/protocolo.umh.es\/en\/wp-json\/wp\/v2\/pages\/27089\/revisions"}],"up":[{"embeddable":true,"href":"https:\/\/protocolo.umh.es\/en\/wp-json\/wp\/v2\/pages\/25517"}],"wp:attachment":[{"href":"https:\/\/protocolo.umh.es\/en\/wp-json\/wp\/v2\/media?parent=27089"}],"curies":[{"name":"wp","href":"https:\/\/api.w.org\/{rel}","templated":true}]}}