{"id":27014,"date":"2021-07-27T09:11:58","date_gmt":"2021-07-27T07:11:58","guid":{"rendered":"https:\/\/protocolo.umh.es\/?page_id=27014"},"modified":"2026-02-12T10:13:41","modified_gmt":"2026-02-12T09:13:41","slug":"cedro-del-himalaya","status":"publish","type":"page","link":"https:\/\/protocolo.umh.es\/en\/jardin-de-los-honoris\/cedro-del-himalaya\/","title":{"rendered":"Himalayan Cedar"},"content":{"rendered":"<p><\/p>\n<ul>\n<li><span style=\"color: #808000\">Common name: Himalayan Cedar.<\/span><\/li>\n<li><span style=\"color: #808000\">Scientific name: <em>Cedrus deodara<\/em>; (D. Don) G. Don.<\/span><\/li>\n<li><span style=\"color: #808000\">Honoris Causa: <a href=\"https:\/\/comunicacion.umh.es\/2002\/09\/25\/solemne-acto-de-investidura-del-excmo-sr-d-egon-balas\/\">Egon Balas<\/a> (09\/25\/2002)<\/span><\/li>\n<li><span style=\"color: #808000\">Honoris Causa: <a href=\"https:\/\/comunicacion.umh.es\/2003\/01\/09\/solemne-acto-de-investidura-del-excmo-sr-d-josep-carreras-coll\/\">Josep Carreras Coll<\/a> (01\/09\/2003)<\/span><\/li>\n<li><span style=\"color: #808000\">Honoris Causa: <a href=\"https:\/\/protocolo.umh.es\/2021\/02\/11\/pedro-amat-munoz\/\">Pedro Amat Mu\u00f1oz<\/a> (10\/29\/2004)<\/span><\/li>\n<li><span style=\"color: #808000\">Honoris Causa: <a href=\"https:\/\/protocolo.umh.es\/2022\/04\/07\/festividad-de-santo-tomas-de-aquino-e-investidura-del-exmo-sr-d-millan-millan-munoz-como-doctor-honoris-causa-28-de-enero-de-2009\/\">Mill\u00e1n Mill\u00e1n Mu\u00f1oz<\/a> (01\/28\/2009)<\/span><\/li>\n<\/ul>\n<p><img src=\"https:\/\/protocolo.umh.es\/files\/2021\/07\/Cedro-del-Himalaya.jpg\" \/><\/p>\n<p>ORIGIN: Western Himalayas<\/p>\n<p>CHARACTERISTICS:<\/p>\n<ul>\n<li>Evergreen tree, reaching up to 70 m in height.<\/li>\n<li>Very long-lived, capable of living for a thousand years.<\/li>\n<\/ul>\n<p>INTERESTING FACTS:<\/p>\n<ul>\n<li>Its specific name, &#8220;deodara,&#8221; comes from the ancient Sanskrit &#8220;devadara,&#8221; meaning &#8220;tree of the gods.&#8221;<\/li>\n<li>It is the national tree of Pakistan.<\/li>\n<\/ul>\n<p>USES:<\/p>\n<ul>\n<li>PERFUMERY: Its wood gives off a pleasant aroma from which its essential oil is extracted.<\/li>\n<li>MEDICINAL: It is used as a carminative, antispasmodic, diaphoretic, cough reliever, and treatment for skin conditions (eczema, psoriasis, etc.).<\/li>\n<li>ORNAMENTAL: A tree of great beauty and majestic stature.<\/li>\n<\/ul>\n<p><\/p>","protected":false},"excerpt":{"rendered":"<p>Common name: Himalayan Cedar.<br \/>\nScientific name: Cedrus deodara; (D. Don) G. Don.<br \/>\nHonoris Causa: Egon Balas (09\/25\/2002)<br \/>\nHonoris Causa: Josep Carreras Coll (01\/09\/2003)<br \/>\nHonoris Causa: Pedro Amat Mu\u00f1oz (10\/29\/2004)<br \/>\nHonoris Causa: Mill\u00e1n Mill\u00e1n Mu\u00f1oz (01\/28\/2009)<\/p>\n<p>ORIGIN: Western Himalayas<br \/>\nCHARACTERISTICS:<\/p>\n<p>Evergreen tree, reaching up to 70 m in height.<br \/>\nVery long-lived, capable of living for a thousand years.<\/p>\n<p>INTERESTING FACTS:<\/p>\n<p>Its specific name, &#8220;deodara,&#8221; comes from the [&#8230;]<\/p>\n","protected":false},"author":3285,"featured_media":0,"parent":25517,"menu_order":15,"comment_status":"closed","ping_status":"closed","template":"","meta":{"ngg_post_thumbnail":0,"_links_to":"","_links_to_target":""},"_links":{"self":[{"href":"https:\/\/protocolo.umh.es\/en\/wp-json\/wp\/v2\/pages\/27014"}],"collection":[{"href":"https:\/\/protocolo.umh.es\/en\/wp-json\/wp\/v2\/pages"}],"about":[{"href":"https:\/\/protocolo.umh.es\/en\/wp-json\/wp\/v2\/types\/page"}],"author":[{"embeddable":true,"href":"https:\/\/protocolo.umh.es\/en\/wp-json\/wp\/v2\/users\/3285"}],"replies":[{"embeddable":true,"href":"https:\/\/protocolo.umh.es\/en\/wp-json\/wp\/v2\/comments?post=27014"}],"version-history":[{"count":0,"href":"https:\/\/protocolo.umh.es\/en\/wp-json\/wp\/v2\/pages\/27014\/revisions"}],"up":[{"embeddable":true,"href":"https:\/\/protocolo.umh.es\/en\/wp-json\/wp\/v2\/pages\/25517"}],"wp:attachment":[{"href":"https:\/\/protocolo.umh.es\/en\/wp-json\/wp\/v2\/media?parent=27014"}],"curies":[{"name":"wp","href":"https:\/\/api.w.org\/{rel}","templated":true}]}}