{"id":25517,"date":"2024-05-30T09:32:05","date_gmt":"2024-05-30T07:32:05","guid":{"rendered":"https:\/\/protocolo.umh.es\/?page_id=25517"},"modified":"2026-02-12T12:49:12","modified_gmt":"2026-02-12T11:49:12","slug":"jardin-de-los-honoris","status":"publish","type":"page","link":"https:\/\/protocolo.umh.es\/en\/jardin-de-los-honoris\/","title":{"rendered":"GARDEN OF THE HONORIS"},"content":{"rendered":"<p><\/p>\n<h3>Presentation<\/h3>\n<div dir=\"ltr\">\n<div class=\"gmail_quote\">\n<div dir=\"auto\">\n<div dir=\"ltr\">\n<div dir=\"ltr\">\n<div dir=\"ltr\">\n<div class=\"gmail_default\"><a href=\"https:\/\/comunicacion.umh.es\/files\/2022\/05\/090522-Jardines-Honoris-rector-3-scaled.jpg\"><img loading=\"lazy\" class=\"size-medium wp-image-153413 alignleft\" src=\"https:\/\/comunicacion.umh.es\/files\/2022\/05\/090522-Jardines-Honoris-rector-3-300x200.jpg\" alt=\"\" width=\"300\" height=\"200\" aria-describedby=\"caption-attachment-153413\" \/><\/a><a href=\"https:\/\/comunicacion.umh.es\/files\/2022\/05\/090522-cartel-delante.png\"><img loading=\"lazy\" class=\"wp-image-153416 alignleft\" src=\"https:\/\/comunicacion.umh.es\/files\/2022\/05\/090522-cartel-delante-226x300.png\" alt=\"\" width=\"212\" height=\"281\" aria-describedby=\"caption-attachment-153416\" \/><\/a><\/div>\n<\/div>\n<\/div>\n<\/div>\n<\/div>\n<\/div>\n<\/div>\n<div dir=\"ltr\">\n<div class=\"gmail_quote\">\n<div dir=\"auto\">\n<div dir=\"ltr\">\n<div dir=\"ltr\">\n<div dir=\"ltr\">\n<div class=\"gmail_default\">\n<div>\n<p>On the Elche Campus, the Garden of the Honoris is located.<\/p>\n<p>In this space, you will find different species of trees and shrubs compatible with our ecosystem, chosen by the <em>HONORIS CAUSA<\/em> doctors of our University.<\/p>\n<p>The selected species represent values with which our academics have identified themselves, thus creating a symbolism between knowledge and nature on our campus.<\/p>\n<p>In this way, our illustrious doctors leave an eternal mark on the UMH, beyond the Cloister of Doctors.<\/p>\n<p>Thank you to all our doctors for their collaboration in the creation of the Garden of the Honoris, a place where wisdom and nature converge in a unique space available to all citizens.<\/p>\n<\/div>\n<div>\n<div><strong>MAPS HONORIS<\/strong><\/div>\n<ul>\n<li><a href=\"https:\/\/protocolo.umh.es\/files\/2026\/01\/MAPA-HONORIS-1-01-26.pdf\" target=\"_blank\" rel=\"noopener\">MAP HONORIS 1<\/a><\/li>\n<li><a href=\"https:\/\/protocolo.umh.es\/files\/2026\/01\/MAPA-HONORIS-2-01-26.pdf\" target=\"_blank\" rel=\"noopener\">MAP HONORIS 2<\/a><\/li>\n<li><a href=\"https:\/\/protocolo.umh.es\/files\/2026\/01\/MAPA-HONORIS-3-01-26.pdf\" target=\"_blank\" rel=\"noopener\">MAP HONORIS 3<\/a><\/li>\n<\/ul>\n<\/div>\n<div><\/div>\n<\/div>\n<\/div>\n<\/div>\n<\/div>\n<\/div>\n<\/div>\n<div><\/div>\n<\/div>\n<div dir=\"ltr\">\n<div class=\"gmail_quote\">\n<div dir=\"auto\">\n<div dir=\"ltr\">\n<div dir=\"ltr\">\n<div dir=\"ltr\">\n<div class=\"gmail_default\">\n<table width=\"986\">\n<tbody>\n<tr>\n<td width=\"196\">Date of Appointment<\/td>\n<td width=\"287\">Name<\/td>\n<td width=\"153\">Tree<\/td>\n<td width=\"287\">Scientific name<\/td>\n<td width=\"63\">Posters<\/td>\n<\/tr>\n<tr>\n<td width=\"196\">October 7, 1997<\/td>\n<td width=\"287\">Manfred Eigen<\/td>\n<td width=\"153\">Ginkgo<\/td>\n<td width=\"287\">Ginkgo biloba ; L.<\/td>\n<td>1<\/td>\n<\/tr>\n<tr>\n<td width=\"196\">October 7, 1997<\/td>\n<td width=\"287\">Alfonso Esc\u00e1mez L\u00f3pez<\/td>\n<td width=\"153\">Olivo<\/td>\n<td width=\"287\">Olea europaea ; L.<\/td>\n<td>2<\/td>\n<\/tr>\n<tr>\n<td width=\"196\">October 3, 1998<\/td>\n<td width=\"287\">Jaime Carvajal y Urquijo<\/td>\n<td width=\"153\">Olivo<\/td>\n<td width=\"287\">Olea europaea ; L.<\/td>\n<td>3<\/td>\n<\/tr>\n<tr>\n<td width=\"196\">October 19, 1998<\/td>\n<td width=\"287\">Miguel Hern\u00e1ndez<\/td>\n<td width=\"153\">Higuera<\/td>\n<td width=\"287\">Ficus carica ; L.<\/td>\n<td>4<\/td>\n<\/tr>\n<tr>\n<td width=\"196\">October 23, 1998<\/td>\n<td width=\"287\">Pedro La\u00edn Entralgo<\/td>\n<td width=\"153\">Olivo<\/td>\n<td width=\"287\">Olea europaea ; L.<\/td>\n<td>5<\/td>\n<\/tr>\n<tr>\n<td width=\"196\">September 22, 1999<\/td>\n<td width=\"287\">David Cox<\/td>\n<td width=\"153\">Magnolio<\/td>\n<td width=\"287\">Magnolia grandiflora ; L.<\/td>\n<td>6<\/td>\n<\/tr>\n<tr>\n<td width=\"196\">October 4, 1999<\/td>\n<td width=\"287\">Fernando Alvarez de Miranda<\/td>\n<td width=\"153\">Fresno com\u00fan<\/td>\n<td width=\"287\">Fraxinus excelsior;\u00a0 L.<\/td>\n<td>7<\/td>\n<\/tr>\n<tr>\n<td width=\"196\">October 20, 1999<\/td>\n<td width=\"287\">Jos\u00e9 Angel S\u00e1nchez Asia\u00edn<\/td>\n<td width=\"153\">Magnolio<\/td>\n<td width=\"287\">Magnolia grandiflora ; L.<\/td>\n<td>8<\/td>\n<\/tr>\n<tr>\n<td width=\"196\">September 27, 2000<\/td>\n<td width=\"287\">Stephanus Hendrikus Tijs<\/td>\n<td width=\"153\">Magnolio<\/td>\n<td width=\"287\">Magnolia grandiflora ; L.<\/td>\n<td>9<\/td>\n<\/tr>\n<tr>\n<td width=\"196\">October 3, 2000<\/td>\n<td width=\"287\">Federico Mayor Zaragoza<\/td>\n<td width=\"153\">Olivo<\/td>\n<td width=\"287\">Olea europaea ; L.<\/td>\n<td>10<\/td>\n<\/tr>\n<tr>\n<td width=\"196\">January 26, 2001<\/td>\n<td width=\"287\">Friedrich Wilhem Eigler<\/td>\n<td width=\"153\">Ginkgo<\/td>\n<td width=\"287\">Ginkgo biloba ; L.<\/td>\n<td>11<\/td>\n<\/tr>\n<tr>\n<td width=\"196\">January 28, 2002<\/td>\n<td width=\"287\">Antonio Garc\u00eda\u2010Bellido y Garc\u00eda de Diego<\/td>\n<td width=\"153\">Olivo<\/td>\n<td width=\"287\">Olea europaea ; L.<\/td>\n<td>12<\/td>\n<\/tr>\n<tr>\n<td width=\"196\">September 25, 2002<\/td>\n<td width=\"287\">Egon Balas<\/td>\n<td width=\"153\">Cedro del Himalaya<\/td>\n<td width=\"287\">Cedrus deodara ; (D. Don) G. Don<\/td>\n<td>13<\/td>\n<\/tr>\n<tr>\n<td width=\"196\">October 4, 2002<\/td>\n<td width=\"287\">Luis Garc\u00eda Berlanga<\/td>\n<td width=\"153\">Ginkgo<\/td>\n<td width=\"287\">Ginkgo biloba ; L.<\/td>\n<td>14<\/td>\n<\/tr>\n<tr>\n<td width=\"196\">October 4, 2002<\/td>\n<td width=\"287\">Juan Rodes Teixidor<\/td>\n<td width=\"153\">Cinamomo<\/td>\n<td width=\"287\">Melia azedarach ; L. &#8216;umbraculifera&#8217;<\/td>\n<td>15<\/td>\n<\/tr>\n<tr>\n<td width=\"196\">January 9, 2003<\/td>\n<td width=\"287\">Josep Carreras Coll<\/td>\n<td width=\"153\">Cedro del Himalaya<\/td>\n<td width=\"287\">Cedrus deodara ; (D. Don) G. Don<\/td>\n<td>16<\/td>\n<\/tr>\n<tr>\n<td width=\"196\">October 7, 2003<\/td>\n<td width=\"287\">Margarita de Borb\u00f3n y Borb\u00f3n<\/td>\n<td width=\"153\">Magnolio<\/td>\n<td width=\"287\">Magnolia grandiflora ; L.<\/td>\n<td>17<\/td>\n<\/tr>\n<tr>\n<td width=\"196\">January 28, 2004<\/td>\n<td width=\"287\">Jos\u00e9 Antonio Escudero L\u00f3pez<\/td>\n<td width=\"153\">Chopo<\/td>\n<td width=\"287\">Populus nigra ; L.<\/td>\n<td>18<\/td>\n<\/tr>\n<tr>\n<td width=\"196\">May 21, 2004<\/td>\n<td width=\"287\">Joaqu\u00edn Fuster de Carulla<\/td>\n<td width=\"153\">\u00c1rbol del coral<\/td>\n<td width=\"287\">Erythrina \u00a0caffra\u00a0;\u00a0L.<\/td>\n<td>19<\/td>\n<\/tr>\n<tr>\n<td width=\"196\">October 29, 2004<\/td>\n<td width=\"287\">Pedro Amat Mu\u00f1oz<\/td>\n<td width=\"153\">Cedro del Himalaya<\/td>\n<td width=\"287\">Cedrus deodara ; (D. Don) G. Don<\/td>\n<td>20<\/td>\n<\/tr>\n<tr>\n<td width=\"196\">October 29, 2004<\/td>\n<td width=\"287\">Pedro Ruiz Torres<\/td>\n<td width=\"153\">Granado<\/td>\n<td width=\"287\">Punica granatum ; L.<\/td>\n<td>21<\/td>\n<\/tr>\n<tr>\n<td width=\"196\">October 29, 2004<\/td>\n<td width=\"287\">Araceli Maci\u00e1 Ant\u00f3n<\/td>\n<td width=\"153\">Granado<\/td>\n<td width=\"287\">Punica granatum ; L.<\/td>\n<td>22<\/td>\n<\/tr>\n<tr>\n<td width=\"196\">October 4, 2005<\/td>\n<td width=\"287\">Valent\u00edn Fuster de Carulla<\/td>\n<td width=\"153\">Olivo<\/td>\n<td width=\"287\">Olea europaea ; L.<\/td>\n<td>23<\/td>\n<\/tr>\n<tr>\n<td width=\"196\">4 de junio de 2008<\/td>\n<td width=\"287\">Rafael Ben\u00edtez Maudes<\/td>\n<td width=\"153\">Pino carrasco<\/td>\n<td width=\"287\">Pinus halepensis ; L.<\/td>\n<td>24<\/td>\n<\/tr>\n<tr>\n<td width=\"196\">January 28, 2009<\/td>\n<td width=\"287\">Mill\u00e1n Mill\u00e1n Mu\u00f1oz<\/td>\n<td width=\"153\">Cedro del Himalaya<\/td>\n<td width=\"287\">Cedrus deodara ; (D. Don) G. Don<\/td>\n<td>25<\/td>\n<\/tr>\n<tr>\n<td width=\"196\">May 24, 2010<\/td>\n<td width=\"287\">David \u00c1lvarez D\u00edez<\/td>\n<td width=\"153\">Olivo<\/td>\n<td width=\"287\">Olea europaea ; L.<\/td>\n<td>26<\/td>\n<\/tr>\n<tr>\n<td width=\"196\">June 18, 2010<\/td>\n<td width=\"287\">Rosa Mar\u00eda Calaf Sol\u00e9<\/td>\n<td width=\"153\">Magnolio<\/td>\n<td width=\"287\">Magnolia grandiflora ; L.<\/td>\n<td>27<\/td>\n<\/tr>\n<tr>\n<td width=\"196\">June 21, 2010<\/td>\n<td width=\"287\">Joan Manuel Serrat i Teresa<\/td>\n<td width=\"153\">Ginkgo<\/td>\n<td width=\"287\">Ginkgo biloba ; L.<\/td>\n<td>28<\/td>\n<\/tr>\n<tr>\n<td width=\"196\">October 7, 2011<\/td>\n<td width=\"287\">Richard Alan Normann<\/td>\n<td width=\"153\">Pino pi\u00f1onero<\/td>\n<td width=\"287\">Pinus pinea ; L.<\/td>\n<td>29<\/td>\n<\/tr>\n<tr>\n<td width=\"196\">January 28, 2011<\/td>\n<td width=\"287\">Lu\u00eds G\u00e1mir Casares<\/td>\n<td width=\"153\">\u00c1rbol de las tulipas<\/td>\n<td width=\"287\">Liriodendron tulipifera ; L.<\/td>\n<td>30<\/td>\n<\/tr>\n<tr>\n<td width=\"196\">January 27, 2012<\/td>\n<td width=\"287\">Mar\u00eda Josefa Izuel Gim\u00e9nez<\/td>\n<td width=\"153\">Catalpa<\/td>\n<td width=\"287\">Catalpa bignonioides ; Walter, Fl. Carol.<\/td>\n<td>31<\/td>\n<\/tr>\n<tr>\n<td width=\"196\">January 28, 2013<\/td>\n<td width=\"287\">Paul Mockapetris<\/td>\n<td width=\"153\">Palmera datilera<\/td>\n<td width=\"287\">Phoenix dactylifera\u00a0 L.<\/td>\n<td>32<\/td>\n<\/tr>\n<tr>\n<td width=\"196\">June 27, 2013<\/td>\n<td width=\"287\">Enrique Dacosta Vadillo<\/td>\n<td width=\"153\">Madro\u00f1o<\/td>\n<td width=\"287\">Arbutus unedo;\u00a0 L.<\/td>\n<td>33<\/td>\n<\/tr>\n<tr>\n<td width=\"196\">27 de junio de 2013<\/td>\n<td width=\"287\">Francisco Torreblanca Garc\u00eda<\/td>\n<td width=\"153\">Roble com\u00fan<\/td>\n<td width=\"287\">Quercus robur ; L.<\/td>\n<td>34<\/td>\n<\/tr>\n<tr>\n<td width=\"196\">January 28, 2014<\/td>\n<td width=\"287\">Francisco Garc\u00eda Olmedo<\/td>\n<td width=\"153\">Laurel<\/td>\n<td width=\"287\">Laurus nobilis , L.<\/td>\n<td>35<\/td>\n<\/tr>\n<tr>\n<td width=\"196\">June 27, 2014<\/td>\n<td width=\"287\">Marcus Felson<\/td>\n<td width=\"153\">\u00c1rbol de Judas<\/td>\n<td width=\"287\">Cercis siliquastrum ;\u00a0 L.<\/td>\n<td>36<\/td>\n<\/tr>\n<tr>\n<td width=\"196\">October 3, 2014<\/td>\n<td width=\"287\">Antonio Fraguas de Pablo<\/td>\n<td width=\"153\">Algarrobo<\/td>\n<td width=\"287\">Ceratonia siliqua;\u00a0 L.<\/td>\n<td>37<\/td>\n<\/tr>\n<tr>\n<td width=\"196\">January 28, 2015<\/td>\n<td width=\"287\">Tom\u00e1s Torres Cebada<\/td>\n<td width=\"153\">Olmo de Siberia<\/td>\n<td width=\"287\">Ulmus pumila ; L.<\/td>\n<td>38<\/td>\n<\/tr>\n<tr>\n<td width=\"196\">September 29, 2016<\/td>\n<td width=\"287\">Jaume Bech i Borr\u00e0s<\/td>\n<td width=\"153\">Encina<\/td>\n<td width=\"287\">Quercus ilex ;\u00a0 L.<\/td>\n<td>39<\/td>\n<\/tr>\n<tr>\n<td width=\"196\">January 27, 2017<\/td>\n<td width=\"287\">Teresa Perales Fern\u00e1ndez<\/td>\n<td width=\"153\">Encina<\/td>\n<td width=\"287\">Quercus ilex ;\u00a0 L.<\/td>\n<td>40<\/td>\n<\/tr>\n<tr>\n<td width=\"196\">July 04, 2017<\/td>\n<td width=\"287\">Jos\u00e9 Mar\u00eda Peir\u00f3 Silla<\/td>\n<td width=\"153\">Magnolio<\/td>\n<td width=\"287\">Magnolia grandiflora ; L.<\/td>\n<td>41<\/td>\n<\/tr>\n<tr>\n<td width=\"196\">December 14, 2017<\/td>\n<td width=\"287\">\u00c1ngel Nieto Rold\u00e1n<\/td>\n<td width=\"153\">Arce de Montpellier<\/td>\n<td width=\"287\">Acer Monspessulanum ; L.<\/td>\n<td>42<\/td>\n<\/tr>\n<tr>\n<td width=\"196\">January 26, 2018<\/td>\n<td width=\"287\">Miguel R\u00edos Campa\u00f1a<\/td>\n<td width=\"153\">Granado<\/td>\n<td width=\"287\">Punica granatum ; L.<\/td>\n<td>43<\/td>\n<\/tr>\n<tr>\n<td width=\"196\">June 28, 2018<\/td>\n<td width=\"287\">Tino Villanueva<\/td>\n<td width=\"153\">Higuera<\/td>\n<td width=\"287\">Ficus carica ; L.<\/td>\n<td>44<\/td>\n<\/tr>\n<tr>\n<td width=\"196\">January 28, 2022<\/td>\n<td width=\"287\">Marie Johnston<\/td>\n<td width=\"153\">Paulonia<\/td>\n<td width=\"287\">Paulownia tomentosa; (Thunb.) Steud, 1841 non Baill, 1888<\/td>\n<td>45<\/td>\n<\/tr>\n<tr>\n<td width=\"196\">January 26, 2023<\/td>\n<td width=\"287\">Fred Wudl<\/td>\n<td width=\"153\">Madro\u00f1o<\/td>\n<td width=\"287\">Arbutus unedo; L.<\/td>\n<td>46<\/td>\n<\/tr>\n<tr>\n<td width=\"196\">28 de enero de 2020<\/td>\n<td width=\"287\">Ram\u00f3n Lobo Leyder<\/td>\n<td width=\"153\">Jacaranda<\/td>\n<td width=\"287\">Jacaranda mimosifolia D. Don, 1822<\/td>\n<td>47<\/td>\n<\/tr>\n<tr>\n<td width=\"196\">January 25, 2024<\/td>\n<td width=\"287\">Luis Serrano Pubul<\/td>\n<td width=\"153\">\u00c1rbol botella de Queensland<\/td>\n<td width=\"287\">(Brachychiton rupestris, (T. Mitch. Ex Lindl) K. Schum.)<\/td>\n<td>48<\/td>\n<\/tr>\n<tr>\n<td width=\"196\">June 05, 2024<\/td>\n<td width=\"287\">Carlos Herrera Crusset<\/td>\n<td width=\"153\">Braquiquito rosado<\/td>\n<td width=\"287\">(Brachychiton discolor, F. Muell.)<\/td>\n<td>49<\/td>\n<\/tr>\n<\/tbody>\n<tbody>\n<tr>\n<td width=\"196\">January 28, 2025<\/td>\n<td width=\"287\">Luis Puelles L\u00f3pez<\/td>\n<td width=\"153\">Morera del papel<\/td>\n<td width=\"287\">Broussonetia papyrifera<\/td>\n<td>50<\/td>\n<\/tr>\n<tr>\n<td width=\"196\">February 14, 2025<\/td>\n<td width=\"287\">Diego Gonz\u00e1lez Rivas<\/td>\n<td width=\"153\">\u00c1rbol botella de Queensland<\/td>\n<td width=\"287\">Brachychiton rupestris<\/td>\n<td>51<\/td>\n<\/tr>\n<tr>\n<td width=\"196\">May 15, 2025<\/td>\n<td width=\"287\">Jaime Lamo de Espinosa y Michels de Champourcin<\/td>\n<td width=\"153\">Palmera datilera<\/td>\n<td width=\"287\">Phoenix dactylifera<\/td>\n<td>52<\/td>\n<\/tr>\n<tr>\n<td width=\"196\">May 15, 2025<\/td>\n<td width=\"287\">Manuel Ram\u00f3n Pimentel Siles<\/td>\n<td width=\"153\">Palmera datilera<\/td>\n<td width=\"287\">Phoenix dactylifera<\/td>\n<td>53<\/td>\n<\/tr>\n<\/tbody>\n<\/table>\n<\/div>\n<div class=\"col\">\n<div id=\"cuerpoPostSingle\" class=\"text-cuerpo\">\n<table width=\"986\">\n<tbody>\n<tr>\n<td width=\"196\">June 19, 2025<\/td>\n<td width=\"287\">Paloma del R\u00edo Ca\u00f1adas<\/td>\n<td width=\"153\">Braquiquito rosado<\/td>\n<td width=\"287\">\u00a0(Brachychiton discolor, F. Muell.)<\/td>\n<td>54<\/td>\n<\/tr>\n<\/tbody>\n<\/table>\n<div>\n<div><\/div>\n<div>\n<table style=\"height: 44px\" width=\"988\">\n<tbody>\n<tr>\n<td width=\"196\">September 18, 2025<\/td>\n<td width=\"287\">Margarita del Val Latorre<\/td>\n<td width=\"153\">\u00c1rbol botella de Queensland<\/td>\n<td width=\"287\">Brachychiton rupestris<\/td>\n<td>55<\/td>\n<\/tr>\n<\/tbody>\n<\/table>\n<\/div>\n<\/div>\n<div>\n<div><\/div>\n<div>\n<table style=\"height: 44px\" width=\"988\">\n<tbody>\n<tr>\n<td width=\"196\">January 28, 2026<\/td>\n<td width=\"287\">Mariana Concepci\u00f3n Castells Guitard<\/td>\n<td width=\"153\">Palmera datilera<\/td>\n<td width=\"287\">Phoenix dactylifera\u00a0 L.<\/td>\n<td>56<\/td>\n<\/tr>\n<\/tbody>\n<\/table>\n<\/div>\n<\/div>\n<h3><\/h3>\n<div><a href=\"https:\/\/protocolo.umh.es\/files\/2026\/01\/BOSQUE-HONORIS_01-26-1-1.pdf\">FOREST-HONORIS (excel)<\/a><\/div>\n<div><a href=\"https:\/\/protocolo.umh.es\/files\/2026\/01\/BOSQUE-HONORIS_01-26-1-1.pdf\" target=\"_blank\" rel=\"noopener\">FOREST-HONORIS<\/a><\/div>\n<\/div>\n<\/div>\n<\/div>\n<\/div>\n<p>&nbsp;<\/p>\n<div dir=\"ltr\">\n<div dir=\"ltr\">\n<div class=\"col\">\n<div id=\"cuerpoPostSingle\" class=\"text-cuerpo\">\n<h3><strong>The UMH completes the \u2018Garden of Honoris\u2019 with 56 plant specimens, chosen by the Honoris Causa recipients conferred by the University<\/strong><\/h3>\n<p>Preserving and offering recognition to the different Honoris Causa awarded by the Miguel Hern\u00e1ndez University (UMH) of Elche is the objective of the \u2018Garden of the Honoris\u2019 project, located around the Edificio Rectorado y Consejo Social on the Elche campus. This initiative began several years ago and, to date, 56 specimens have been planted, each one chosen at the time by the respective Honoris Causa recipient, along with their informational plaques displaying the name of the Honoris, the common name and scientific name of the specimen, as well as a QR code with more specific information about the planted tree.<\/p>\n<p>The \u2018Garden of the Honoris\u2019 is an initiative of the Rectorate and includes trees of various types such as palm trees, olive trees, pomegranate trees, carob trees, pines, elms, poplars, laurel, holm oaks, oaks, strawberry trees, and other lesser-known species such as the Judas tree, coral tree, cedars, ginkgos, chinaberry, or catalpa. In addition, the \u2018Garden of the Honoris\u2019 features a fig tree dedicated to Miguel Hern\u00e1ndez, which comes from a cutting of the one at the poet\u2019s house in Orihuela.<\/p>\n<div id=\"attachment_153416\" class=\"wp-caption alignnone\">\n<p>&nbsp;<\/p>\n<p id=\"caption-attachment-153416\" class=\"wp-caption-text\">\n<\/div>\n<\/div>\n<\/div>\n<\/div>\n<\/div>\n<\/div>\n<\/div>\n<\/div>\n<\/div>\n<p><\/p>","protected":false},"excerpt":{"rendered":"<p>Presentation<\/p>\n<p>On the Elche Campus, the Garden of the Honoris is located.<br \/>\nIn this space, you will find different species of trees and shrubs compatible with our ecosystem, chosen by the HONORIS CAUSA doctors of our University.<br \/>\nThe selected species represent values with which our academics have identified themselves, thus creating a symbolism between knowledge and nature on [&#8230;]<\/p>\n","protected":false},"author":3285,"featured_media":0,"parent":0,"menu_order":600,"comment_status":"closed","ping_status":"closed","template":"","meta":{"ngg_post_thumbnail":0,"_links_to":"","_links_to_target":""},"_links":{"self":[{"href":"https:\/\/protocolo.umh.es\/en\/wp-json\/wp\/v2\/pages\/25517"}],"collection":[{"href":"https:\/\/protocolo.umh.es\/en\/wp-json\/wp\/v2\/pages"}],"about":[{"href":"https:\/\/protocolo.umh.es\/en\/wp-json\/wp\/v2\/types\/page"}],"author":[{"embeddable":true,"href":"https:\/\/protocolo.umh.es\/en\/wp-json\/wp\/v2\/users\/3285"}],"replies":[{"embeddable":true,"href":"https:\/\/protocolo.umh.es\/en\/wp-json\/wp\/v2\/comments?post=25517"}],"version-history":[{"count":0,"href":"https:\/\/protocolo.umh.es\/en\/wp-json\/wp\/v2\/pages\/25517\/revisions"}],"wp:attachment":[{"href":"https:\/\/protocolo.umh.es\/en\/wp-json\/wp\/v2\/media?parent=25517"}],"curies":[{"name":"wp","href":"https:\/\/api.w.org\/{rel}","templated":true}]}}