{"id":87,"date":"2020-12-10T08:07:12","date_gmt":"2020-12-10T07:07:12","guid":{"rendered":"http:\/\/protocolo.umh.es\/carta-de-servicios\/"},"modified":"2021-01-08T12:21:37","modified_gmt":"2021-01-08T11:21:37","slug":"carta-de-servicios","status":"publish","type":"page","link":"https:\/\/protocolo.umh.es\/ca\/presentacion\/carta-de-servicios\/","title":{"rendered":"Carta de Serveis"},"content":{"rendered":"<p>Cont\u00e9 informaci\u00f3 sobre la missi\u00f3, funcions, indicadors i compromisos de Qualitat de la Unitat de Protocol. Polse en la imatge de la carta de serveis. (Nom\u00e9s disponible en Castell\u00e0)<\/p>\n<p style=\"text-align: center\"><a href=\"http:\/\/cartadeservicios.umh.es\/cartas_servicio\/protocolo\/index.html\"><img loading=\"lazy\" class=\"aligncenter\" title=\"Captura\" alt=\"\" src=\"https:\/\/protocolo.umh.es\/files\/2012\/02\/Captura-212x300.jpg\" width=\"212\" height=\"300\" \/><\/a><\/p>\n<p>Per a veure la versi\u00f3 en PDF. <a href=\"https:\/\/protocolo.umh.es\/files\/2012\/02\/protocolo_web.pdf\" target=\"_self\" rel=\"noopener noreferrer\">\u00a0Feu click ac\u00ed.<\/a><\/p>","protected":false},"excerpt":{"rendered":"<p>Cont\u00e9 informaci\u00f3 sobre la missi\u00f3, funcions, indicadors i compromisos de Qualitat de la Unitat de Protocol. Polse en la imatge de la carta de serveis. (Nom\u00e9s disponible en Castell\u00e0)<\/p>\n<p>Per a veure la versi\u00f3 en PDF. \u00a0Feu click ac\u00ed.<\/p>\n","protected":false},"author":309,"featured_media":0,"parent":3,"menu_order":140,"comment_status":"closed","ping_status":"open","template":"","meta":{"ngg_post_thumbnail":0,"_links_to":"","_links_to_target":""},"_links":{"self":[{"href":"https:\/\/protocolo.umh.es\/ca\/wp-json\/wp\/v2\/pages\/87"}],"collection":[{"href":"https:\/\/protocolo.umh.es\/ca\/wp-json\/wp\/v2\/pages"}],"about":[{"href":"https:\/\/protocolo.umh.es\/ca\/wp-json\/wp\/v2\/types\/page"}],"author":[{"embeddable":true,"href":"https:\/\/protocolo.umh.es\/ca\/wp-json\/wp\/v2\/users\/309"}],"replies":[{"embeddable":true,"href":"https:\/\/protocolo.umh.es\/ca\/wp-json\/wp\/v2\/comments?post=87"}],"version-history":[{"count":0,"href":"https:\/\/protocolo.umh.es\/ca\/wp-json\/wp\/v2\/pages\/87\/revisions"}],"up":[{"embeddable":true,"href":"https:\/\/protocolo.umh.es\/ca\/wp-json\/wp\/v2\/pages\/3"}],"wp:attachment":[{"href":"https:\/\/protocolo.umh.es\/ca\/wp-json\/wp\/v2\/media?parent=87"}],"curies":[{"name":"wp","href":"https:\/\/api.w.org\/{rel}","templated":true}]}}