{"id":8,"date":"2012-02-06T11:28:34","date_gmt":"2012-02-06T10:28:34","guid":{"rendered":"http:\/\/protocolo.zeus.umh.es\/actos\/"},"modified":"2026-02-18T10:51:19","modified_gmt":"2026-02-18T09:51:19","slug":"actos","status":"publish","type":"page","link":"https:\/\/protocolo.umh.es\/ca\/actos\/","title":{"rendered":"Actes Institucionals"},"content":{"rendered":"<p><\/p>\n<h2>\u00a0<strong>Enlla\u00e7os a imatges d&#8217;Actes Universitaris<\/strong><\/h2>\n<h3><\/h3>\n<h3>\u00a0Actes Acad\u00e8mics:<\/h3>\n<p><a href=\"https:\/\/protocolo.umh.es\/actos\/actos-academicos\/apertura-de-curso\/\">Acte d&#8217;Obertura del Curs<\/a><\/p>\n<p><a href=\"https:\/\/protocolo.umh.es\/actos\/actos-academicos\/clausura-curso-academico\/\">Cloenda Curs Acad\u00e9mico<\/a><\/p>\n<p><a href=\"https:\/\/protocolo.umh.es\/2017\/12\/18\/el-piloto-de-motociclismo-angel-nieto-doctor-honoris-causa-por-la-umh-a-titulo-postumo\/\">Cloenda XX Aniversari<\/a><\/p>\n<p><a href=\"https:\/\/protocolo.umh.es\/actos\/actos-academicos\/doctor-o-doctora-honoris-causa\/\">Honoris Causa<\/a><\/p>\n<p><a href=\"https:\/\/protocolo.umh.es\/actos\/actos-academicos\/graduaciones\/\">Graduacions<\/a><\/p>\n<p><a href=\"https:\/\/protocolo.umh.es\/actos\/actos-academicos\/santo-tomas-de-aquino\/\">Sant Tom\u00e0s\u00a0 d&#8217;Aquino<\/a><\/p>\n<p><a href=\"https:\/\/protocolo.umh.es\/category\/actos\/actos-academicos\/tomas-posesion-equipo-rectoral\/\">Tomas de posesi\u00f3n equipos rectorales<\/a><\/p>\n<h3>Otros Actos:<\/h3>\n<ul>\n<li><a href=\"https:\/\/protocolo.umh.es\/actos\/actos-academicos\/otros-actos\/entrega-de-placas-distincion-cinco-lustros\/\">Distinci\u00f3 per Cinc Lustres<\/a><\/li>\n<li><a href=\"https:\/\/protocolo.umh.es\/2021\/05\/27\/acto-de-investidura-de-nuevos-doctores-y-entrega-de-premios-extraordinarios-de-doctorado-27-mayo-2021\/\">Investidura ND 2021<\/a><\/li>\n<li><a href=\"https:\/\/protocolo.umh.es\/category\/actos\/otros-actos\/otros-actos-otros-actos-actos-2\/premios-de-la-umh\/\">Premis de la UMH<\/a><\/li>\n<li><a href=\"https:\/\/protocolo.umh.es\/category\/actos\/otros-actos\/otros-actos-otros-actos-actos\/congresos-seminarios-y-jornadas\/\">Congressos, Seminaris y Jornades<\/a><\/li>\n<li><a href=\"https:\/\/protocolo.umh.es\/category\/actos\/otros-actos\/otros-actos-otros-actos-actos\/visitas-institucionales\/\">Visites Institucionals<\/a><\/li>\n<li><a href=\"https:\/\/protocolo.umh.es\/category\/actos\/otros-actos\/otros-actos-otros-actos-actos\/premios-consejo-social\/\">Premis Consell Social<\/a><\/li>\n<li><a href=\"https:\/\/protocolo.umh.es\/category\/actos\/otros-actos\/otros-actos-otros-actos-actos\/asistencia-a-premios-empresas\/\">Assistencia a actes d&#8217;Institucions y Empreses\u00a0<\/a><\/li>\n<li><a href=\"https:\/\/protocolo.umh.es\/category\/actos\/otros-actos\/otros-actos-otros-actos-actos\/inauguraciones\/\">Inauguracions\u00a0<\/a><\/li>\n<li><a href=\"https:\/\/protocolo.umh.es\/category\/actos\/otros-actos\/otros-actos-otros-actos-actos\/catedras-de-empresa-familiar\/\">C\u00e0tedras d&#8217;Empresa Familiar<\/a><\/li>\n<li><a href=\"https:\/\/protocolo.umh.es\/actos\/otros-actos\/entrega-de-medallas-y-distinciones\/\">Lliurament de Medalles y Distincions<\/a><\/li>\n<li><a href=\"https:\/\/protocolo.umh.es\/category\/actos\/otros-actos\/firmas-institucionales\/\">Signatura de convenis institucionals<\/a><\/li>\n<li><a href=\"https:\/\/protocolo.umh.es\/category\/actos\/otros-actos\/otros-actos-otros-actos-actos\/presentaciones\/\">Presentacions<\/a><\/li>\n<li><a href=\"https:\/\/protocolo.umh.es\/2020\/07\/28\/inauguracion-en-el-campus-de-elche-de-un-monolito-en-homenaje-a-las-victimas-del-covid-19\/\">Homenatge\u00a0 a les V\u00edctimes COVID-19<\/a><\/li>\n<li><a href=\"https:\/\/protocolo.umh.es\/2012\/06\/19\/acto-universitario-5-estrellas-y-entrega-de-premios-innova-emprende\/\">5 Estrelles<\/a><\/li>\n<\/ul>\n<p>Feu clic als enlla\u00e7os per obtindre m\u00e9s informaci\u00f3 sobre altres actes.<\/p>\n<h2><\/h2>\n<h2>Vestits Acad\u00e8mics \u2013 Colors:<\/h2>\n<table width=\"0\">\n<tbody>\n<tr>\n<td width=\"320\">Medicina<\/td>\n<td width=\"119\">Groc<\/td>\n<\/tr>\n<tr>\n<td width=\"320\">Ci\u00e8ncias<\/td>\n<td width=\"119\">Blau Fosc<\/td>\n<\/tr>\n<tr>\n<td width=\"320\">Filosofia y Lletras<\/td>\n<td width=\"119\">Blau Clar<\/td>\n<\/tr>\n<tr>\n<td width=\"320\">Dret<\/td>\n<td width=\"119\">Roig<\/td>\n<\/tr>\n<tr>\n<td width=\"320\">Farm\u00e0cia<\/td>\n<td width=\"119\">Morat<\/td>\n<\/tr>\n<tr>\n<td width=\"320\">Enginyeria<\/td>\n<td width=\"119\">Marr\u00f3<\/td>\n<\/tr>\n<tr>\n<td width=\"320\">Econ\u00f2miques<\/td>\n<td width=\"119\">Taronja<\/td>\n<\/tr>\n<tr>\n<td width=\"320\">Belles Arts<\/td>\n<td width=\"119\">Blanc<\/td>\n<\/tr>\n<tr>\n<td width=\"320\">Psicologia<\/td>\n<td width=\"119\">Malva<\/td>\n<\/tr>\n<tr>\n<td width=\"320\">Periodisme<\/td>\n<td width=\"119\">Gris<\/td>\n<\/tr>\n<tr>\n<td width=\"320\">Ci\u00e8ncies de l&#8217;Activitat F\u00edsica i de l&#8217;Esport<\/td>\n<td width=\"119\">Verd Clar<\/td>\n<\/tr>\n<tr>\n<td width=\"320\">CC. de la Salut (Fisioter\u00e0pia)<\/td>\n<td width=\"119\">Gris Perla<\/td>\n<\/tr>\n<tr>\n<td width=\"320\">Veterin\u00e0ria<\/td>\n<td width=\"119\">Verd Fosc<\/td>\n<\/tr>\n<\/tbody>\n<\/table>\n<p>&nbsp;<\/p>\n<h2>Manual b\u00e0sic per a l\u2019organitzaci\u00f3 d\u2019actes \u2013 Passos a seguir:<\/h2>\n<ul>\n<li data-start=\"2171\" data-end=\"2189\">\n<p data-start=\"2174\" data-end=\"2189\"><em>NOM DE L\u2019ACTE<\/em><\/p>\n<\/li>\n<li data-start=\"2190\" data-end=\"2206\">\n<p data-start=\"2193\" data-end=\"2206\"><em>DATA I HORA<\/em><\/p>\n<\/li>\n<li data-start=\"2207\" data-end=\"2230\">\n<p data-start=\"2210\" data-end=\"2230\"><em>RESERVA DE L\u2019ESPAI<\/em><\/p>\n<\/li>\n<li data-start=\"2231\" data-end=\"2255\">\n<p data-start=\"2234\" data-end=\"2255\"><em>PART DE MANTENIMENT<\/em><\/p>\n<\/li>\n<li data-start=\"2256\" data-end=\"2305\">\n<p data-start=\"2259\" data-end=\"2305\"><em>DISSENY D\u2019INVITACIONS \u2013 NORMES GR\u00c0FIQUES UMH<\/em><\/p>\n<\/li>\n<li data-start=\"2306\" data-end=\"2334\">\n<p data-start=\"2309\" data-end=\"2334\"><em>ENVIAMENT D\u2019INVITACIONS<\/em><\/p>\n<\/li>\n<li data-start=\"2335\" data-end=\"2365\">\n<p data-start=\"2338\" data-end=\"2365\"><em>CONFIRMACI\u00d3 D\u2019ASSIST\u00c8NCIA<\/em><\/p>\n<\/li>\n<li data-start=\"2366\" data-end=\"2420\">\n<p data-start=\"2369\" data-end=\"2420\"><em>PRES\u00c8NCIA I REPRESENTACI\u00d3 INSTITUCIONAL DE LA UMH<\/em><\/p>\n<\/li>\n<li data-start=\"2421\" data-end=\"2472\">\n<p data-start=\"2424\" data-end=\"2472\"><em>COL\u00b7LABORACI\u00d3 DEL PAS I DE L\u2019ALUMNAT DE LA UMH<\/em><\/p>\n<\/li>\n<li data-start=\"2473\" data-end=\"2501\">\n<p data-start=\"2477\" data-end=\"2501\"><em>MITJANS DE COMUNICACI\u00d3<\/em><\/p>\n<\/li>\n<li data-start=\"2502\" data-end=\"2514\">\n<p data-start=\"2506\" data-end=\"2514\"><em>C\u00c0TERING<\/em><\/p>\n<\/li>\n<\/ul>\n<h2>Tractaments Universitaris<\/h2>\n<p>&nbsp;<\/p>\n<p data-start=\"2555\" data-end=\"2679\"><strong data-start=\"2555\" data-end=\"2594\">LLEI ORG\u00c0NICA 4\/2007, de 12 d\u2019abril<\/strong>, per la qual es modifica la Llei Org\u00e0nica 6\/2001, de 21 de desembre, d\u2019Universitats.<\/p>\n<p data-start=\"2681\" data-end=\"2729\"><strong data-start=\"2681\" data-end=\"2729\">Disposici\u00f3 addicional tretzena. Tractaments.<\/strong><\/p>\n<p data-start=\"2731\" data-end=\"2949\">Les autoritats universit\u00e0ries rebran el tractament de senyor o senyora, seguit de la denominaci\u00f3 del c\u00e0rrec. Els Rectors de les universitats rebran, a m\u00e9s, el tractament acad\u00e8mic de Rector Magn\u00edfic o Rectora Magn\u00edfica.<\/p>\n<p>&nbsp;<\/p>\n<h2>Plantilles i models per a l\u2019organitzaci\u00f3 d\u2019actes<\/h2>\n<p>&nbsp;<\/p>\n<ul>\n<li>Plantilla de cartell de taula per a actes institucionals UMH:<\/li>\n<\/ul>\n<p><a href=\"https:\/\/protocolo.umh.es\/files\/2024\/01\/MODELO-CARTELES-SOBREMESA.pptx\">MODELO CARTELES SOBREMESA<\/a><\/p>\n<p>&nbsp;<\/p>\n<ul>\n<li>Model d\u2019exemple: Composici\u00f3 de la taula i torn d\u2019intervencions (Senar\/Parell)<\/li>\n<\/ul>\n<p><a href=\"https:\/\/comunicacion.umh.es\/files\/2010\/10\/mesa-52.doc\">MODELO IMPAR<\/a>\/ <a href=\"https:\/\/comunicacion.umh.es\/files\/2010\/10\/mesa-4.doc\">MODELO PAR<\/a><\/p>\n<p>&nbsp;<\/p>","protected":false},"excerpt":{"rendered":"<p>\u00a0Enlla\u00e7os a imatges d&#8217;Actes Universitaris<\/p>\n<p>\u00a0Actes Acad\u00e8mics:<br \/>\nActe d&#8217;Obertura del Curs<br \/>\nCloenda Curs Acad\u00e9mico<br \/>\nCloenda XX Aniversari<br \/>\nHonoris Causa<br \/>\nGraduacions<br \/>\nSant Tom\u00e0s\u00a0 d&#8217;Aquino<br \/>\nTomas de posesi\u00f3n equipos rectorales<br \/>\nOtros Actos:<\/p>\n<p>Distinci\u00f3 per Cinc Lustres<br \/>\nInvestidura ND 2021<br \/>\nPremis de la UMH<br \/>\nCongressos, Seminaris y Jornades<br \/>\nVisites Institucionals<br \/>\nPremis Consell Social<br \/>\nAssistencia a actes d&#8217;Institucions y Empreses\u00a0<br \/>\nInauguracions\u00a0<br \/>\nC\u00e0tedras d&#8217;Empresa Familiar<br \/>\nLliurament de Medalles y Distincions<br \/>\nSignatura de convenis institucionals<br \/>\nPresentacions<br \/>\nHomenatge\u00a0 a les V\u00edctimes COVID-19<br \/>\n5 Estrelles<\/p>\n<p>Feu clic [&#8230;]<\/p>\n","protected":false},"author":1,"featured_media":0,"parent":0,"menu_order":200,"comment_status":"closed","ping_status":"closed","template":"","meta":{"ngg_post_thumbnail":0,"_links_to":"","_links_to_target":""},"_links":{"self":[{"href":"https:\/\/protocolo.umh.es\/ca\/wp-json\/wp\/v2\/pages\/8"}],"collection":[{"href":"https:\/\/protocolo.umh.es\/ca\/wp-json\/wp\/v2\/pages"}],"about":[{"href":"https:\/\/protocolo.umh.es\/ca\/wp-json\/wp\/v2\/types\/page"}],"author":[{"embeddable":true,"href":"https:\/\/protocolo.umh.es\/ca\/wp-json\/wp\/v2\/users\/1"}],"replies":[{"embeddable":true,"href":"https:\/\/protocolo.umh.es\/ca\/wp-json\/wp\/v2\/comments?post=8"}],"version-history":[{"count":0,"href":"https:\/\/protocolo.umh.es\/ca\/wp-json\/wp\/v2\/pages\/8\/revisions"}],"wp:attachment":[{"href":"https:\/\/protocolo.umh.es\/ca\/wp-json\/wp\/v2\/media?parent=8"}],"curies":[{"name":"wp","href":"https:\/\/api.w.org\/{rel}","templated":true}]}}