{"id":7,"date":"2012-02-06T11:26:21","date_gmt":"2012-02-06T11:26:21","guid":{"rendered":"http:\/\/protocolo.zeus.umh.es\/presentacion\/buzon-de-sugerencias\/"},"modified":"2025-03-17T13:41:45","modified_gmt":"2025-03-17T12:41:45","slug":"buzon-de-sugerencias","status":"publish","type":"page","link":"https:\/\/protocolo.umh.es\/ca\/presentacion\/buzon-de-sugerencias\/","title":{"rendered":"B\u00fastia de Suggeriments"},"content":{"rendered":"<p>Aquesta \u00e9s la p\u00e0gina habilitada perqu\u00e8 ens puga fer arribar els seus suggeriments.<\/p>\n<p>&nbsp;<\/p>\n<p>Per favor, \u00f2mpliga el formulari amb els suggeriments que vullga enviarnos a <a href=\"mailto:protocolo@umh.es\">protocolo@umh.es<\/a>\u00a0i ens posarem en breu en contacte amb vost\u00e9.<\/p>\n<p><a href=\"https:\/\/protocolo.umh.es\/presentacion\/buzon-de-sugerencias\/\"><img loading=\"lazy\" class=\"alignleft\" title=\"MailBox\" alt=\"\" src=\"https:\/\/protocolo.umh.es\/files\/2012\/02\/MailBox-150x150.png\" width=\"141\" height=\"152\" \/><\/a><\/p>\n<ul>\n<li><a href=\"https:\/\/protocolo.umh.es\/files\/2012\/02\/Sugerencias-valenciano.docx\" target=\"_blank\" rel=\"noopener noreferrer\">Formulari de suggeriments.<\/a><\/li>\n<\/ul>\n<p>Gr\u00e0cies per la seua col\u00b7laboraci\u00f3.<\/p>","protected":false},"excerpt":{"rendered":"<p>Aquesta \u00e9s la p\u00e0gina habilitada perqu\u00e8 ens puga fer arribar els seus suggeriments.<br \/>\n&nbsp;<br \/>\nPer favor, \u00f2mpliga el formulari amb els suggeriments que vullga enviarnos a protocolo@umh.es\u00a0i ens posarem en breu en contacte amb vost\u00e9.<\/p>\n<p>Formulari de suggeriments.<\/p>\n<p>Gr\u00e0cies per la seua col\u00b7laboraci\u00f3.<\/p>\n","protected":false},"author":1,"featured_media":0,"parent":3,"menu_order":150,"comment_status":"closed","ping_status":"open","template":"","meta":{"ngg_post_thumbnail":0,"_links_to":"","_links_to_target":""},"_links":{"self":[{"href":"https:\/\/protocolo.umh.es\/ca\/wp-json\/wp\/v2\/pages\/7"}],"collection":[{"href":"https:\/\/protocolo.umh.es\/ca\/wp-json\/wp\/v2\/pages"}],"about":[{"href":"https:\/\/protocolo.umh.es\/ca\/wp-json\/wp\/v2\/types\/page"}],"author":[{"embeddable":true,"href":"https:\/\/protocolo.umh.es\/ca\/wp-json\/wp\/v2\/users\/1"}],"replies":[{"embeddable":true,"href":"https:\/\/protocolo.umh.es\/ca\/wp-json\/wp\/v2\/comments?post=7"}],"version-history":[{"count":0,"href":"https:\/\/protocolo.umh.es\/ca\/wp-json\/wp\/v2\/pages\/7\/revisions"}],"up":[{"embeddable":true,"href":"https:\/\/protocolo.umh.es\/ca\/wp-json\/wp\/v2\/pages\/3"}],"wp:attachment":[{"href":"https:\/\/protocolo.umh.es\/ca\/wp-json\/wp\/v2\/media?parent=7"}],"curies":[{"name":"wp","href":"https:\/\/api.w.org\/{rel}","templated":true}]}}