{"id":4658,"date":"2017-07-31T15:23:50","date_gmt":"2017-07-31T13:23:50","guid":{"rendered":"http:\/\/protocolo.umh.es\/?page_id=4658"},"modified":"2026-02-20T13:40:02","modified_gmt":"2026-02-20T12:40:02","slug":"uso-del-traje-academico","status":"publish","type":"page","link":"https:\/\/protocolo.umh.es\/ca\/solicitud-prestamo-material\/trajes-academicos\/uso-del-traje-academico\/","title":{"rendered":"\u00das del vestit Acad\u00e8mic"},"content":{"rendered":"<p><\/p>\n<p style=\"text-align: center\"><strong>\u00das del Vestit Acad\u00e8mic<\/strong><\/p>\n<p>Amb el prop\u00f2sit de fer un \u00fas adequat del vestit acad\u00e8mic, s&#8217;oferixen les seg\u00fcents indicacions que conv\u00e9 tindre presents:<\/p>\n<p>A) &#8211; Senyors: Vestit fosc, preferentment negre i camisa blanca. Corbat\u00ed blanc o corbata negra, i cal\u00e7at i calcetins negres.<\/p>\n<p>B) &#8211; Senyores: Vaig portar pantalons o falda negra amb camisa blanca. Corbat\u00ed o mocador blanc i sabata negra tancada.<\/p>\n<p><a href=\"https:\/\/protocolo.umh.es\/files\/2017\/07\/Uso-del-Traje-Acad\u00e9mico.pdf\">\u00das del Vestit Acad\u00e8mic<\/a><\/p>\n<p>&nbsp;<\/p>","protected":false},"excerpt":{"rendered":"<p>\u00das del Vestit Acad\u00e8mic<br \/>\nAmb el prop\u00f2sit de fer un \u00fas adequat del vestit acad\u00e8mic, s&#8217;oferixen les seg\u00fcents indicacions que conv\u00e9 tindre presents:<br \/>\nA) &#8211; Senyors: Vestit fosc, preferentment negre i camisa blanca. Corbat\u00ed blanc o corbata negra, i cal\u00e7at i calcetins negres.<br \/>\nB) &#8211; Senyores: Vaig portar pantalons o falda negra amb camisa blanca. Corbat\u00ed o mocador [&#8230;]<\/p>\n","protected":false},"author":3575,"featured_media":0,"parent":115,"menu_order":520,"comment_status":"closed","ping_status":"closed","template":"","meta":{"ngg_post_thumbnail":0,"_links_to":"","_links_to_target":""},"_links":{"self":[{"href":"https:\/\/protocolo.umh.es\/ca\/wp-json\/wp\/v2\/pages\/4658"}],"collection":[{"href":"https:\/\/protocolo.umh.es\/ca\/wp-json\/wp\/v2\/pages"}],"about":[{"href":"https:\/\/protocolo.umh.es\/ca\/wp-json\/wp\/v2\/types\/page"}],"author":[{"embeddable":true,"href":"https:\/\/protocolo.umh.es\/ca\/wp-json\/wp\/v2\/users\/3575"}],"replies":[{"embeddable":true,"href":"https:\/\/protocolo.umh.es\/ca\/wp-json\/wp\/v2\/comments?post=4658"}],"version-history":[{"count":0,"href":"https:\/\/protocolo.umh.es\/ca\/wp-json\/wp\/v2\/pages\/4658\/revisions"}],"up":[{"embeddable":true,"href":"https:\/\/protocolo.umh.es\/ca\/wp-json\/wp\/v2\/pages\/115"}],"wp:attachment":[{"href":"https:\/\/protocolo.umh.es\/ca\/wp-json\/wp\/v2\/media?parent=4658"}],"curies":[{"name":"wp","href":"https:\/\/api.w.org\/{rel}","templated":true}]}}