{"id":43060,"date":"2025-10-29T15:29:52","date_gmt":"2025-10-29T14:29:52","guid":{"rendered":"https:\/\/protocolo.umh.es\/?page_id=43060"},"modified":"2025-10-30T10:31:19","modified_gmt":"2025-10-30T09:31:19","slug":"graduaciones-curso-2024-2025","status":"publish","type":"page","link":"https:\/\/protocolo.umh.es\/ca\/actos\/actos-academicos\/graduaciones\/graduaciones-curso-2024-2025\/","title":{"rendered":"Graduacions Curs 2024-2025"},"content":{"rendered":"<p><\/p>\n<div class=\"col\">1\u2013 GRADUACI\u00d3 EPSE Y LLIURAMENT INSIGNIA<\/div>\n<div class=\"col\">\n<div class=\"text-cuerpo\">\n<p>28 FEBRER\u00a0<em>(<a href=\"https:\/\/comunicacion.umh.es\/2025\/03\/06\/graduacion-del-estudiantado-de-la-escuela-politecnica-superior-de-elche-2\/\">noticia<\/a>)<\/em><\/p>\n<p>2\u2013 GRADUACI\u00d3 DRET SAN RAIMUNDO<br \/>\n28 FEBRER\u00a0<em>(<a href=\"https:\/\/comunicacion.umh.es\/2025\/03\/03\/graduacion-de-diferentes-grados-de-la-facultad-de-ciencias-sociales-y-juridicas-de-elche-2\/\">noticia<\/a>)<\/em><\/p>\n<p>3\u2013 GRADUACI\u00d3 F. CC EXPERIMENTALS<br \/>\n16 MAIG\u00a0<em>(<a href=\"https:\/\/comunicacion.umh.es\/2025\/05\/19\/graduacion-del-estudiantado-de-la-facultad-de-ciencias-experimentales-2\/\">noticia<\/a>)<\/em><\/p>\n<p>4\u2013 GRADUACI\u00d3 PERIODISME, CAU Y CAUP<br \/>\n6 JUNY\u00a0<em>(<a href=\"https:\/\/comunicacion.umh.es\/2025\/06\/11\/graduacion-del-grado-en-comunicacion-audiovisual-y-del-doble-grado-en-comunicacion-audiovisual-y-periodismo-caup\/\">noticia<\/a>)<\/em><\/p>\n<p>5\u2013 GRADUACI\u00d3 EPSO<br \/>\n6 JUNY\u00a0<em>(<a href=\"https:\/\/comunicacion.umh.es\/2025\/06\/09\/graduacion-del-estudiantado-de-la-escuela-politecnica-superior-de-orihuela-4\/\">noticia<\/a>)<\/em><\/p>\n<p>6\u2013GRADUACI\u00d3 TERAPIA OCUPACIONAL<br \/>\n7 JUNY<em>\u00a0(<a href=\"https:\/\/comunicacion.umh.es\/2025\/06\/13\/graduacion-de-la-xii-promocion-del-grado-en-terapia-ocupacional\/\">noticia<\/a>)<\/em><\/p>\n<p>7\u2013 GRADUACI\u00d3 ADE, DADE, ESTAD\u00cdSTICA EMPRESARIAL Y RRLL Y RRHH<br \/>\n12 JUNY<em>\u00a0(<a href=\"https:\/\/fcsjelche.umh.es\/2025\/06\/15\/graduacion-en-la-facultad-de-ciencias-sociales-y-juridicas-de-elche-una-tarde-para-recordar\/\">noticia<\/a>)<\/em><\/p>\n<p>8\u2013 GRADUACI\u00d3 PSICOLOG\u00cdA<br \/>\n13 JUNY\u00a0<em>(<a href=\"https:\/\/comunicacion.umh.es\/2025\/06\/17\/graduacion-de-la-xii-promocion-del-grado-en-psicologia\/\">noticia<\/a>)<\/em><\/p>\n<p>9\u2013GRADUACI\u00d3 FISIOTERAPIA<br \/>\n14 JUNY\u00a0<em>(<a href=\"https:\/\/comunicacion.umh.es\/2025\/07\/07\/graduacion-de-la-xii-promocion-del-grado-en-fisioterapia\/\">noticia<\/a>)<\/em><\/p>\n<p>10\u2013 GRADUACI\u00d3 PODOLOG\u00cdA<br \/>\n14 JUNY<em>\u00a0(<a href=\"https:\/\/comunicacion.umh.es\/2025\/06\/18\/graduacion-de-la-xii-promocion-del-grado-en-podologia\/\">noticia<\/a>)<\/em><\/p>\n<p>11\u2013 GRADUACI\u00d3 MEDICINA<br \/>\n15 JUNY<em>\u00a0(noticia)<\/em><\/p>\n<p>12\u2013GRADUACI\u00d3 M\u00c1STER TERAPIA PSICOL\u00d3GICA AMB\u00a0 XIQUETS I ADOLESCENTS<br \/>\n19 JUNY\u00a0<em>(<a href=\"https:\/\/comunicacion.umh.es\/2025\/06\/19\/graduacion-de-la-15a-promocion-del-master-en-terapia-psicologica-con-ninos-y-adolescentes\/\" target=\"_blank\" rel=\"noopener\">noticia<\/a>)<\/em><\/p>\n<p>13\u2013 GRADUACI\u00d3 CAFD<br \/>\n20 JUNY\u00a0<em>(<a href=\"https:\/\/comunicacion.umh.es\/2025\/06\/23\/graduacion-de-la-xii-promocion-del-grado-en-ciencias-de-la-actividad-fisica-y-del-deporte\/\">noticia<\/a>)<\/em><\/p>\n<p>14\u2013GRADUACI\u00d3 M\u00c1STER ESTAD\u00cdSTICA COMPUTACIONAL CC DADES<br \/>\n27 JUNY\u00a0<em>(<a href=\"https:\/\/comunicacion.umh.es\/2025\/07\/01\/graduacion-de-la-iii-promocion-del-master-universitario-en-estadistica-computacional-y-ciencia-de-datos-para-la-toma-de-decisiones\/\">noticia<\/a>)<\/em><\/p>\n<p>15\u2013GRADUACI\u00d3 M\u00c1STER PROFESORAT<br \/>\n4 JULIOL\u00a0<em>(<a href=\"https:\/\/comunicacion.umh.es\/2025\/07\/08\/graduacion-de-la-segunda-edicion-del-master-universitario-en-formacion-del-profesorado\/\">noticia<\/a>)<\/em><\/p>\n<p>16\u2013GRADUACI\u00d3 M\u00c1STER RRHH, TREBALL I ORGANIZACIONS MARTHO<br \/>\n4 JULIOL (<em><a href=\"https:\/\/comunicacion.umh.es\/2025\/07\/17\/graduacion-de-la-xvii-promocion-del-master-en-gestion-de-recursos-humanos-trabajo-y-organizaciones\/\" target=\"_blank\" rel=\"noopener\">noticia<\/a><\/em>)<\/p>\n<p>17- GRADUACI\u00d3 GRADO EN FARMACIA<br \/>\n5 JULIOL (<em>noticia<\/em>)<\/p>\n<p>18\u2013 GRADUACI\u00d3 M\u00c1STER EN NANOTIENDA<br \/>\n7 JULIOL\u00a0<em>(<a href=\"https:\/\/comunicacion.umh.es\/2025\/07\/09\/graduacion-del-alumnado-del-certificado-de-formacion-permanente-en-almacen-y-venta-online\/\">noticia<\/a>)<\/em><\/p>\n<p>19\u2013GRADUACI\u00d3 M\u00c1STER MBA<br \/>\n18 JULIOL (<a href=\"https:\/\/comunicacion.umh.es\/2025\/07\/21\/graduacion-de-la-xxii-promocion-del-master-universitario-en-administracion-y-direccion-de-empresas-mba\/\"><em>noticia<\/em><\/a>)<\/p>\n<\/div>\n<\/div>\n<p><\/p>","protected":false},"excerpt":{"rendered":"<p>1\u2013 GRADUACI\u00d3 EPSE Y LLIURAMENT INSIGNIA<\/p>\n<p>28 FEBRER\u00a0(noticia)<br \/>\n2\u2013 GRADUACI\u00d3 DRET SAN RAIMUNDO<br \/>\n28 FEBRER\u00a0(noticia)<br \/>\n3\u2013 GRADUACI\u00d3 F. CC EXPERIMENTALS<br \/>\n16 MAIG\u00a0(noticia)<br \/>\n4\u2013 GRADUACI\u00d3 PERIODISME, CAU Y CAUP<br \/>\n6 JUNY\u00a0(noticia)<br \/>\n5\u2013 GRADUACI\u00d3 EPSO<br \/>\n6 JUNY\u00a0(noticia)<br \/>\n6\u2013GRADUACI\u00d3 TERAPIA OCUPACIONAL<br \/>\n7 JUNY\u00a0(noticia)<br \/>\n7\u2013 GRADUACI\u00d3 ADE, DADE, ESTAD\u00cdSTICA EMPRESARIAL Y RRLL Y RRHH<br \/>\n12 JUNY\u00a0(noticia)<br \/>\n8\u2013 GRADUACI\u00d3 PSICOLOG\u00cdA<br \/>\n13 JUNY\u00a0(noticia)<br \/>\n9\u2013GRADUACI\u00d3 FISIOTERAPIA<br \/>\n14 JUNY\u00a0(noticia)<br \/>\n10\u2013 GRADUACI\u00d3 PODOLOG\u00cdA<br \/>\n14 JUNY\u00a0(noticia)<br \/>\n11\u2013 GRADUACI\u00d3 MEDICINA<br \/>\n15 JUNY\u00a0(noticia)<br \/>\n12\u2013GRADUACI\u00d3 M\u00c1STER TERAPIA PSICOL\u00d3GICA AMB\u00a0 XIQUETS [&#8230;]<\/p>\n","protected":false},"author":6317,"featured_media":0,"parent":119,"menu_order":0,"comment_status":"closed","ping_status":"closed","template":"","meta":{"ngg_post_thumbnail":0,"_links_to":"","_links_to_target":""},"_links":{"self":[{"href":"https:\/\/protocolo.umh.es\/ca\/wp-json\/wp\/v2\/pages\/43060"}],"collection":[{"href":"https:\/\/protocolo.umh.es\/ca\/wp-json\/wp\/v2\/pages"}],"about":[{"href":"https:\/\/protocolo.umh.es\/ca\/wp-json\/wp\/v2\/types\/page"}],"author":[{"embeddable":true,"href":"https:\/\/protocolo.umh.es\/ca\/wp-json\/wp\/v2\/users\/6317"}],"replies":[{"embeddable":true,"href":"https:\/\/protocolo.umh.es\/ca\/wp-json\/wp\/v2\/comments?post=43060"}],"version-history":[{"count":0,"href":"https:\/\/protocolo.umh.es\/ca\/wp-json\/wp\/v2\/pages\/43060\/revisions"}],"up":[{"embeddable":true,"href":"https:\/\/protocolo.umh.es\/ca\/wp-json\/wp\/v2\/pages\/119"}],"wp:attachment":[{"href":"https:\/\/protocolo.umh.es\/ca\/wp-json\/wp\/v2\/media?parent=43060"}],"curies":[{"name":"wp","href":"https:\/\/api.w.org\/{rel}","templated":true}]}}