{"id":38119,"date":"2024-10-31T13:04:12","date_gmt":"2024-10-31T12:04:12","guid":{"rendered":"https:\/\/protocolo.umh.es\/?page_id=38119"},"modified":"2026-02-18T13:37:25","modified_gmt":"2026-02-18T12:37:25","slug":"calendario-de-congresos-2025","status":"publish","type":"page","link":"https:\/\/protocolo.umh.es\/ca\/congresos-2\/calendario-de-congresos-2025\/","title":{"rendered":"Calendari de Congressos 2025"},"content":{"rendered":"<p><strong>Congr\u00e9s d&#8217;Estudiants:<\/strong><\/p>\n<p><strong>1<\/strong>.\u2013 XXII CNEP Congr\u00e9s Nacional d&#8217;Estudiants de Psicologia.<br \/>\n10 I 11 ABRIL( <strong><a href=\"https:\/\/cnepumh.com\/\">https:\/\/cnepumh.com\/<\/a><\/strong> )<\/p>\n<p><span style=\"font-weight: 400\"><strong>2<\/strong>.\u2013<\/span>XIV Congr\u00e9s Internacional d&#8217;Estudiants de Ter\u00e0pia Ocupacional.<br \/>\n07,08 I 09 MAIG (<strong><a href=\"https:\/\/congresoterapiaocupacional.umh.es\/\">https:\/\/congresoterapiaocupacional.umh.es\/<\/a><\/strong> )<\/p>\n<p><span style=\"font-weight: 400\"><strong>3<\/strong>.\u2013 XV Congr\u00e9s Internacional de Fisioter\u00e0pia de la Universitat Miguel Hern\u00e1ndez.<br \/>\n<\/span><span style=\"font-weight: 400\">(<\/span><strong><a href=\"https:\/\/congresofisioterapiaumh.es\/2024\/\">https:\/\/congresofisioterapiaumh.es\/2024\/<\/a><\/strong><span style=\"font-weight: 400\"> )<\/span><\/p>\n<p><span style=\"font-weight: 400\"><strong>4<\/strong>.\u2013<\/span>XVIII Congr\u00e9s Nacional d&#8217;Estudiants de Podologia.<br \/>\n08, 09 I 10 MAIG (<strong><a href=\"https:\/\/congresopodologia.umh.es\/\">https:\/\/congresopodologia.umh.es\/<\/a><\/strong>)<\/p>\n<p><span style=\"font-weight: 400\"><strong>5<\/strong>.-<\/span>XXI Congr\u00e9s Nacional Farmac\u00e8utic<br \/>\n14, 15 i 16 octubre 2025 (<a href=\"https:\/\/cefa.umh.es\/\"><strong>https:\/\/cefa.umh.es<\/strong>\/<\/a>)<span style=\"font-weight: 400\">\u00a0<\/span><\/p>\n<p><span style=\"font-weight: 400\"><strong>6<\/strong>.-<\/span>CNEM Congr\u00e9s Nacional d&#8217;Estudiants de Medicina i International Editio<br \/>\n29, 30, 31 octubre 2025 (presencial), 27 octubre 2025 (internacional, en l\u00ednia)<\/p>\n<p>&nbsp;<\/p>\n<p><b>Congr\u00e9s Cientific:\u00a0<\/b><\/p>\n<p><span style=\"font-weight: 400\"><strong>1<\/strong>.\u2013<\/span>III CIMASCIGUAL Congr\u00e9s Internacional sobre Masculinitats i Igualtat.<br \/>\n03, 04 I 05 D&#8217;ABRIL( <strong><a href=\"https:\/\/congresomasculinidades3.umh.es\/\">https:\/\/congresomasculinidades3.umh.es\/<\/a><\/strong> )<\/p>","protected":false},"excerpt":{"rendered":"<p>Congr\u00e9s d&#8217;Estudiants:<br \/>\n1.\u2013 XXII CNEP Congr\u00e9s Nacional d&#8217;Estudiants de Psicologia.<br \/>\n10 I 11 ABRIL( https:\/\/cnepumh.com\/ )<br \/>\n2.\u2013XIV Congr\u00e9s Internacional d&#8217;Estudiants de Ter\u00e0pia Ocupacional.<br \/>\n07,08 I 09 MAIG (https:\/\/congresoterapiaocupacional.umh.es\/ )<br \/>\n3.\u2013 XV Congr\u00e9s Internacional de Fisioter\u00e0pia de la Universitat Miguel Hern\u00e1ndez.<br \/>\n(https:\/\/congresofisioterapiaumh.es\/2024\/ )<br \/>\n4.\u2013XVIII Congr\u00e9s Nacional d&#8217;Estudiants de Podologia.<br \/>\n08, 09 I 10 MAIG (https:\/\/congresopodologia.umh.es\/)<br \/>\n5.-XXI Congr\u00e9s Nacional Farmac\u00e8utic<br \/>\n14, 15 i 16 octubre 2025 (https:\/\/cefa.umh.es\/)\u00a0<br \/>\n6.-CNEM [&#8230;]<\/p>\n","protected":false},"author":29887,"featured_media":0,"parent":27871,"menu_order":0,"comment_status":"closed","ping_status":"closed","template":"","meta":{"ngg_post_thumbnail":0,"_links_to":"","_links_to_target":""},"_links":{"self":[{"href":"https:\/\/protocolo.umh.es\/ca\/wp-json\/wp\/v2\/pages\/38119"}],"collection":[{"href":"https:\/\/protocolo.umh.es\/ca\/wp-json\/wp\/v2\/pages"}],"about":[{"href":"https:\/\/protocolo.umh.es\/ca\/wp-json\/wp\/v2\/types\/page"}],"author":[{"embeddable":true,"href":"https:\/\/protocolo.umh.es\/ca\/wp-json\/wp\/v2\/users\/29887"}],"replies":[{"embeddable":true,"href":"https:\/\/protocolo.umh.es\/ca\/wp-json\/wp\/v2\/comments?post=38119"}],"version-history":[{"count":0,"href":"https:\/\/protocolo.umh.es\/ca\/wp-json\/wp\/v2\/pages\/38119\/revisions"}],"up":[{"embeddable":true,"href":"https:\/\/protocolo.umh.es\/ca\/wp-json\/wp\/v2\/pages\/27871"}],"wp:attachment":[{"href":"https:\/\/protocolo.umh.es\/ca\/wp-json\/wp\/v2\/media?parent=38119"}],"curies":[{"name":"wp","href":"https:\/\/api.w.org\/{rel}","templated":true}]}}