{"id":38087,"date":"2024-10-22T14:59:57","date_gmt":"2024-10-22T12:59:57","guid":{"rendered":"https:\/\/protocolo.umh.es\/?page_id=38087"},"modified":"2026-02-12T11:59:00","modified_gmt":"2026-02-12T10:59:00","slug":"morera","status":"publish","type":"page","link":"https:\/\/protocolo.umh.es\/ca\/jardin-de-los-honoris\/morera\/","title":{"rendered":"Morera"},"content":{"rendered":"<p><strong data-start=\"86\" data-end=\"99\">Nom com\u00fa:<\/strong> Morera del paper o mora turca<br data-start=\"129\" data-end=\"132\" \/><strong data-start=\"132\" data-end=\"150\">Nom cient\u00edfic:<\/strong> <em data-start=\"151\" data-end=\"176\">Broussonetia papyrifera<\/em><br data-start=\"176\" data-end=\"179\" \/><strong data-start=\"179\" data-end=\"197\">Honoris Causa:<\/strong><\/p>\n<p><a href=\"https:\/\/protocolo.umh.es\/files\/2024\/10\/1.png\"><img loading=\"lazy\" class=\"alignnone size-medium wp-image-38093\" src=\"https:\/\/protocolo.umh.es\/files\/2024\/10\/1-227x300.png\" alt=\"\" width=\"227\" height=\"300\" srcset=\"https:\/\/protocolo.umh.es\/files\/2024\/10\/1-227x300.png 227w, https:\/\/protocolo.umh.es\/files\/2024\/10\/1.png 606w\" sizes=\"(max-width: 227px) 100vw, 227px\" \/><\/a> <a href=\"https:\/\/protocolo.umh.es\/files\/2024\/10\/2.png\"><img loading=\"lazy\" class=\"alignnone size-medium wp-image-38096\" src=\"https:\/\/protocolo.umh.es\/files\/2024\/10\/2-300x205.png\" alt=\"\" width=\"300\" height=\"205\" srcset=\"https:\/\/protocolo.umh.es\/files\/2024\/10\/2-300x205.png 300w, https:\/\/protocolo.umh.es\/files\/2024\/10\/2.png 598w\" sizes=\"(max-width: 300px) 100vw, 300px\" \/><\/a><\/p>\n<p>&nbsp;<\/p>\n<p>ORIGEN: Xina, Jap\u00f3, Taiwan i Mal\u00e0isia.<\/p>\n<p>CARACTER\u00cdSTIQUES:<\/p>\n<p>Arbre dioic caducifoli que pot arribar als 15 m d\u2019altura.<br \/>\nLes fulles varien de forma (fins i tot en la mateixa branca), simples, ovades i cordiformes fins a profundament lobulades (les lobulades apareixen m\u00e9s freq\u00fcentment en exemplars joves de creixement r\u00e0pid), de 7 a 20 cm de llarg\u00e0ria, feix aspre i revers pil\u00f3s, amb vores finament serrades.<\/p>\n<p>Les flors masculines (estamin\u00edferes) naixen en una infloresc\u00e8ncia de forma oblonga i les femenines (pistil\u00b7lades) en una de forma globular. A l\u2019estiu, les infloresc\u00e8ncies femenines es transformen en un fruit comestible, dol\u00e7 i suc\u00f3s (per\u00f2 massa fr\u00e0gil per a la seua comercialitzaci\u00f3), de color taronja rogenc i d\u2019uns 3 a 4 cm de di\u00e0metre, que constitueix una font d\u2019alimentaci\u00f3 important per a la fauna silvestre.<\/p>\n<p>CURIOSITATS:<\/p>\n<p>L\u2019escor\u00e7a est\u00e0 composta per fibres molt resistents, de les quals s\u2019extrauen fibres amb caracter\u00edstiques morfol\u00f2giques semblants a les del lli i el c\u00e0nem, per la qual cosa s\u2019utilitza per a fabricar paper d\u2019alta qualitat, especialment paper fet a m\u00e0.<\/p>\n<p>L\u2019any 105 dC, el senyor T\u2019sai Lun, que era un funcionari de l\u2019emperador xin\u00e8s Ho Ti, va fabricar per primera vegada paper a partir d\u2019una pasta vegetal elaborada amb fibres de canya de bamb\u00fa, morera i altres plantes, donant origen al paper que coneixem hui. T\u2019sai Lun va emprendre aquesta tasca per ordre expressa de l\u2019emperador, que li va manar buscar nous materials sobre els quals es poguera escriure. Durant 500 anys, la t\u00e8cnica d\u2019elaboraci\u00f3 del paper va pert\u00e0nyer nom\u00e9s als xinesos, que la van guardar gelosament durant tot aquell llarg per\u00edode.<\/p>\n<p>USOS:<\/p>\n<p>Els brots i les fulles tendres s\u2019utilitzen per a alimentar els c\u00e9rvols.<\/p>\n<p>A les illes Fiji, on aquesta esp\u00e8cie va ser introdu\u00efda durant els viatges migratoris, l\u2019escor\u00e7a s\u2019utilitza per a elaborar teixits anomenats masi, que es tenyeixen i es decoren amb motius tradicionals i es confeccionen peces de roba utilitzades en moltes cerim\u00f2nies, incloses noces, funerals i naixements.<\/p>","protected":false},"excerpt":{"rendered":"<p>Nom com\u00fa: Morera del paper o mora turcaNom cient\u00edfic: Broussonetia papyriferaHonoris Causa:<\/p>\n<p>&nbsp;<br \/>\nORIGEN: Xina, Jap\u00f3, Taiwan i Mal\u00e0isia.<br \/>\nCARACTER\u00cdSTIQUES:<br \/>\nArbre dioic caducifoli que pot arribar als 15 m d\u2019altura.<br \/>\nLes fulles varien de forma (fins i tot en la mateixa branca), simples, ovades i cordiformes fins a profundament lobulades (les lobulades apareixen m\u00e9s freq\u00fcentment en exemplars joves de [&#8230;]<\/p>\n","protected":false},"author":617,"featured_media":0,"parent":25517,"menu_order":26,"comment_status":"closed","ping_status":"closed","template":"","meta":{"ngg_post_thumbnail":0,"_links_to":"","_links_to_target":""},"_links":{"self":[{"href":"https:\/\/protocolo.umh.es\/ca\/wp-json\/wp\/v2\/pages\/38087"}],"collection":[{"href":"https:\/\/protocolo.umh.es\/ca\/wp-json\/wp\/v2\/pages"}],"about":[{"href":"https:\/\/protocolo.umh.es\/ca\/wp-json\/wp\/v2\/types\/page"}],"author":[{"embeddable":true,"href":"https:\/\/protocolo.umh.es\/ca\/wp-json\/wp\/v2\/users\/617"}],"replies":[{"embeddable":true,"href":"https:\/\/protocolo.umh.es\/ca\/wp-json\/wp\/v2\/comments?post=38087"}],"version-history":[{"count":0,"href":"https:\/\/protocolo.umh.es\/ca\/wp-json\/wp\/v2\/pages\/38087\/revisions"}],"up":[{"embeddable":true,"href":"https:\/\/protocolo.umh.es\/ca\/wp-json\/wp\/v2\/pages\/25517"}],"wp:attachment":[{"href":"https:\/\/protocolo.umh.es\/ca\/wp-json\/wp\/v2\/media?parent=38087"}],"curies":[{"name":"wp","href":"https:\/\/api.w.org\/{rel}","templated":true}]}}