{"id":35658,"date":"2024-05-03T10:17:17","date_gmt":"2024-05-03T08:17:17","guid":{"rendered":"https:\/\/protocolo.umh.es\/?page_id=35658"},"modified":"2025-10-03T14:56:33","modified_gmt":"2025-10-03T12:56:33","slug":"proteccion-de-datos-proteccio-de-dades","status":"publish","type":"page","link":"https:\/\/protocolo.umh.es\/ca\/documentacion-2\/proteccion-de-datos-proteccio-de-dades\/","title":{"rendered":"Protecci\u00f3 de dades"},"content":{"rendered":"<p><\/p>\n<p style=\"text-align: justify\"><strong>Protecci\u00f3 de dades<\/strong><\/p>\n<div style=\"text-align: justify\">D&#8217;acord amb el que es disposa en el Reglament (UE) 2016\/679 del Parlament Europeu i del Consell, de 27 d&#8217;abril de 2016, relatiu a la protecci\u00f3 de les persones f\u00edsiques quant al tractament de dades personals i a la lliure circulaci\u00f3 d&#8217;estes dades, aix\u00ed com en la Llei org\u00e0nica 3\/2018, de 5 de desembre, de Protecci\u00f3 de Dades Personals i garantia dels drets digitals, s&#8217;informa els interessats que les dades de car\u00e0cter personal aportats seran tractats per la Universitat Miguel Hern\u00e1ndez d&#8217;Elx com a Responsable del Tractament, sobre la base de l&#8217;inter\u00e9s p\u00fablic amb la finalitat de tramitar i gestionar la seua sol\u00b7licitud. Les dades de car\u00e0cter personal aportats nom\u00e9s es conservaran durant el temps necessari per a complir amb la finalitat per a la qual s&#8217;ha recaptat i per a determinar les possibles responsabilitats que es van poder derivar d&#8217;esta finalitat i del tractament de les dades. Ser\u00e0 aplicable la normativa d&#8217;arxius i patrimoni documental espanyol. Aix\u00ed mateix, s&#8217;informa l&#8217;interessat que no es comunicaran les dades a tercers, excepte obligaci\u00f3 legal.<br \/>\nL&#8217;interessat podr\u00e0 exercitar els seus drets d&#8217;acc\u00e9s, rectificaci\u00f3, oposici\u00f3, supressi\u00f3, portabilitat i limitaci\u00f3 del tractament, aix\u00ed com a no ser objecte de decisions basades \u00fanicament en el tractament automatitzat de les seues dades. Els drets podran ser exercitats de la manera seg\u00fcent: per seu electr\u00f2nica (<a href=\"https:\/\/sede.umh.es\/\">sede.umh.es<\/a>), per escrit en la Universitat Miguel Hern\u00e1ndez d&#8217;Elx, a l&#8217;atenci\u00f3 de la Delegada de Protecci\u00f3 de Dades, Edifici Rectorat i Consell Social, Av. de la Universitat s\/n, 03020 Elx.<\/div>\n<div><\/div>\n<div style=\"text-align: justify\">Aix\u00ed mateix, l&#8217;interessat t\u00e9 dret a presentar una reclamaci\u00f3 davant l&#8217;Autoritat de control\u00a0(<a href=\"https:\/\/www.aepd.es\/\">www.aepd.es<\/a>) si considera que el tractament no s&#8217;ajusta a la normativa vigent. Per a m\u00e9s informaci\u00f3, l&#8217;interessat es podr\u00e0 dirigir a <a href=\"mailto:dpd@umh.es\">dpd@umh.es<\/a>.<\/div>\n<p><\/p>","protected":false},"excerpt":{"rendered":"<p>Protecci\u00f3 de dades<br \/>\nD&#8217;acord amb el que es disposa en el Reglament (UE) 2016\/679 del Parlament Europeu i del Consell, de 27 d&#8217;abril de 2016, relatiu a la protecci\u00f3 de les persones f\u00edsiques quant al tractament de dades personals i a la lliure circulaci\u00f3 d&#8217;estes dades, aix\u00ed com en la Llei org\u00e0nica 3\/2018, de 5 de [&#8230;]<\/p>\n","protected":false},"author":3285,"featured_media":0,"parent":91,"menu_order":9,"comment_status":"closed","ping_status":"closed","template":"","meta":{"ngg_post_thumbnail":0,"_links_to":"","_links_to_target":""},"_links":{"self":[{"href":"https:\/\/protocolo.umh.es\/ca\/wp-json\/wp\/v2\/pages\/35658"}],"collection":[{"href":"https:\/\/protocolo.umh.es\/ca\/wp-json\/wp\/v2\/pages"}],"about":[{"href":"https:\/\/protocolo.umh.es\/ca\/wp-json\/wp\/v2\/types\/page"}],"author":[{"embeddable":true,"href":"https:\/\/protocolo.umh.es\/ca\/wp-json\/wp\/v2\/users\/3285"}],"replies":[{"embeddable":true,"href":"https:\/\/protocolo.umh.es\/ca\/wp-json\/wp\/v2\/comments?post=35658"}],"version-history":[{"count":0,"href":"https:\/\/protocolo.umh.es\/ca\/wp-json\/wp\/v2\/pages\/35658\/revisions"}],"up":[{"embeddable":true,"href":"https:\/\/protocolo.umh.es\/ca\/wp-json\/wp\/v2\/pages\/91"}],"wp:attachment":[{"href":"https:\/\/protocolo.umh.es\/ca\/wp-json\/wp\/v2\/media?parent=35658"}],"curies":[{"name":"wp","href":"https:\/\/api.w.org\/{rel}","templated":true}]}}