{"id":33376,"date":"2023-09-05T13:10:21","date_gmt":"2023-09-05T11:10:21","guid":{"rendered":"https:\/\/protocolo.umh.es\/?page_id=33376"},"modified":"2026-02-12T11:05:06","modified_gmt":"2026-02-12T10:05:06","slug":"jacaranda-mimosifolia","status":"publish","type":"page","link":"https:\/\/protocolo.umh.es\/ca\/jardin-de-los-honoris\/jacaranda-mimosifolia\/","title":{"rendered":"Jacaranda"},"content":{"rendered":"<p><\/p>\n<div id=\"attachment_170355\" class=\"wp-caption alignnone\" style=\"width: 448px\">\n<ul>\n<li>Nom com\u00fa: Jacaranda<\/li>\n<li>Nom cient\u00edfic: Jacaranda mimosifolia D. Don, 1822<\/li>\n<li>Honoris Causa: <span style=\"color: #808000\"> <a href=\"https:\/\/protocolo.umh.es\/2020\/01\/27\/la-umh-celebra-santo-tomas-de-aquino-con-la-investidura-como-doctor-honoris-causa-de-ramon-lobo\/\">Ram\u00f3n Lobo Leyder (28\/01\/2020)<\/a><\/span><\/li>\n<\/ul>\n<p><a href=\"https:\/\/protocolo.umh.es\/files\/2023\/12\/Jacaranda-mimosifolia.jpg\"><img loading=\"lazy\" class=\"alignnone size-full wp-image-33493\" src=\"https:\/\/protocolo.umh.es\/files\/2023\/12\/Jacaranda-mimosifolia.jpg\" alt=\"\" width=\"297\" height=\"297\" srcset=\"https:\/\/protocolo.umh.es\/files\/2023\/12\/Jacaranda-mimosifolia.jpg 297w, https:\/\/protocolo.umh.es\/files\/2023\/12\/Jacaranda-mimosifolia-150x150.jpg 150w\" sizes=\"(max-width: 297px) 100vw, 297px\" \/><\/a><\/p>\n<\/div>\n<p data-start=\"274\" data-end=\"298\"><strong data-start=\"274\" data-end=\"285\">ORIGEN:<\/strong> Sud-am\u00e8rica.<\/p>\n<p data-start=\"300\" data-end=\"321\"><strong data-start=\"300\" data-end=\"321\">CARACTER\u00cdSTIQUES:<\/strong><\/p>\n<p data-start=\"323\" data-end=\"679\">Excel\u00b7lent arbre per a jardins, en alineacions o com a exemplar \u00fanic.<br data-start=\"392\" data-end=\"395\" \/>Tard\u00edament caduc o semipersistent.<br data-start=\"429\" data-end=\"432\" \/>Les flors s\u00f3n molt belles, de color blav\u00f3s o morat, de forma acampanada i de gran grand\u00e0ria (aproximadament 10 cm).<br data-start=\"547\" data-end=\"550\" \/>Primer es poden observar les flors a l\u2019abril-maig, que cauen deixant l\u2019arbre nu o quasi nu, i posteriorment apareixen les fulles.<\/p>\n<p data-start=\"681\" data-end=\"697\"><strong data-start=\"681\" data-end=\"697\">CURIOSITATS:<\/strong><\/p>\n<p data-start=\"699\" data-end=\"972\">La can\u00e7\u00f3 de Mar\u00eda Elena Walsh diu aix\u00ed: \u201cA l\u2019est i a l\u2019oest \/ plou i plour\u00e0 \/ una flor i una altra flor blava \/ de la jacaranda\u201d.<br data-start=\"828\" data-end=\"831\" \/><em data-start=\"831\" data-end=\"842\">Jacaranda<\/em> en guaran\u00ed significa \u201cfusta dura\u201d.<br data-start=\"877\" data-end=\"880\" \/>Amb \u201cmimosifolia\u201d es fa refer\u00e8ncia a les mimoses perqu\u00e8 les seues fulles s\u00f3n molt semblants.<\/p>\n<p data-start=\"974\" data-end=\"983\"><strong data-start=\"974\" data-end=\"983\">USOS:<\/strong><\/p>\n<p data-start=\"985\" data-end=\"1295\"><strong data-start=\"985\" data-end=\"1000\">ORNAMENTAL:<\/strong> Arbre de gran bellesa i rusticitat.<br data-start=\"1036\" data-end=\"1039\" \/><strong data-start=\"1039\" data-end=\"1052\">FORESTAL:<\/strong> La seua fusta s\u2019utilitza per a fabricar mobles, revestiments, etc., ja que \u00e9s una fusta f\u00e0cil de treballar i de bona qualitat.<br data-start=\"1179\" data-end=\"1182\" \/><strong data-start=\"1182\" data-end=\"1196\">DECORACI\u00d3:<\/strong> Els seus fruits, amb forma de castanyola, s\u2019utilitzen per a fer clauers, moneders, arracades, etc.<\/p>\n<p>Jacaranda mimosifolia D. Don \u00e9s una esp\u00e8cie origin\u00e0ria de l\u2019Argentina, Bol\u00edvia i el Paraguai, coneguda comunament com a jacaranda o arbre lila.<\/p>\n<p>El terme gen\u00e8ric Jacaranda \u00e9s la llatinitzaci\u00f3 del nom ind\u00edgena d\u2019aquestes plantes en la llengua tup\u00ed-guaran\u00ed de les tribus de l\u2019Amazones. El terme espec\u00edfic fa refer\u00e8ncia a la morfologia de les fulles, que recorden a les de la mimosa.<\/p>\n<p>\u00c9s un arbre, a vegades arbustiu, semi-perenne, de 8-20 m d\u2019altura, fins a 30 m en la seua regi\u00f3 d\u2019origen, de tronc erecte i branques robustes. Les fulles s\u00f3n elegants, de color verd brillant, de fins a 45 cm de llarg, compostes, bipinnades, amb pinyes imparipinnades formades per nombrosos parells (13-41) de fol\u00edols s\u00e8ssils, d\u2019\u00e0pex mucronat, ovato-lanceolats, el\u00b7l\u00edptics o oblong-el\u00b7l\u00edptics, de 3\u201312 \u00d7 1\u20134 mm, i de 25 \u00d7 7 mm els terminals. Romanen a la planta fins al desembre-gener.<\/p>\n<p>Les fulles, de fins a 45 cm de llarg, s\u00f3n compostes, bipinnades, d\u2019un bonic verd brillant. Les infloresc\u00e8ncies, en denses pan\u00edcules terminals, mesuren fins a 16 cm.<\/p>\n<p>Les flors, de color blau violeta, s\u00f3n hermafrodites, zigomorfes, pedicel\u00b7lades i pent\u00e0meres. Es reuneixen en pan\u00edcules terminals erectes, de fins a 16 cm de llarg. El calze \u00e9s gamos\u00e8pal, campanulat, de 3-4 mm de llarg, amb dents de \u00b1 1 mm. La corol\u00b7la \u00e9s gamop\u00e8tala, tubular-ventricosa, bilabiada, amb el llavi superior trilobulat i el llavi inferior bilobulat. Els estams s\u00f3n quatre, lliures. Com en les altres esp\u00e8cies del g\u00e8nere Jacaranda, la flor t\u00e9 un estaminodi pil\u00f3s m\u00e9s gran que els altres estams (de 3 a 3,5 cm de longitud). El gineceu \u00e9s sinc\u00e0rp, amb ovari s\u00faper, bicarpel\u00b7lar i bilocular.<\/p>\n<p>Els fruits s\u00f3n c\u00e0psules grans llenyoses, globoso-ovoides, de 3,2-6 \u00d7 3,7-6 cm, comprimides, amb marge ondulat, dehiscents. Maduren a la tardor-hivern i persisteixen a la planta durant molt de temps. S\u00f3n de color cuir i contenen nombroses llavors alades de 9\u201317 \u00d7 11\u201317 mm.<\/p>\n<p>J. mimosifolia \u00e9s una planta bastant sensible al fred, nom\u00e9s creix a l\u2019aire lliure en regions amb un clima temperat, resistint nom\u00e9s durant breus per\u00edodes temperatures properes als 0 \u00b0C. Prefereix exposicions assolellades amb s\u00f2l ben drenat.<\/p>\n<div id=\"attachment_170364\" class=\"wp-caption alignnone\" style=\"width: 310px\"><img loading=\"lazy\" class=\"wp-image-170364 \" title=\"Jacaranda mimosifolia, Bignoniaceae\" src=\"https:\/\/www.monaconatureencyclopedia.com\/wp-content\/uploads\/2020\/08\/3-Jacaranda-mimosifolia.jpg\" alt=\"Jacaranda mimosifolia, Bignoniaceae\" width=\"310\" height=\"220\" aria-describedby=\"caption-attachment-170364\" \/><\/div>\n<p>Per la seua vistosa i intensa floraci\u00f3 i pel seu bonic fullatge es cultiva en avingudes urbanes, en parcs i jardins i no requereix cures especials, ja que \u00e9s una planta resistent i de creixement molt r\u00e0pid. En regions de clima rigor\u00f3s, els exemplars joves de J. mimosifolia es poden cultivar en test i mantindre\u2019s a l\u2019interior. Es multiplica per llavor a la primavera; cal recordar que les llavors s\u00f3n recalcitrants, \u00e9s a dir, han de germinar necess\u00e0riament en poc de temps, sin\u00f3 perden la capacitat de germinaci\u00f3. La seua multiplicaci\u00f3 \u00e9s m\u00e9s f\u00e0cil per esqueixos semillenosos a l\u2019estiu (juny-juliol).<\/p>\n<p>Aquesta esp\u00e8cie proporciona una fusta compacta, dura i f\u00e0cil de treballar, apreciada per al treball de torn i marqueteria, coneguda com a fals palissandre.<\/p>","protected":false},"excerpt":{"rendered":"<p>Nom com\u00fa: Jacaranda<br \/>\nNom cient\u00edfic: Jacaranda mimosifolia D. Don, 1822<br \/>\nHonoris Causa:  Ram\u00f3n Lobo Leyder (28\/01\/2020)<\/p>\n<p>ORIGEN: Sud-am\u00e8rica.<br \/>\nCARACTER\u00cdSTIQUES:<br \/>\nExcel\u00b7lent arbre per a jardins, en alineacions o com a exemplar \u00fanic.Tard\u00edament caduc o semipersistent.Les flors s\u00f3n molt belles, de color blav\u00f3s o morat, de forma acampanada i de gran grand\u00e0ria (aproximadament 10 cm).Primer es poden observar les flors a [&#8230;]<\/p>\n","protected":false},"author":3285,"featured_media":0,"parent":25517,"menu_order":23,"comment_status":"closed","ping_status":"closed","template":"","meta":{"ngg_post_thumbnail":0,"_links_to":"","_links_to_target":""},"_links":{"self":[{"href":"https:\/\/protocolo.umh.es\/ca\/wp-json\/wp\/v2\/pages\/33376"}],"collection":[{"href":"https:\/\/protocolo.umh.es\/ca\/wp-json\/wp\/v2\/pages"}],"about":[{"href":"https:\/\/protocolo.umh.es\/ca\/wp-json\/wp\/v2\/types\/page"}],"author":[{"embeddable":true,"href":"https:\/\/protocolo.umh.es\/ca\/wp-json\/wp\/v2\/users\/3285"}],"replies":[{"embeddable":true,"href":"https:\/\/protocolo.umh.es\/ca\/wp-json\/wp\/v2\/comments?post=33376"}],"version-history":[{"count":0,"href":"https:\/\/protocolo.umh.es\/ca\/wp-json\/wp\/v2\/pages\/33376\/revisions"}],"up":[{"embeddable":true,"href":"https:\/\/protocolo.umh.es\/ca\/wp-json\/wp\/v2\/pages\/25517"}],"wp:attachment":[{"href":"https:\/\/protocolo.umh.es\/ca\/wp-json\/wp\/v2\/media?parent=33376"}],"curies":[{"name":"wp","href":"https:\/\/api.w.org\/{rel}","templated":true}]}}