{"id":3,"date":"2012-10-08T13:06:16","date_gmt":"2012-10-08T11:06:16","guid":{"rendered":"http:\/\/protocolo.zeus.umh.es\/presentacion\/"},"modified":"2025-07-14T09:30:37","modified_gmt":"2025-07-14T07:30:37","slug":"presentacion","status":"publish","type":"page","link":"https:\/\/protocolo.umh.es\/ca\/presentacion\/","title":{"rendered":"Presentaci\u00f3"},"content":{"rendered":"<p><\/p>\n<address>\u00a0<\/address>\n<address>\u00a0<\/address>\n<p>\u00a0\u00a0<a href=\"https:\/\/protocolo.umh.es\/\"><img loading=\"lazy\" title=\"miguelito-doctor(naranja)\" src=\"https:\/\/protocolo.umh.es\/files\/2012\/02\/miguelito-doctornaranja3-239x300.png\" alt=\"\" width=\"217\" height=\"272\" \/><img loading=\"lazy\" title=\"Birretes azules\" src=\"https:\/\/protocolo.umh.es\/files\/2012\/02\/Birretes-azules-300x202.jpg\" alt=\"\" width=\"326\" height=\"236\" \/><\/a><\/p>\n<h4><\/h4>\n<p style=\"text-align: justify\">La Unitat de Protocol de la Universitat Miguel Hern\u00e1ndez t\u00e9 com a missi\u00f3 principal organisar i gestionar els principals actes acad\u00e8mics i institucionals relacionats amb el desenvolupament de l&#8217;activitat universit\u00e0ria, aix\u00ed com assistir al Rector i al Consell\u00a0de Direcci\u00f3.<\/p>\n<p style=\"text-align: justify\">Des de la nostra unitat s&#8217;ofereix assessorament i col\u00b7laboraci\u00f3 a la comunitat universit\u00e0ria en l&#8217;organitzaci\u00f3 i gesti\u00f3 protocol\u00b7l\u00e0ria d&#8217;esdeveniments, tals com presentacions, graduacions, congressos i jornades.<\/p>\n<p style=\"text-align: justify\"><span style=\"color: #000000\">\u00a0<\/span><\/p>\n<p><\/p>","protected":false},"excerpt":{"rendered":"<p>\u00a0<br \/>\n\u00a0<br \/>\n\u00a0\u00a0<\/p>\n<p>La Unitat de Protocol de la Universitat Miguel Hern\u00e1ndez t\u00e9 com a missi\u00f3 principal organisar i gestionar els principals actes acad\u00e8mics i institucionals relacionats amb el desenvolupament de l&#8217;activitat universit\u00e0ria, aix\u00ed com assistir al Rector i al Consell\u00a0de Direcci\u00f3.<br \/>\nDes de la nostra unitat s&#8217;ofereix assessorament i col\u00b7laboraci\u00f3 a la comunitat universit\u00e0ria en l&#8217;organitzaci\u00f3 i gesti\u00f3 [&#8230;]<\/p>\n","protected":false},"author":1,"featured_media":0,"parent":0,"menu_order":0,"comment_status":"closed","ping_status":"open","template":"","meta":{"ngg_post_thumbnail":0,"_links_to":"","_links_to_target":""},"_links":{"self":[{"href":"https:\/\/protocolo.umh.es\/ca\/wp-json\/wp\/v2\/pages\/3"}],"collection":[{"href":"https:\/\/protocolo.umh.es\/ca\/wp-json\/wp\/v2\/pages"}],"about":[{"href":"https:\/\/protocolo.umh.es\/ca\/wp-json\/wp\/v2\/types\/page"}],"author":[{"embeddable":true,"href":"https:\/\/protocolo.umh.es\/ca\/wp-json\/wp\/v2\/users\/1"}],"replies":[{"embeddable":true,"href":"https:\/\/protocolo.umh.es\/ca\/wp-json\/wp\/v2\/comments?post=3"}],"version-history":[{"count":0,"href":"https:\/\/protocolo.umh.es\/ca\/wp-json\/wp\/v2\/pages\/3\/revisions"}],"wp:attachment":[{"href":"https:\/\/protocolo.umh.es\/ca\/wp-json\/wp\/v2\/media?parent=3"}],"curies":[{"name":"wp","href":"https:\/\/api.w.org\/{rel}","templated":true}]}}