{"id":29017,"date":"2022-04-06T12:03:05","date_gmt":"2022-04-06T10:03:05","guid":{"rendered":"https:\/\/protocolo.umh.es\/?page_id=29017"},"modified":"2026-02-12T12:43:07","modified_gmt":"2026-02-12T11:43:07","slug":"paulownia-tomentosa","status":"publish","type":"page","link":"https:\/\/protocolo.umh.es\/ca\/jardin-de-los-honoris\/paulownia-tomentosa\/","title":{"rendered":"Kiri o arbre de l\u2019emperadriu"},"content":{"rendered":"<p><\/p>\n<ul>\n<li>Nom com\u00fa: Kiri o arbre de l\u2019emperadriu<\/li>\n<li>Nom cient\u00edfic: Paulownia tomentosa; (Thunb.) Steud., 1841 non Baill., 1888<\/li>\n<li>Honoris Causa: <span style=\"color: #808000\"> <a href=\"https:\/\/protocolo.umh.es\/2022\/02\/09\/festividad-santo-tomas-de-aquino-2022-investidura-de-marie-johnston-como-doctora-honoris-causa-2\/\">Marie Johnston<\/a> (28\/01\/2022)<\/span><\/li>\n<\/ul>\n<p><a href=\"https:\/\/protocolo.umh.es\/files\/2022\/04\/paulownia.jpg\"><img loading=\"lazy\" class=\"size-full wp-image-29020 alignnone\" src=\"https:\/\/protocolo.umh.es\/files\/2022\/04\/paulownia.jpg\" alt=\"\" width=\"246\" height=\"164\" \/><\/a><\/p>\n<p>ORIGEN: \u00c0sia, espec\u00edficament de la Xina.<\/p>\n<p>CARACTER\u00cdSTIQUES:<\/p>\n<p>Arbre que pot arribar als 20 m d\u2019altura.<br \/>\nLa seua cap\u00e7ada \u00e9s ampla i frondosa, per aix\u00f2 \u00e9s un arbre interessant per a proporcionar ombra.<br \/>\nProdueix fulles i flors de gran grand\u00e0ria.<\/p>\n<p>CURIOSITATS:<\/p>\n<p>Es diu d\u2019aquest arbre que absorbeix 10 vegades m\u00e9s CO\u2082 que qualsevol altra esp\u00e8cie: les seues grans fulles poden captar 21,7 quilos de di\u00f2xid de carboni al dia i convertir-los en 6 quilos d\u2019oxigen.<br \/>\nCreixement r\u00e0pid: en nom\u00e9s 8 anys pot assolir la mida d\u2019un roure que ha necessitat 40 anys per a aconseguir-ho.<br \/>\nGran capacitat per a purificar s\u00f2ls poc f\u00e8rtils.<br \/>\nEst\u00e0 en el punt de mira perqu\u00e8, malgrat les seues excel\u00b7lents qualitats, pot arribar a convertir-se en una esp\u00e8cie catalogada com a invasora.<\/p>\n<p>USOS:<\/p>\n<p>IND\u00daSTRIA FUSTERA: La seua fusta \u00e9s lleugera, manejable i resistent.<br \/>\nORNAMENTAL: Utilitzat en jardins per l\u2019ombra r\u00e0pida que proporciona i per la seua bellesa.<\/p>","protected":false},"excerpt":{"rendered":"<p>Nom com\u00fa: Kiri o arbre de l\u2019emperadriu<br \/>\nNom cient\u00edfic: Paulownia tomentosa; (Thunb.) Steud., 1841 non Baill., 1888<br \/>\nHonoris Causa:  Marie Johnston (28\/01\/2022)<\/p>\n<p>ORIGEN: \u00c0sia, espec\u00edficament de la Xina.<br \/>\nCARACTER\u00cdSTIQUES:<br \/>\nArbre que pot arribar als 20 m d\u2019altura.<br \/>\nLa seua cap\u00e7ada \u00e9s ampla i frondosa, per aix\u00f2 \u00e9s un arbre interessant per a proporcionar ombra.<br \/>\nProdueix fulles i flors de gran grand\u00e0ria.<br \/>\nCURIOSITATS:<br \/>\nEs [&#8230;]<\/p>\n","protected":false},"author":3285,"featured_media":0,"parent":25517,"menu_order":33,"comment_status":"closed","ping_status":"closed","template":"","meta":{"ngg_post_thumbnail":0,"_links_to":"","_links_to_target":""},"_links":{"self":[{"href":"https:\/\/protocolo.umh.es\/ca\/wp-json\/wp\/v2\/pages\/29017"}],"collection":[{"href":"https:\/\/protocolo.umh.es\/ca\/wp-json\/wp\/v2\/pages"}],"about":[{"href":"https:\/\/protocolo.umh.es\/ca\/wp-json\/wp\/v2\/types\/page"}],"author":[{"embeddable":true,"href":"https:\/\/protocolo.umh.es\/ca\/wp-json\/wp\/v2\/users\/3285"}],"replies":[{"embeddable":true,"href":"https:\/\/protocolo.umh.es\/ca\/wp-json\/wp\/v2\/comments?post=29017"}],"version-history":[{"count":0,"href":"https:\/\/protocolo.umh.es\/ca\/wp-json\/wp\/v2\/pages\/29017\/revisions"}],"up":[{"embeddable":true,"href":"https:\/\/protocolo.umh.es\/ca\/wp-json\/wp\/v2\/pages\/25517"}],"wp:attachment":[{"href":"https:\/\/protocolo.umh.es\/ca\/wp-json\/wp\/v2\/media?parent=29017"}],"curies":[{"name":"wp","href":"https:\/\/api.w.org\/{rel}","templated":true}]}}