{"id":28948,"date":"2022-02-23T13:59:03","date_gmt":"2022-02-23T12:59:03","guid":{"rendered":"https:\/\/protocolo.umh.es\/?page_id=28948"},"modified":"2025-05-23T11:56:38","modified_gmt":"2025-05-23T09:56:38","slug":"solicitud-prestamo-material","status":"publish","type":"page","link":"https:\/\/protocolo.umh.es\/ca\/solicitud-prestamo-material\/","title":{"rendered":"Pr\u00e9stec de material"},"content":{"rendered":"<p><\/p>\n<p data-start=\"84\" data-end=\"135\"><strong data-start=\"84\" data-end=\"135\">Formulari de sol\u00b7licitud de pr\u00e9stec de material<\/strong><\/p>\n<p data-start=\"137\" data-end=\"297\">Emplene aquest formulari indicant amb precisi\u00f3 les seues necessitats de material. Una vegada enviat, rebr\u00e0 un correu electr\u00f2nic en un termini m\u00e0xim de 72 hores.<\/p>\n<p data-start=\"299\" data-end=\"436\">El trasllat del material sol\u00b7licitat pot implicar costos addicionals. Per a m\u00e9s informaci\u00f3 sobre l&#8217;import, consulte amb Infraestructures.<\/p>\n<p><\/p>","protected":false},"excerpt":{"rendered":"<p>Formulari de sol\u00b7licitud de pr\u00e9stec de material<br \/>\nEmplene aquest formulari indicant amb precisi\u00f3 les seues necessitats de material. Una vegada enviat, rebr\u00e0 un correu electr\u00f2nic en un termini m\u00e0xim de 72 hores.<br \/>\nEl trasllat del material sol\u00b7licitat pot implicar costos addicionals. Per a m\u00e9s informaci\u00f3 sobre l&#8217;import, consulte amb Infraestructures.<\/p>\n","protected":false},"author":3285,"featured_media":0,"parent":0,"menu_order":750,"comment_status":"closed","ping_status":"closed","template":"","meta":{"ngg_post_thumbnail":0,"_links_to":"","_links_to_target":""},"_links":{"self":[{"href":"https:\/\/protocolo.umh.es\/ca\/wp-json\/wp\/v2\/pages\/28948"}],"collection":[{"href":"https:\/\/protocolo.umh.es\/ca\/wp-json\/wp\/v2\/pages"}],"about":[{"href":"https:\/\/protocolo.umh.es\/ca\/wp-json\/wp\/v2\/types\/page"}],"author":[{"embeddable":true,"href":"https:\/\/protocolo.umh.es\/ca\/wp-json\/wp\/v2\/users\/3285"}],"replies":[{"embeddable":true,"href":"https:\/\/protocolo.umh.es\/ca\/wp-json\/wp\/v2\/comments?post=28948"}],"version-history":[{"count":0,"href":"https:\/\/protocolo.umh.es\/ca\/wp-json\/wp\/v2\/pages\/28948\/revisions"}],"wp:attachment":[{"href":"https:\/\/protocolo.umh.es\/ca\/wp-json\/wp\/v2\/media?parent=28948"}],"curies":[{"name":"wp","href":"https:\/\/api.w.org\/{rel}","templated":true}]}}