{"id":27131,"date":"2021-07-27T09:54:09","date_gmt":"2021-07-27T07:54:09","guid":{"rendered":"https:\/\/protocolo.umh.es\/?page_id=27131"},"modified":"2026-02-12T12:36:14","modified_gmt":"2026-02-12T11:36:14","slug":"pata-de-elefante","status":"publish","type":"page","link":"https:\/\/protocolo.umh.es\/ca\/jardin-de-los-honoris\/pata-de-elefante\/","title":{"rendered":"Pota d\u2019elefant"},"content":{"rendered":"<p><\/p>\n<ul>\n<li>Nom com\u00fa: Pota d\u2019elefant<\/li>\n<li>Nom cient\u00edfic: Beaucarnea recurvata, Lem.<\/li>\n<\/ul>\n<p><a href=\"https:\/\/protocolo.umh.es\/files\/2021\/07\/Pata-de-elefante.jpg\"><img loading=\"lazy\" class=\"alignnone size-medium wp-image-27134\" src=\"https:\/\/protocolo.umh.es\/files\/2021\/07\/Pata-de-elefante-228x300.jpg\" alt=\"\" width=\"228\" height=\"300\" srcset=\"https:\/\/protocolo.umh.es\/files\/2021\/07\/Pata-de-elefante-228x300.jpg 228w, https:\/\/protocolo.umh.es\/files\/2021\/07\/Pata-de-elefante.jpg 455w\" sizes=\"(max-width: 228px) 100vw, 228px\" \/><\/a><\/p>\n<p>ORIGEN: M\u00e8xic fins a Am\u00e8rica Central.<\/p>\n<p>CARACTER\u00cdSTIQUES:<\/p>\n<p>Planta arborescent que pot arribar als 15 m d\u2019altura.<br \/>\nLa seua base \u00e9s c\u00f2nica i globosa, amb escor\u00e7a de color gris fosc que recorda a una pota d\u2019elefant.<br \/>\nFloreix a partir dels 10 anys de vida.<\/p>\n<p>CURIOSITATS:<\/p>\n<p>Aquest exemplar \u00e9s la cinquena Beaucarnea m\u00e9s gran del m\u00f3n i la m\u00e9s gran d\u2019Europa (llibre Arbres Monumentals d\u2019Espanya).<br \/>\nEdat aproximada: 300-370 anys.<\/p>\n<p>USOS:<\/p>\n<p>ORNAMENTAL: Utilitzada en jardins o a l\u2019interior de les cases per la seua estructura peculiar i el verdor de les seues fulles.<\/p>","protected":false},"excerpt":{"rendered":"<p>Nom com\u00fa: Pota d\u2019elefant<br \/>\nNom cient\u00edfic: Beaucarnea recurvata, Lem.<\/p>\n<p>ORIGEN: M\u00e8xic fins a Am\u00e8rica Central.<br \/>\nCARACTER\u00cdSTIQUES:<br \/>\nPlanta arborescent que pot arribar als 15 m d\u2019altura.<br \/>\nLa seua base \u00e9s c\u00f2nica i globosa, amb escor\u00e7a de color gris fosc que recorda a una pota d\u2019elefant.<br \/>\nFloreix a partir dels 10 anys de vida.<br \/>\nCURIOSITATS:<br \/>\nAquest exemplar \u00e9s la cinquena Beaucarnea m\u00e9s gran del m\u00f3n [&#8230;]<\/p>\n","protected":false},"author":3285,"featured_media":0,"parent":25517,"menu_order":32,"comment_status":"closed","ping_status":"closed","template":"","meta":{"ngg_post_thumbnail":0,"_links_to":"","_links_to_target":""},"_links":{"self":[{"href":"https:\/\/protocolo.umh.es\/ca\/wp-json\/wp\/v2\/pages\/27131"}],"collection":[{"href":"https:\/\/protocolo.umh.es\/ca\/wp-json\/wp\/v2\/pages"}],"about":[{"href":"https:\/\/protocolo.umh.es\/ca\/wp-json\/wp\/v2\/types\/page"}],"author":[{"embeddable":true,"href":"https:\/\/protocolo.umh.es\/ca\/wp-json\/wp\/v2\/users\/3285"}],"replies":[{"embeddable":true,"href":"https:\/\/protocolo.umh.es\/ca\/wp-json\/wp\/v2\/comments?post=27131"}],"version-history":[{"count":0,"href":"https:\/\/protocolo.umh.es\/ca\/wp-json\/wp\/v2\/pages\/27131\/revisions"}],"up":[{"embeddable":true,"href":"https:\/\/protocolo.umh.es\/ca\/wp-json\/wp\/v2\/pages\/25517"}],"wp:attachment":[{"href":"https:\/\/protocolo.umh.es\/ca\/wp-json\/wp\/v2\/media?parent=27131"}],"curies":[{"name":"wp","href":"https:\/\/api.w.org\/{rel}","templated":true}]}}