{"id":27125,"date":"2021-07-27T09:52:29","date_gmt":"2021-07-27T07:52:29","guid":{"rendered":"https:\/\/protocolo.umh.es\/?page_id=27125"},"modified":"2026-02-12T12:33:58","modified_gmt":"2026-02-12T11:33:58","slug":"roble-comun","status":"publish","type":"page","link":"https:\/\/protocolo.umh.es\/ca\/jardin-de-los-honoris\/roble-comun\/","title":{"rendered":"Roure com\u00fa"},"content":{"rendered":"<p><\/p>\n<ul>\n<li><span style=\"color: #808000\">Nom com\u00fa: Roure com\u00fa<br \/>\n<\/span><\/li>\n<li><span style=\"color: #808000\">Nom cient\u00edfic: Quercus robur, L.<br \/>\n<\/span><\/li>\n<li><span style=\"color: #808000\">Honoris Causa: <a href=\"https:\/\/protocolo.umh.es\/2013\/06\/28\/acto-de-conmemoracion-del-xv-aniversario-investidura-como-doctores-honores-causa-del-d-francisco-torreblanca-y-d-enrique-dacosta\/\">Francisco Torreblanca Garc\u00eda<\/a> (27\/06\/2013)<\/span><\/li>\n<\/ul>\n<p><a href=\"https:\/\/protocolo.umh.es\/files\/2021\/07\/Roble-com\u00fan.jpg\"><img loading=\"lazy\" class=\"alignnone size-medium wp-image-27128\" src=\"https:\/\/protocolo.umh.es\/files\/2021\/07\/Roble-com\u00fan-224x300.jpg\" alt=\"\" width=\"224\" height=\"300\" srcset=\"https:\/\/protocolo.umh.es\/files\/2021\/07\/Roble-com\u00fan-224x300.jpg 224w, https:\/\/protocolo.umh.es\/files\/2021\/07\/Roble-com\u00fan.jpg 612w\" sizes=\"(max-width: 224px) 100vw, 224px\" \/><\/a><\/p>\n<p>ORIGEN: Europa i regi\u00f3 del Caucas.<\/p>\n<p>CARACTER\u00cdSTIQUES:<\/p>\n<p>Arbre caduc robust i de port majestu\u00f3s.<br \/>\nTronc recte, curt i molt gruixut, amb escor\u00e7a molt esquerdada.<br \/>\nT\u00e9 aglans penjants, de sabor dol\u00e7 i lleugerament amarg.<\/p>\n<p>CURIOSITATS:<\/p>\n<p>El nom espec\u00edfic robur era utilitzat pels romans per a designar aquells arbres que tenien una fusta dura i de gran solidesa.<br \/>\nEl c\u00e8lebre Arbre de Gernika (Biscaia) era un roure centenari, s\u00edmbol de les llibertats del poble basc, hui ja sec i substitu\u00eft pels seus descendents. En aquest lloc, es repeteix un jurament en les preses de possessi\u00f3 de tots els lehendakaris bascos.<\/p>\n<p>USOS:<\/p>\n<p>ORNAMENTAL: Utilitzat en jardins per la seua estructura harm\u00f2nica i per l\u2019ombra que proporciona.<br \/>\nINDUSTRIAL: La fusta del roure, tan dura, amb els anells de creixement ben marcats i la seua resist\u00e8ncia a la putrefacci\u00f3 fins i tot dins de l\u2019aigua, s\u00f3n qualitats que s\u2019aprofiten per a la construcci\u00f3 de vaixells i per a la fabricaci\u00f3 de dogues per a tonells i b\u00f3tes de vins i licors.<\/p>","protected":false},"excerpt":{"rendered":"<p>Nom com\u00fa: Roure com\u00fa<\/p>\n<p>Nom cient\u00edfic: Quercus robur, L.<\/p>\n<p>Honoris Causa: Francisco Torreblanca Garc\u00eda (27\/06\/2013)<\/p>\n<p>ORIGEN: Europa i regi\u00f3 del Caucas.<br \/>\nCARACTER\u00cdSTIQUES:<br \/>\nArbre caduc robust i de port majestu\u00f3s.<br \/>\nTronc recte, curt i molt gruixut, amb escor\u00e7a molt esquerdada.<br \/>\nT\u00e9 aglans penjants, de sabor dol\u00e7 i lleugerament amarg.<br \/>\nCURIOSITATS:<br \/>\nEl nom espec\u00edfic robur era utilitzat pels romans per a designar aquells arbres que tenien [&#8230;]<\/p>\n","protected":false},"author":3285,"featured_media":0,"parent":25517,"menu_order":31,"comment_status":"closed","ping_status":"closed","template":"","meta":{"ngg_post_thumbnail":0,"_links_to":"","_links_to_target":""},"_links":{"self":[{"href":"https:\/\/protocolo.umh.es\/ca\/wp-json\/wp\/v2\/pages\/27125"}],"collection":[{"href":"https:\/\/protocolo.umh.es\/ca\/wp-json\/wp\/v2\/pages"}],"about":[{"href":"https:\/\/protocolo.umh.es\/ca\/wp-json\/wp\/v2\/types\/page"}],"author":[{"embeddable":true,"href":"https:\/\/protocolo.umh.es\/ca\/wp-json\/wp\/v2\/users\/3285"}],"replies":[{"embeddable":true,"href":"https:\/\/protocolo.umh.es\/ca\/wp-json\/wp\/v2\/comments?post=27125"}],"version-history":[{"count":0,"href":"https:\/\/protocolo.umh.es\/ca\/wp-json\/wp\/v2\/pages\/27125\/revisions"}],"up":[{"embeddable":true,"href":"https:\/\/protocolo.umh.es\/ca\/wp-json\/wp\/v2\/pages\/25517"}],"wp:attachment":[{"href":"https:\/\/protocolo.umh.es\/ca\/wp-json\/wp\/v2\/media?parent=27125"}],"curies":[{"name":"wp","href":"https:\/\/api.w.org\/{rel}","templated":true}]}}