{"id":27113,"date":"2021-07-27T09:47:59","date_gmt":"2021-07-27T07:47:59","guid":{"rendered":"https:\/\/protocolo.umh.es\/?page_id=27113"},"modified":"2026-02-12T12:21:36","modified_gmt":"2026-02-12T11:21:36","slug":"pino-carrasco","status":"publish","type":"page","link":"https:\/\/protocolo.umh.es\/ca\/jardin-de-los-honoris\/pino-carrasco\/","title":{"rendered":"Pi blanc"},"content":{"rendered":"<p><\/p>\n<ul>\n<li>Nom com\u00fa: Pi blanc<\/li>\n<li>Nom cient\u00edfic: Pinus halepensis, L.<\/li>\n<li>Honoris Causa: <span style=\"color: #808000\"> <a href=\"https:\/\/comunicacion.umh.es\/2008\/10\/24\/dhc-rafael-benitez-maudes\/\">Rafael Ben\u00edtez Maudes<\/a> (04\/06\/2008)<\/span><\/li>\n<\/ul>\n<p><a href=\"https:\/\/protocolo.umh.es\/files\/2021\/07\/Pino-carrasco.jpg\"><img loading=\"lazy\" class=\"alignnone size-medium wp-image-27116\" src=\"https:\/\/protocolo.umh.es\/files\/2021\/07\/Pino-carrasco-231x300.jpg\" alt=\"\" width=\"231\" height=\"300\" srcset=\"https:\/\/protocolo.umh.es\/files\/2021\/07\/Pino-carrasco-231x300.jpg 231w, https:\/\/protocolo.umh.es\/files\/2021\/07\/Pino-carrasco.jpg 591w\" sizes=\"(max-width: 231px) 100vw, 231px\" \/><\/a><\/p>\n<p>ORIGEN: Regi\u00f3 mediterr\u00e0nia.<\/p>\n<p>CARACTER\u00cdSTIQUES:<\/p>\n<p>Arbre perenne de tronc tortu\u00f3s i cap\u00e7ada irregular.<br \/>\nBranca i escor\u00e7a grisoses.<\/p>\n<p>CURIOSITATS:<\/p>\n<p>\u00c9s una esp\u00e8cie pir\u00f2fita: les altes temperatures provoquen l\u2019explosi\u00f3 de les seues pinyes, dispersant les seues llavors. Per tant, \u00e9s oportunista i, despr\u00e9s d\u2019un incendi, aconsegueix propagar-se amb facilitat.<\/p>\n<p>USOS:<\/p>\n<p>ORNAMENTAL: Utilitzat en jardins mediterranis per la seua rusticitat i l\u2019ombra que proporciona.<br \/>\nFORESTAL: Les grans repoblacions forestals ajuden a la conservaci\u00f3 del s\u00f2l front a l\u2019erosi\u00f3.<br \/>\nINDUSTRIAL: El seu tronc, com que \u00e9s retor\u00e7at, nom\u00e9s es pot utilitzar per a la producci\u00f3 de cel\u00b7lulosa o per a fer caixes de fusta.<\/p>","protected":false},"excerpt":{"rendered":"<p>Nom com\u00fa: Pi blanc<br \/>\nNom cient\u00edfic: Pinus halepensis, L.<br \/>\nHonoris Causa:  Rafael Ben\u00edtez Maudes (04\/06\/2008)<\/p>\n<p>ORIGEN: Regi\u00f3 mediterr\u00e0nia.<br \/>\nCARACTER\u00cdSTIQUES:<br \/>\nArbre perenne de tronc tortu\u00f3s i cap\u00e7ada irregular.<br \/>\nBranca i escor\u00e7a grisoses.<br \/>\nCURIOSITATS:<br \/>\n\u00c9s una esp\u00e8cie pir\u00f2fita: les altes temperatures provoquen l\u2019explosi\u00f3 de les seues pinyes, dispersant les seues llavors. Per tant, \u00e9s oportunista i, despr\u00e9s d\u2019un incendi, aconsegueix propagar-se amb facilitat.<br \/>\nUSOS:<br \/>\nORNAMENTAL: Utilitzat [&#8230;]<\/p>\n","protected":false},"author":3285,"featured_media":0,"parent":25517,"menu_order":29,"comment_status":"closed","ping_status":"closed","template":"","meta":{"ngg_post_thumbnail":0,"_links_to":"","_links_to_target":""},"_links":{"self":[{"href":"https:\/\/protocolo.umh.es\/ca\/wp-json\/wp\/v2\/pages\/27113"}],"collection":[{"href":"https:\/\/protocolo.umh.es\/ca\/wp-json\/wp\/v2\/pages"}],"about":[{"href":"https:\/\/protocolo.umh.es\/ca\/wp-json\/wp\/v2\/types\/page"}],"author":[{"embeddable":true,"href":"https:\/\/protocolo.umh.es\/ca\/wp-json\/wp\/v2\/users\/3285"}],"replies":[{"embeddable":true,"href":"https:\/\/protocolo.umh.es\/ca\/wp-json\/wp\/v2\/comments?post=27113"}],"version-history":[{"count":0,"href":"https:\/\/protocolo.umh.es\/ca\/wp-json\/wp\/v2\/pages\/27113\/revisions"}],"up":[{"embeddable":true,"href":"https:\/\/protocolo.umh.es\/ca\/wp-json\/wp\/v2\/pages\/25517"}],"wp:attachment":[{"href":"https:\/\/protocolo.umh.es\/ca\/wp-json\/wp\/v2\/media?parent=27113"}],"curies":[{"name":"wp","href":"https:\/\/api.w.org\/{rel}","templated":true}]}}