{"id":27107,"date":"2021-07-27T09:46:36","date_gmt":"2021-07-27T07:46:36","guid":{"rendered":"https:\/\/protocolo.umh.es\/?page_id=27107"},"modified":"2026-02-12T12:10:13","modified_gmt":"2026-02-12T11:10:13","slug":"palmera-datilera","status":"publish","type":"page","link":"https:\/\/protocolo.umh.es\/ca\/jardin-de-los-honoris\/palmera-datilera\/","title":{"rendered":"Palma datilera"},"content":{"rendered":"<p><\/p>\n<ul>\n<li><strong data-start=\"91\" data-end=\"104\">Nom com\u00fa:<\/strong> Palmera datilera<\/li>\n<li><strong data-start=\"124\" data-end=\"142\">Nom cient\u00edfic:<\/strong> <em data-start=\"143\" data-end=\"164\">Phoenix dactylifera<\/em>, L.<\/li>\n<li><strong data-start=\"171\" data-end=\"189\">Honoris Causa:<\/strong> <span style=\"color: #808000\"> <a href=\"https:\/\/protocolo.umh.es\/2013\/01\/28\/festividad-de-santo-tomas-de-aquino-2013-e-investidura-del-excmo-dr-paul-mockapetris\/\">Paul Mockapetris<\/a> (28\/01\/2013)<a href=\"https:\/\/protocolo.umh.es\/2025\/05\/19\/jaime-lamo-de-espinosa-y-manuel-pimentel-nuevos-doctores-honoris-causa\/\"> Manuel Ram\u00f3n Pimentel Siles <\/a>(15\/05\/2025) <a href=\"https:\/\/protocolo.umh.es\/2025\/05\/19\/jaime-lamo-de-espinosa-y-manuel-pimentel-nuevos-doctores-honoris-causa\/\">Jaime Lamo de Espinosa y Michels de Champourcin<\/a> (15\/05\/2025)<\/span><\/li>\n<\/ul>\n<p><a href=\"https:\/\/protocolo.umh.es\/files\/2021\/07\/Palmera-datilera.jpg\"><img loading=\"lazy\" class=\"alignnone size-medium wp-image-27110\" src=\"https:\/\/protocolo.umh.es\/files\/2021\/07\/Palmera-datilera-300x188.jpg\" alt=\"\" width=\"300\" height=\"188\" srcset=\"https:\/\/protocolo.umh.es\/files\/2021\/07\/Palmera-datilera-300x188.jpg 300w, https:\/\/protocolo.umh.es\/files\/2021\/07\/Palmera-datilera.jpg 658w\" sizes=\"(max-width: 300px) 100vw, 300px\" \/><\/a><\/p>\n<p>ORIGEN: Des del sud de la conca mediterr\u00e0nia fins a les costes del Pakistan.<\/p>\n<p>CARACTER\u00cdSTIQUES:<\/p>\n<p>Palmera de tronc \u00fanic, sovint amb brots a la base, de gran altura.<br \/>\nFulles espinoses, de color glauc. Es diferencia de la palmera can\u00e0ria perqu\u00e8 la datilera t\u00e9 espines m\u00e9s menudes i un color m\u00e9s grisenc.<br \/>\nExisteixen exemplars mascles i exemplars femelles.<\/p>\n<p>CURIOSITATS:<\/p>\n<p>Les palmeres no s\u00f3n arbres veritables, sin\u00f3 plantes arborescents perqu\u00e8 no tenen creixement secundari aut\u00e8ntic en gruix i, a m\u00e9s, quasi mai es ramifiquen.<br \/>\nEl Palmerar d\u2019Elx \u00e9s el major palmerar d\u2019Europa, Patrimoni de la Humanitat, i compta amb m\u00e9s de 200.000 exemplars plantats pels musulmans.<br \/>\nLa Palmera Imperial d\u2019Elx \u00e9s peculiar i \u00fanica, ja que a una altura de 2 m presenta set bra\u00e7os al seu voltant. La pots visitar a l\u2019Hort del Cura.<\/p>\n<p>USOS:<\/p>\n<p>ORNAMENTAL: Utilitzada en jardins i, gr\u00e0cies a la seua rusticitat, tamb\u00e9 s\u2019ha emprat per a la restauraci\u00f3 d\u2019ecosistemes sorrencs o com a pantalla tallavent.<br \/>\nALIMENTARI: El seu \u00fas principal \u00e9s la producci\u00f3 de d\u00e0tils per a consumir directament o per a elaborar diferents productes (has de tastar les del\u00edcies d\u2019Elx).<br \/>\nALTRES: Les seues palmes s\u2019utilitzen en la celebraci\u00f3 del Diumenge de Rams, per a fer cistelles, ventalls i fins i tot per a fabricar cabanes al nord d\u2019\u00c0frica.<\/p>","protected":false},"excerpt":{"rendered":"<p>Nom com\u00fa: Palmera datilera<br \/>\nNom cient\u00edfic: Phoenix dactylifera, L.<br \/>\nHonoris Causa:  Paul Mockapetris (28\/01\/2013) Manuel Ram\u00f3n Pimentel Siles (15\/05\/2025) Jaime Lamo de Espinosa y Michels de Champourcin (15\/05\/2025)<\/p>\n<p>ORIGEN: Des del sud de la conca mediterr\u00e0nia fins a les costes del Pakistan.<br \/>\nCARACTER\u00cdSTIQUES:<br \/>\nPalmera de tronc \u00fanic, sovint amb brots a la base, de gran altura.<br \/>\nFulles espinoses, de color [&#8230;]<\/p>\n","protected":false},"author":3285,"featured_media":0,"parent":25517,"menu_order":28,"comment_status":"closed","ping_status":"closed","template":"","meta":{"ngg_post_thumbnail":0,"_links_to":"","_links_to_target":""},"_links":{"self":[{"href":"https:\/\/protocolo.umh.es\/ca\/wp-json\/wp\/v2\/pages\/27107"}],"collection":[{"href":"https:\/\/protocolo.umh.es\/ca\/wp-json\/wp\/v2\/pages"}],"about":[{"href":"https:\/\/protocolo.umh.es\/ca\/wp-json\/wp\/v2\/types\/page"}],"author":[{"embeddable":true,"href":"https:\/\/protocolo.umh.es\/ca\/wp-json\/wp\/v2\/users\/3285"}],"replies":[{"embeddable":true,"href":"https:\/\/protocolo.umh.es\/ca\/wp-json\/wp\/v2\/comments?post=27107"}],"version-history":[{"count":0,"href":"https:\/\/protocolo.umh.es\/ca\/wp-json\/wp\/v2\/pages\/27107\/revisions"}],"up":[{"embeddable":true,"href":"https:\/\/protocolo.umh.es\/ca\/wp-json\/wp\/v2\/pages\/25517"}],"wp:attachment":[{"href":"https:\/\/protocolo.umh.es\/ca\/wp-json\/wp\/v2\/media?parent=27107"}],"curies":[{"name":"wp","href":"https:\/\/api.w.org\/{rel}","templated":true}]}}