{"id":27101,"date":"2021-07-27T09:45:15","date_gmt":"2021-07-27T07:45:15","guid":{"rendered":"https:\/\/protocolo.umh.es\/?page_id=27101"},"modified":"2026-02-12T12:03:41","modified_gmt":"2026-02-12T11:03:41","slug":"olmo-de-siberia","status":"publish","type":"page","link":"https:\/\/protocolo.umh.es\/ca\/jardin-de-los-honoris\/olmo-de-siberia\/","title":{"rendered":"Om de Sib\u00e8ria"},"content":{"rendered":"<p><\/p>\n<ul>\n<li><strong data-start=\"93\" data-end=\"106\">Nom com\u00fa:<\/strong> Om de Sib\u00e8ria<\/li>\n<li><strong data-start=\"123\" data-end=\"141\">Nom cient\u00edfic:<\/strong> <em data-start=\"142\" data-end=\"156\">Ulmus pumila<\/em>, L.<\/li>\n<li><strong data-start=\"163\" data-end=\"181\">Honoris Causa:<\/strong> <span style=\"color: #808000\"><a href=\"https:\/\/protocolo.umh.es\/2016\/01\/15\/festividad-de-santo-tomas-de-aquino-2016-e-investidura-como-doctor-honoris-causa-del-excmo-sr-tomas-torres-cebada\/\"> Tom\u00e1s Torres Cebada<\/a> <\/span> (28\/01\/2016)<\/li>\n<\/ul>\n<p><a href=\"https:\/\/protocolo.umh.es\/files\/2021\/07\/Olmo-de-Siberia.jpg\"><img loading=\"lazy\" class=\"alignnone size-medium wp-image-27104\" src=\"https:\/\/protocolo.umh.es\/files\/2021\/07\/Olmo-de-Siberia-300x239.jpg\" alt=\"\" width=\"300\" height=\"239\" srcset=\"https:\/\/protocolo.umh.es\/files\/2021\/07\/Olmo-de-Siberia-300x239.jpg 300w, https:\/\/protocolo.umh.es\/files\/2021\/07\/Olmo-de-Siberia.jpg 461w\" sizes=\"(max-width: 300px) 100vw, 300px\" \/><\/a><\/p>\n<p>ORIGEN: Sib\u00e8ria, Xina, Corea, Turkestan, \u00cdndia i Iran.<\/p>\n<p>CARACTER\u00cdSTIQUES:<\/p>\n<p>Arbre caducifoli amb escor\u00e7a de color gris fosc i fissurada longitudinalment.<\/p>\n<p>CURIOSITATS:<\/p>\n<p>La seua gran capacitat de germinaci\u00f3 i de rebrot de soca fa que es considere una esp\u00e8cie invasora, ja que pot arribar a cr\u00e9ixer en qualsevol lloc.<\/p>\n<p>USOS:<\/p>\n<p>ORNAMENTAL: Utilitzat en alineacions de carrers i, gr\u00e0cies a la seua rusticitat, tamb\u00e9 s\u2019ha emprat per a crear boscos d\u2019abric i d\u2019ombra en llocs de condicions molt rigoroses.<\/p>","protected":false},"excerpt":{"rendered":"<p>Nom com\u00fa: Om de Sib\u00e8ria<br \/>\nNom cient\u00edfic: Ulmus pumila, L.<br \/>\nHonoris Causa:  Tom\u00e1s Torres Cebada  (28\/01\/2016)<\/p>\n<p>ORIGEN: Sib\u00e8ria, Xina, Corea, Turkestan, \u00cdndia i Iran.<br \/>\nCARACTER\u00cdSTIQUES:<br \/>\nArbre caducifoli amb escor\u00e7a de color gris fosc i fissurada longitudinalment.<br \/>\nCURIOSITATS:<br \/>\nLa seua gran capacitat de germinaci\u00f3 i de rebrot de soca fa que es considere una esp\u00e8cie invasora, ja que pot arribar a [&#8230;]<\/p>\n","protected":false},"author":3285,"featured_media":0,"parent":25517,"menu_order":27,"comment_status":"closed","ping_status":"closed","template":"","meta":{"ngg_post_thumbnail":0,"_links_to":"","_links_to_target":""},"_links":{"self":[{"href":"https:\/\/protocolo.umh.es\/ca\/wp-json\/wp\/v2\/pages\/27101"}],"collection":[{"href":"https:\/\/protocolo.umh.es\/ca\/wp-json\/wp\/v2\/pages"}],"about":[{"href":"https:\/\/protocolo.umh.es\/ca\/wp-json\/wp\/v2\/types\/page"}],"author":[{"embeddable":true,"href":"https:\/\/protocolo.umh.es\/ca\/wp-json\/wp\/v2\/users\/3285"}],"replies":[{"embeddable":true,"href":"https:\/\/protocolo.umh.es\/ca\/wp-json\/wp\/v2\/comments?post=27101"}],"version-history":[{"count":0,"href":"https:\/\/protocolo.umh.es\/ca\/wp-json\/wp\/v2\/pages\/27101\/revisions"}],"up":[{"embeddable":true,"href":"https:\/\/protocolo.umh.es\/ca\/wp-json\/wp\/v2\/pages\/25517"}],"wp:attachment":[{"href":"https:\/\/protocolo.umh.es\/ca\/wp-json\/wp\/v2\/media?parent=27101"}],"curies":[{"name":"wp","href":"https:\/\/api.w.org\/{rel}","templated":true}]}}