{"id":27095,"date":"2021-07-27T09:43:56","date_gmt":"2021-07-27T07:43:56","guid":{"rendered":"https:\/\/protocolo.umh.es\/?page_id=27095"},"modified":"2026-02-12T11:49:33","modified_gmt":"2026-02-12T10:49:33","slug":"olivo","status":"publish","type":"page","link":"https:\/\/protocolo.umh.es\/ca\/jardin-de-los-honoris\/olivo\/","title":{"rendered":"Olivera"},"content":{"rendered":"<p><\/p>\n<ul>\n<li><strong data-start=\"85\" data-end=\"98\">Nom com\u00fa:<\/strong> Olivera<\/li>\n<li><strong data-start=\"109\" data-end=\"127\">Nom cient\u00edfic:<\/strong> <em data-start=\"128\" data-end=\"143\">Olea europaea<\/em>, L.<\/li>\n<li><strong data-start=\"150\" data-end=\"168\">Honoris Causa:\u00a0<\/strong><span style=\"color: #808000\"><a href=\"https:\/\/protocolo.umh.es\/2022\/02\/14\/alfonso-escamez-lopez\/\">Alfonso Esc\u00e1mez L\u00f3pez<\/a> (7\/10\/1997),<\/span><span style=\"color: #808000\">\u00a0<a href=\"https:\/\/protocolo.umh.es\/2022\/02\/14\/jaime-carvajal-y-urquijo\/\">Jaime Carvajal y Urquijo<\/a> (3\/10\/1998), <\/span><span style=\"color: #808000\">\u00a0<a href=\"https:\/\/protocolo.umh.es\/2022\/02\/14\/pedro-lain-entralgo\/\">Pedro La\u00edn Entralgo<\/a> (23\/10\/1998), <\/span><span style=\"color: #808000\"><a href=\"https:\/\/comunicacion.umh.es\/2000\/10\/03\/solemne-acto-de-apertura-del-curso-academico-2000-2001-e-investidura-del-excmo-srd-federido-mayor-zaragoza-como-doctor-honoris-causa\/\">Federico Mayor Zaragoza<\/a> (3\/10\/2000), <\/span><span style=\"color: #808000\">\u00a0<a href=\"https:\/\/comunicacion.umh.es\/2002\/01\/28\/solemne-acto-de-investidura-del-excmo-sr-d-antonio-garca-bellido\/\">Antonio Garc\u00eda-Bellido y Garc\u00eda de Diego<\/a> (28\/01\/2002), <\/span><span style=\"color: #808000\">\u00a0<a href=\"https:\/\/protocolo.umh.es\/2021\/05\/16\/investidura-del-excmo-sr-d-valentin-fuster-de-carulla-como-doctor-honoris-causa\/\">Valent\u00edn Fuster de Carulla<\/a> (4\/10\/2005) y<\/span><span style=\"color: #808000\">\u00a0<a href=\"https:\/\/protocolo.umh.es\/2010\/05\/25\/solemne-acto-de-investidura-del-excmo-sr-d-david-alvarez-diez-como-doctor-honoris-causa-el-24-de-mayo-de-2010\/\">David \u00c1lvarez D\u00edez<\/a> (24\/05\/2010).<\/span><\/li>\n<\/ul>\n<p>&nbsp;<\/p>\n<p>ORIGEN: Regi\u00f3 mediterr\u00e0nia.<a href=\"https:\/\/protocolo.umh.es\/files\/2021\/07\/Olivo.jpg\"><img loading=\"lazy\" class=\"size-medium wp-image-27098 alignleft\" src=\"https:\/\/protocolo.umh.es\/files\/2021\/07\/Olivo-300x215.jpg\" alt=\"\" width=\"300\" height=\"215\" srcset=\"https:\/\/protocolo.umh.es\/files\/2021\/07\/Olivo-300x215.jpg 300w, https:\/\/protocolo.umh.es\/files\/2021\/07\/Olivo-768x551.jpg 768w, https:\/\/protocolo.umh.es\/files\/2021\/07\/Olivo.jpg 787w\" sizes=\"(max-width: 300px) 100vw, 300px\" \/><\/a><\/p>\n<p>CARACTER\u00cdSTIQUES:<\/p>\n<p>La seua fulla \u00e9s perenne.<br \/>\nFulles de color grisenc i tronc d\u2019aspecte retor\u00e7at.<\/p>\n<p>CURIOSITATS:<\/p>\n<p>Possiblement siga l\u2019arbre m\u00e9s venerat des de l\u2019antiguitat per totes les religions i civilitzacions conegudes.<br \/>\nExisteixen exemplars amb m\u00e9s de 1.500 anys. Visita a Ulldecona (Tarragona) \u201cla Farga de l\u2019Arion\u201d, olivera plantada l\u2019any 314.<\/p>\n<p>USOS:<\/p>\n<p>ALIMENTARI: A trav\u00e9s de les seues olives o del seu extracte, proporcionant oli d\u2019alta qualitat.<br \/>\nINDUSTRIAL: S\u2019utilitza molt en ebenisteria per ser una fusta dura i compacta.<br \/>\nMEDICINAL: A trav\u00e9s d\u2019extractes de les seues fulles, escor\u00e7a i del mateix oli, que tenen propietats vasodilatadores, hipotensores, di\u00fcr\u00e8tiques, antigluc\u00e8miques, febr\u00edfugues, laxants, etc\u00e8tera.<br \/>\nCOSM\u00c8TICA: Perfums, sabons, etc\u00e8tera.<\/p>","protected":false},"excerpt":{"rendered":"<p>Nom com\u00fa: Olivera<br \/>\nNom cient\u00edfic: Olea europaea, L.<br \/>\nHonoris Causa:\u00a0Alfonso Esc\u00e1mez L\u00f3pez (7\/10\/1997),\u00a0Jaime Carvajal y Urquijo (3\/10\/1998), \u00a0Pedro La\u00edn Entralgo (23\/10\/1998), Federico Mayor Zaragoza (3\/10\/2000), \u00a0Antonio Garc\u00eda-Bellido y Garc\u00eda de Diego (28\/01\/2002), \u00a0Valent\u00edn Fuster de Carulla (4\/10\/2005) y\u00a0David \u00c1lvarez D\u00edez (24\/05\/2010).<\/p>\n<p>&nbsp;<br \/>\nORIGEN: Regi\u00f3 mediterr\u00e0nia.<br \/>\nCARACTER\u00cdSTIQUES:<br \/>\nLa seua fulla \u00e9s perenne.<br \/>\nFulles de color grisenc i tronc d\u2019aspecte retor\u00e7at.<br \/>\nCURIOSITATS:<br \/>\nPossiblement siga l\u2019arbre m\u00e9s [&#8230;]<\/p>\n","protected":false},"author":3285,"featured_media":0,"parent":25517,"menu_order":26,"comment_status":"closed","ping_status":"closed","template":"","meta":{"ngg_post_thumbnail":0,"_links_to":"","_links_to_target":""},"_links":{"self":[{"href":"https:\/\/protocolo.umh.es\/ca\/wp-json\/wp\/v2\/pages\/27095"}],"collection":[{"href":"https:\/\/protocolo.umh.es\/ca\/wp-json\/wp\/v2\/pages"}],"about":[{"href":"https:\/\/protocolo.umh.es\/ca\/wp-json\/wp\/v2\/types\/page"}],"author":[{"embeddable":true,"href":"https:\/\/protocolo.umh.es\/ca\/wp-json\/wp\/v2\/users\/3285"}],"replies":[{"embeddable":true,"href":"https:\/\/protocolo.umh.es\/ca\/wp-json\/wp\/v2\/comments?post=27095"}],"version-history":[{"count":0,"href":"https:\/\/protocolo.umh.es\/ca\/wp-json\/wp\/v2\/pages\/27095\/revisions"}],"up":[{"embeddable":true,"href":"https:\/\/protocolo.umh.es\/ca\/wp-json\/wp\/v2\/pages\/25517"}],"wp:attachment":[{"href":"https:\/\/protocolo.umh.es\/ca\/wp-json\/wp\/v2\/media?parent=27095"}],"curies":[{"name":"wp","href":"https:\/\/api.w.org\/{rel}","templated":true}]}}