{"id":27083,"date":"2021-07-27T09:40:55","date_gmt":"2021-07-27T07:40:55","guid":{"rendered":"https:\/\/protocolo.umh.es\/?page_id=27083"},"modified":"2026-02-12T11:16:01","modified_gmt":"2026-02-12T10:16:01","slug":"madrono","status":"publish","type":"page","link":"https:\/\/protocolo.umh.es\/ca\/jardin-de-los-honoris\/madrono\/","title":{"rendered":"Arbo\u00e7"},"content":{"rendered":"<p><\/p>\n<ul>\n<li><span style=\"color: #808000\">Nombre com\u00fan: Madro\u00f1o<\/span><\/li>\n<li><span style=\"color: #808000\">Nombre cient\u00edfico: <em>Arbutus unedo<\/em>, L.<\/span><\/li>\n<li><span style=\"color: #808000\">Honoris Causa: <a href=\"https:\/\/protocolo.umh.es\/2013\/06\/28\/acto-de-conmemoracion-del-xv-aniversario-investidura-como-doctores-honores-causa-del-d-francisco-torreblanca-y-d-enrique-dacosta\/\">Enrique Dacosta Vadillo<\/a> (27\/06\/2013) , <a href=\"https:\/\/protocolo.umh.es\/2023\/01\/27\/festividad-santo-tomas-de-aquino-2023-investidura-de-fred-wudl-como-doctor-honoris-causa\/\">Fred Wudl<\/a> (26\/01\/2023)\u00a0<\/span><\/li>\n<\/ul>\n<p><a href=\"https:\/\/protocolo.umh.es\/files\/2021\/07\/Madro\u00f1o.jpg\"><img loading=\"lazy\" class=\"alignnone size-medium wp-image-27086\" src=\"https:\/\/protocolo.umh.es\/files\/2021\/07\/Madro\u00f1o-298x300.jpg\" alt=\"\" width=\"298\" height=\"300\" srcset=\"https:\/\/protocolo.umh.es\/files\/2021\/07\/Madro\u00f1o-298x300.jpg 298w, https:\/\/protocolo.umh.es\/files\/2021\/07\/Madro\u00f1o-150x150.jpg 150w, https:\/\/protocolo.umh.es\/files\/2021\/07\/Madro\u00f1o-32x32.jpg 32w, https:\/\/protocolo.umh.es\/files\/2021\/07\/Madro\u00f1o-64x64.jpg 64w, https:\/\/protocolo.umh.es\/files\/2021\/07\/Madro\u00f1o-96x96.jpg 96w, https:\/\/protocolo.umh.es\/files\/2021\/07\/Madro\u00f1o-128x128.jpg 128w, https:\/\/protocolo.umh.es\/files\/2021\/07\/Madro\u00f1o.jpg 456w\" sizes=\"(max-width: 298px) 100vw, 298px\" \/><\/a><\/p>\n<p>ORIGEN: Regi\u00f3n mediterr\u00e1nea.<\/p>\n<p>CARACTER\u00cdSTICAS:<\/p>\n<ul>\n<li>Peque\u00f1o \u00e1rbol perenne con tronco rojizo y graciosos frutos esf\u00e9ricos.<\/li>\n<\/ul>\n<p>CURIOSIDADES:<\/p>\n<ul>\n<li>A pesar de ser especie aut\u00f3ctona en Espa\u00f1a, en Canarias est\u00e1 incluida en el Cat\u00e1logo Espa\u00f1ol De Especies Ex\u00f3ticas Invasoras.<\/li>\n<li>Entre los romanos era un \u00e1rbol sagrado.<\/li>\n<li>El madro\u00f1o junto con la osa apoyadas sobre \u00e9l con sus pates delanteras, figura en el escudo de Madrid.<\/li>\n<\/ul>\n<p>USOS:<\/p>\n<ul>\n<li>ORNAMENTAL: Debido al colorido de sus bayas amarillas, anaranjadas y rojas.<\/li>\n<li>ALIMENTARIO: Sus frutos se usan para hacer mermeladas, confituras, conservas y para obtener bebidas alcoh\u00f3licas por fermentaci\u00f3n como el licor de madro\u00f1o alicantino<em>.<\/em><\/li>\n<li>MEDICINAL: Su corteza se ha utilizado en medicina natural como diur\u00e9tico, astringente y antis\u00e9ptico urinario y renal.<\/li>\n<\/ul>\n<p><\/p>","protected":false},"excerpt":{"rendered":"<p>Nombre com\u00fan: Madro\u00f1o<br \/>\nNombre cient\u00edfico: Arbutus unedo, L.<br \/>\nHonoris Causa: Enrique Dacosta Vadillo (27\/06\/2013) , Fred Wudl (26\/01\/2023)\u00a0<\/p>\n<p>ORIGEN: Regi\u00f3n mediterr\u00e1nea.<br \/>\nCARACTER\u00cdSTICAS:<\/p>\n<p>Peque\u00f1o \u00e1rbol perenne con tronco rojizo y graciosos frutos esf\u00e9ricos.<\/p>\n<p>CURIOSIDADES:<\/p>\n<p>A pesar de ser especie aut\u00f3ctona en Espa\u00f1a, en Canarias est\u00e1 incluida en el Cat\u00e1logo Espa\u00f1ol De Especies Ex\u00f3ticas Invasoras.<br \/>\nEntre los romanos era un \u00e1rbol sagrado.<br \/>\nEl madro\u00f1o junto con [&#8230;]<\/p>\n","protected":false},"author":3285,"featured_media":0,"parent":25517,"menu_order":24,"comment_status":"closed","ping_status":"closed","template":"","meta":{"ngg_post_thumbnail":0,"_links_to":"","_links_to_target":""},"_links":{"self":[{"href":"https:\/\/protocolo.umh.es\/ca\/wp-json\/wp\/v2\/pages\/27083"}],"collection":[{"href":"https:\/\/protocolo.umh.es\/ca\/wp-json\/wp\/v2\/pages"}],"about":[{"href":"https:\/\/protocolo.umh.es\/ca\/wp-json\/wp\/v2\/types\/page"}],"author":[{"embeddable":true,"href":"https:\/\/protocolo.umh.es\/ca\/wp-json\/wp\/v2\/users\/3285"}],"replies":[{"embeddable":true,"href":"https:\/\/protocolo.umh.es\/ca\/wp-json\/wp\/v2\/comments?post=27083"}],"version-history":[{"count":0,"href":"https:\/\/protocolo.umh.es\/ca\/wp-json\/wp\/v2\/pages\/27083\/revisions"}],"up":[{"embeddable":true,"href":"https:\/\/protocolo.umh.es\/ca\/wp-json\/wp\/v2\/pages\/25517"}],"wp:attachment":[{"href":"https:\/\/protocolo.umh.es\/ca\/wp-json\/wp\/v2\/media?parent=27083"}],"curies":[{"name":"wp","href":"https:\/\/api.w.org\/{rel}","templated":true}]}}