{"id":27077,"date":"2021-07-27T09:37:37","date_gmt":"2021-07-27T07:37:37","guid":{"rendered":"https:\/\/protocolo.umh.es\/?page_id=27077"},"modified":"2026-02-12T11:11:03","modified_gmt":"2026-02-12T10:11:03","slug":"laurel","status":"publish","type":"page","link":"https:\/\/protocolo.umh.es\/ca\/jardin-de-los-honoris\/laurel\/","title":{"rendered":"Laurel"},"content":{"rendered":"<p><\/p>\n<ul>\n<li><span style=\"color: #808000\">Nom com\u00fa: Llorer<br \/>\n<\/span><\/li>\n<li><span style=\"color: #808000\">Nom cient\u00edfic: Laurus nobilis, L.<br \/>\n<\/span><\/li>\n<li><span style=\"color: #808000\">Honoris Causa: <a href=\"https:\/\/protocolo.umh.es\/2014\/01\/13\/festividad-de-santo-tomas-de-aquino-2014-e-investidura-como-doctor-honoris-causa-del-excmo-sr-d-francisco-garcia-olmedo\/\">Francisco Garc\u00eda Olmedo<\/a>\u00a0 (28\/01\/2014)<\/span><\/li>\n<\/ul>\n<p><a href=\"https:\/\/protocolo.umh.es\/files\/2021\/07\/laurel.jpg\"><img loading=\"lazy\" class=\"alignnone size-medium wp-image-27080\" src=\"https:\/\/protocolo.umh.es\/files\/2021\/07\/laurel-300x282.jpg\" alt=\"\" width=\"300\" height=\"282\" srcset=\"https:\/\/protocolo.umh.es\/files\/2021\/07\/laurel-300x282.jpg 300w, https:\/\/protocolo.umh.es\/files\/2021\/07\/laurel.jpg 487w\" sizes=\"(max-width: 300px) 100vw, 300px\" \/><\/a><\/p>\n<p>ORIGEN: Regi\u00f3 mediterr\u00e0nia, encara que la seua distribuci\u00f3 natural \u00e9s dif\u00edcil de delimitar.<\/p>\n<p>CARACTER\u00cdSTIQUES:<\/p>\n<p>Arbre o arbust de fulla perenne amb fulles perfumades.<\/p>\n<p>CURIOSITATS:<\/p>\n<p>Malgrat l\u2019\u00fas ampliat de les seues fulles en la cuina, pot arribar a ser t\u00f2xic si se n\u2019abusa, causant trastorns intestinals, encara que ens adonar\u00edem abans perqu\u00e8 amargaria molt el menjar.<br \/>\n\u00c9s s\u00edmbol de vict\u00f2ria; amb les seues fulles es coronaven els herois despr\u00e9s de les seues vict\u00f2ries, aix\u00ed com emperadors i nobles romans.<br \/>\nApareix en cat\u00e0legs d\u2019esp\u00e8cies protegides o amena\u00e7ades de les comunitats d\u2019Andalusia i del Pa\u00eds Valenci\u00e0.<\/p>\n<p>USOS:<\/p>\n<p>ALIMENTARI: Les seues fulles s\u2019utilitzen seques o fresques per a aromatitzar guisats, arrossos i llegums. Les seues baies s\u00f3n perfectes com a guarnici\u00f3 o per a donar sabor, i a It\u00e0lia s\u2019utilitzen per a preparar el licor conegut com a\u2026 (el teu text es tallava ac\u00ed, si vols despr\u00e9s m\u2019envies la frase sencera i la completem).<\/p>\n<p>MEDICINAL: Les seues fulles contenen olis essencials que li confereixen un aroma peculiar, i tenen aplicacions en medicina i veterin\u00e0ria.<\/p>","protected":false},"excerpt":{"rendered":"<p>Nom com\u00fa: Llorer<\/p>\n<p>Nom cient\u00edfic: Laurus nobilis, L.<\/p>\n<p>Honoris Causa: Francisco Garc\u00eda Olmedo\u00a0 (28\/01\/2014)<\/p>\n<p>ORIGEN: Regi\u00f3 mediterr\u00e0nia, encara que la seua distribuci\u00f3 natural \u00e9s dif\u00edcil de delimitar.<br \/>\nCARACTER\u00cdSTIQUES:<br \/>\nArbre o arbust de fulla perenne amb fulles perfumades.<br \/>\nCURIOSITATS:<br \/>\nMalgrat l\u2019\u00fas ampliat de les seues fulles en la cuina, pot arribar a ser t\u00f2xic si se n\u2019abusa, causant trastorns intestinals, encara que ens [&#8230;]<\/p>\n","protected":false},"author":3285,"featured_media":0,"parent":25517,"menu_order":24,"comment_status":"closed","ping_status":"closed","template":"","meta":{"ngg_post_thumbnail":0,"_links_to":"","_links_to_target":""},"_links":{"self":[{"href":"https:\/\/protocolo.umh.es\/ca\/wp-json\/wp\/v2\/pages\/27077"}],"collection":[{"href":"https:\/\/protocolo.umh.es\/ca\/wp-json\/wp\/v2\/pages"}],"about":[{"href":"https:\/\/protocolo.umh.es\/ca\/wp-json\/wp\/v2\/types\/page"}],"author":[{"embeddable":true,"href":"https:\/\/protocolo.umh.es\/ca\/wp-json\/wp\/v2\/users\/3285"}],"replies":[{"embeddable":true,"href":"https:\/\/protocolo.umh.es\/ca\/wp-json\/wp\/v2\/comments?post=27077"}],"version-history":[{"count":0,"href":"https:\/\/protocolo.umh.es\/ca\/wp-json\/wp\/v2\/pages\/27077\/revisions"}],"up":[{"embeddable":true,"href":"https:\/\/protocolo.umh.es\/ca\/wp-json\/wp\/v2\/pages\/25517"}],"wp:attachment":[{"href":"https:\/\/protocolo.umh.es\/ca\/wp-json\/wp\/v2\/media?parent=27077"}],"curies":[{"name":"wp","href":"https:\/\/api.w.org\/{rel}","templated":true}]}}