{"id":27059,"date":"2021-07-27T09:26:40","date_gmt":"2021-07-27T07:26:40","guid":{"rendered":"https:\/\/protocolo.umh.es\/?page_id=27059"},"modified":"2026-02-12T10:47:36","modified_gmt":"2026-02-12T09:47:36","slug":"ginkgo-biloba-l-arbol-de-las-pagodas-arbol-de-los-40-escudos","status":"publish","type":"page","link":"https:\/\/protocolo.umh.es\/ca\/jardin-de-los-honoris\/ginkgo-biloba-l-arbol-de-las-pagodas-arbol-de-los-40-escudos\/","title":{"rendered":"Ginkgo"},"content":{"rendered":"<p><\/p>\n<ul>\n<li>Nom com\u00fa: Arbre de les pagodes \/ Arbre dels 40 escuts<\/li>\n<li>Nom cient\u00edfic: Ginkgo biloba, L.<\/li>\n<li>Honoris Causa: <a href=\"https:\/\/protocolo.umh.es\/2022\/01\/01\/manfred-eigen\/\">Manfred Eigen<\/a> \u00a0(07\/10\/1997),\u00a0 <span style=\"color: #808000\"><a href=\"https:\/\/protocolo.umh.es\/2022\/02\/14\/friedrich-wilhelm-eigler\/\">Friedrich Wilhem Eigler<\/a> <\/span>(26\/01\/2001), <span style=\"color: #808000\"> <a href=\"https:\/\/comunicacion.umh.es\/2002\/10\/04\/solemne-acto-de-apertura-del-curso-acadmico-2002-2003-e-investidura-de-los-excmos-sres-d-juan-rods-teixidor-y-luis-garca-berlanga-como-doctores-honoris-causa\/\">Lu\u00eds Garc\u00eda Berlanga<\/a> <\/span> (04\/10\/2002), <span style=\"color: #808000\"><a href=\"https:\/\/protocolo.umh.es\/2010\/07\/09\/solemne-acto-de-investidura-del-excmo-sr-d-joan-manuel-serrat-como-doctor-honoris-causa-el-21-de-junio-de-2010\/\">Joan Manuel Serrat i Teresa<\/a> <\/span> (21\/06\/2010)<\/li>\n<\/ul>\n<p>&nbsp;<\/p>\n<p><a href=\"https:\/\/protocolo.umh.es\/files\/2021\/07\/Ginkgo-biloba-L..jpg\"><img loading=\"lazy\" class=\"alignnone wp-image-27062\" src=\"https:\/\/protocolo.umh.es\/files\/2021\/07\/Ginkgo-biloba-L.-300x172.jpg\" alt=\"\" width=\"426\" height=\"244\" srcset=\"https:\/\/protocolo.umh.es\/files\/2021\/07\/Ginkgo-biloba-L.-300x172.jpg 300w, https:\/\/protocolo.umh.es\/files\/2021\/07\/Ginkgo-biloba-L.-768x441.jpg 768w, https:\/\/protocolo.umh.es\/files\/2021\/07\/Ginkgo-biloba-L..jpg 829w\" sizes=\"(max-width: 426px) 100vw, 426px\" \/><\/a><\/p>\n<p>ORIGEN: Prov\u00e9 de la Xina, on \u00e9s considerat un arbre sagrat.<\/p>\n<p>CARACTER\u00cdSTIQUES:<\/p>\n<p>La seua fulla \u00e9s caduca.<br \/>\nEl seu creixement \u00e9s extremadament lent; hi ha arbres mascles i femelles.<\/p>\n<p>CURIOSITATS:<\/p>\n<p>El ginkgo \u00e9s considerat l\u2019esp\u00e8cie vegetal viva m\u00e9s antiga del m\u00f3n.<br \/>\nA nivell bot\u00e0nic \u00e9s molt valorat per ser un dels vegetals que m\u00e9s temps ha rom\u00e0s sense patir canvis a trav\u00e9s de les eres geol\u00f2giques, motiu pel qual se l\u2019anomena \u201cf\u00f2ssil vivent\u201d.<br \/>\nLes seues llavors tenen una olor molt desagradable; si vols plantar-ne un al teu jard\u00ed, tria un exemplar mascle.<br \/>\nCont\u00e9 nombrosos compostos qu\u00edmics amb aplicacions medicinals \u00fatils en el tractament de l\u2019asma, la bronquitis, malalties cardiovasculars, fatiga, p\u00e8rdues de mem\u00f2ria, Alzheimer i altres dem\u00e8ncies, esclerosi m\u00faltiple i altres disfuncions.<\/p>\n<p>USOS:<\/p>\n<p>ORNAMENTAL: Arbre de gran bellesa tant pel seu port com per les seues fulles i els canvis estacionals.<br \/>\nMEDICINAL: S\u2019utilitza per a aquests fins, especialment les fulles i les llavors.<\/p>","protected":false},"excerpt":{"rendered":"<p>Nom com\u00fa: Arbre de les pagodes \/ Arbre dels 40 escuts<br \/>\nNom cient\u00edfic: Ginkgo biloba, L.<br \/>\nHonoris Causa: Manfred Eigen \u00a0(07\/10\/1997),\u00a0 Friedrich Wilhem Eigler (26\/01\/2001),  Lu\u00eds Garc\u00eda Berlanga  (04\/10\/2002), Joan Manuel Serrat i Teresa  (21\/06\/2010)<\/p>\n<p>&nbsp;<\/p>\n<p>ORIGEN: Prov\u00e9 de la Xina, on \u00e9s considerat un arbre sagrat.<br \/>\nCARACTER\u00cdSTIQUES:<br \/>\nLa seua fulla \u00e9s caduca.<br \/>\nEl seu creixement \u00e9s extremadament lent; [&#8230;]<\/p>\n","protected":false},"author":3285,"featured_media":0,"parent":25517,"menu_order":20,"comment_status":"closed","ping_status":"closed","template":"","meta":{"ngg_post_thumbnail":0,"_links_to":"","_links_to_target":""},"_links":{"self":[{"href":"https:\/\/protocolo.umh.es\/ca\/wp-json\/wp\/v2\/pages\/27059"}],"collection":[{"href":"https:\/\/protocolo.umh.es\/ca\/wp-json\/wp\/v2\/pages"}],"about":[{"href":"https:\/\/protocolo.umh.es\/ca\/wp-json\/wp\/v2\/types\/page"}],"author":[{"embeddable":true,"href":"https:\/\/protocolo.umh.es\/ca\/wp-json\/wp\/v2\/users\/3285"}],"replies":[{"embeddable":true,"href":"https:\/\/protocolo.umh.es\/ca\/wp-json\/wp\/v2\/comments?post=27059"}],"version-history":[{"count":0,"href":"https:\/\/protocolo.umh.es\/ca\/wp-json\/wp\/v2\/pages\/27059\/revisions"}],"up":[{"embeddable":true,"href":"https:\/\/protocolo.umh.es\/ca\/wp-json\/wp\/v2\/pages\/25517"}],"wp:attachment":[{"href":"https:\/\/protocolo.umh.es\/ca\/wp-json\/wp\/v2\/media?parent=27059"}],"curies":[{"name":"wp","href":"https:\/\/api.w.org\/{rel}","templated":true}]}}