{"id":27053,"date":"2021-07-27T09:22:59","date_gmt":"2021-07-27T07:22:59","guid":{"rendered":"https:\/\/protocolo.umh.es\/?page_id=27053"},"modified":"2026-02-12T10:41:27","modified_gmt":"2026-02-12T09:41:27","slug":"fresno-comun","status":"publish","type":"page","link":"https:\/\/protocolo.umh.es\/ca\/jardin-de-los-honoris\/fresno-comun\/","title":{"rendered":"Freixe com\u00fa"},"content":{"rendered":"<p><\/p>\n<ul>\n<li>Nom com\u00fa: Freixe com\u00fa.<\/li>\n<li>Nom cient\u00edfic: Fraxinus excelsior;<\/li>\n<li>Honoris Causa:\u00a0<a href=\"https:\/\/protocolo.umh.es\/2021\/02\/11\/28855\/\">Fernando \u00c1lvarez de Miranda<\/a> (04\/10\/1999)<\/li>\n<\/ul>\n<p><a href=\"https:\/\/protocolo.umh.es\/files\/2021\/07\/Fresno-com\u00fan.jpg\"><img loading=\"lazy\" class=\"alignnone wp-image-27056\" src=\"https:\/\/protocolo.umh.es\/files\/2021\/07\/Fresno-com\u00fan.jpg\" alt=\"\" width=\"649\" height=\"401\" srcset=\"https:\/\/protocolo.umh.es\/files\/2021\/07\/Fresno-com\u00fan.jpg 724w, https:\/\/protocolo.umh.es\/files\/2021\/07\/Fresno-com\u00fan-300x185.jpg 300w\" sizes=\"(max-width: 649px) 100vw, 649px\" \/><\/a><\/p>\n<p>ORIGEN: Europa (des del nord d\u2019Espanya fins a R\u00fassia).<\/p>\n<p>CARACTER\u00cdSTIQUES:<\/p>\n<p>Arbre caduc de gran port i creixement r\u00e0pid.<\/p>\n<p>CURIOSITATS:<\/p>\n<p>S\u2019utilitza per a restaurar terres remogudes i talussos dels rius.<br \/>\nIncl\u00f2s en els cat\u00e0legs de flora protegida i amena\u00e7ada de Castella-la Manxa i Madrid.<\/p>\n<p>USOS:<\/p>\n<p>INDUSTRIAL: La seua fusta s\u2019utilitza en ebenisteria, fusteria i torneria. Tamb\u00e9 \u00e9s bona com a llenya per a cremar.<br \/>\nMEDICINAL: S\u2019utilitzen les seues fulles i escor\u00e7a com a remei antiinflamatori, laxant i di\u00fcr\u00e8tic.<br \/>\nORNAMENTAL: Pel seu bell port i r\u00e0pid creixement, generant bona ombra.<\/p>","protected":false},"excerpt":{"rendered":"<p>Nom com\u00fa: Freixe com\u00fa.<br \/>\nNom cient\u00edfic: Fraxinus excelsior;<br \/>\nHonoris Causa:\u00a0Fernando \u00c1lvarez de Miranda (04\/10\/1999)<\/p>\n<p>ORIGEN: Europa (des del nord d\u2019Espanya fins a R\u00fassia).<br \/>\nCARACTER\u00cdSTIQUES:<br \/>\nArbre caduc de gran port i creixement r\u00e0pid.<br \/>\nCURIOSITATS:<br \/>\nS\u2019utilitza per a restaurar terres remogudes i talussos dels rius.<br \/>\nIncl\u00f2s en els cat\u00e0legs de flora protegida i amena\u00e7ada de Castella-la Manxa i Madrid.<br \/>\nUSOS:<br \/>\nINDUSTRIAL: La seua fusta s\u2019utilitza en ebenisteria, [&#8230;]<\/p>\n","protected":false},"author":3285,"featured_media":0,"parent":25517,"menu_order":19,"comment_status":"closed","ping_status":"closed","template":"","meta":{"ngg_post_thumbnail":0,"_links_to":"","_links_to_target":""},"_links":{"self":[{"href":"https:\/\/protocolo.umh.es\/ca\/wp-json\/wp\/v2\/pages\/27053"}],"collection":[{"href":"https:\/\/protocolo.umh.es\/ca\/wp-json\/wp\/v2\/pages"}],"about":[{"href":"https:\/\/protocolo.umh.es\/ca\/wp-json\/wp\/v2\/types\/page"}],"author":[{"embeddable":true,"href":"https:\/\/protocolo.umh.es\/ca\/wp-json\/wp\/v2\/users\/3285"}],"replies":[{"embeddable":true,"href":"https:\/\/protocolo.umh.es\/ca\/wp-json\/wp\/v2\/comments?post=27053"}],"version-history":[{"count":0,"href":"https:\/\/protocolo.umh.es\/ca\/wp-json\/wp\/v2\/pages\/27053\/revisions"}],"up":[{"embeddable":true,"href":"https:\/\/protocolo.umh.es\/ca\/wp-json\/wp\/v2\/pages\/25517"}],"wp:attachment":[{"href":"https:\/\/protocolo.umh.es\/ca\/wp-json\/wp\/v2\/media?parent=27053"}],"curies":[{"name":"wp","href":"https:\/\/api.w.org\/{rel}","templated":true}]}}