{"id":27047,"date":"2021-07-27T09:20:07","date_gmt":"2021-07-27T07:20:07","guid":{"rendered":"https:\/\/protocolo.umh.es\/?page_id=27047"},"modified":"2026-02-12T10:37:17","modified_gmt":"2026-02-12T09:37:17","slug":"encina-o-carrasca","status":"publish","type":"page","link":"https:\/\/protocolo.umh.es\/ca\/jardin-de-los-honoris\/encina-o-carrasca\/","title":{"rendered":"Alzina o carrasca"},"content":{"rendered":"<p><\/p>\n<ul>\n<li><span style=\"color: #808000\">Nom com\u00fa: Alzina o carrasca.<\/span><\/li>\n<li><span style=\"color: #808000\">Nom cient\u00edfic: <em>Quercus ilex<\/em>;<\/span><\/li>\n<li><span style=\"color: #808000\">Honoris Causa: <a href=\"https:\/\/protocolo.umh.es\/2016\/09\/06\/apertura-curso-academico-2016-2017-e-investidura-de-d-jaume-bech-borras-como-doctor-honoris-causa\/\">Jaume Bech i Borr\u00e0s<\/a> (29\/09\/2016)<\/span><\/li>\n<li><span style=\"color: #808000\">Honoris Causa: <a href=\"https:\/\/protocolo.umh.es\/2017\/02\/17\/festividad-de-santo-tomas-de-aquino-2017-e-investidura-como-doctora-honoris-causa-de-sra-teresa-perales\/\">Teresa Perales Fern\u00e1ndez<\/a> (27\/01\/2017)<\/span><\/li>\n<\/ul>\n<p><a href=\"https:\/\/protocolo.umh.es\/files\/2021\/07\/Encina-o-carrasca.jpg\"><img loading=\"lazy\" class=\"alignnone size-full wp-image-27050\" src=\"https:\/\/protocolo.umh.es\/files\/2021\/07\/Encina-o-carrasca.jpg\" alt=\"\" width=\"548\" height=\"488\" srcset=\"https:\/\/protocolo.umh.es\/files\/2021\/07\/Encina-o-carrasca.jpg 548w, https:\/\/protocolo.umh.es\/files\/2021\/07\/Encina-o-carrasca-300x267.jpg 300w\" sizes=\"(max-width: 548px) 100vw, 548px\" \/><\/a><\/p>\n<p>ORIGEN: Regi\u00f3 mediterr\u00e0nia.<\/p>\n<p>CARACTER\u00cdSTIQUES:<\/p>\n<ul>\n<li>Arbre perenne de copa densa i tronc gruixut.<\/li>\n<li>Les seues fulles s\u00f3n molt dures que els servix com a estrat\u00e8gia per a evitar l&#8217;excessiva transpiraci\u00f3, permetent-li viure en llocs secs i exposats al sol.<\/li>\n<\/ul>\n<p>CURIOSITATS:<\/p>\n<ul>\n<li>\u00c9s l&#8217;arbre m\u00e9s representatiu de la Pen\u00ednsula Ib\u00e8rica.<\/li>\n<li>Establix relacions simbi\u00f2tiques amb diversos fongs del s\u00f2l formant micorrizes, un d&#8217;ells \u00e9s el que donar lloc a la benvolguda t\u00f2fona en gastronomia.<\/li>\n<\/ul>\n<p>USOS:<\/p>\n<ul>\n<li>INDUSTRIAL: La seua fusta \u00e9s molt dura, utilitzant-se per a crear peces que hagen de suportar gran fregament (carros, arades, ferramentes\u2026), interessant tamb\u00e9 per la seua llenya per a cremar o per a fer un excel\u00b7lent carb\u00f3.<\/li>\n<li>RAMADERIA: Els porcs alimentats amb bellotes donen els pernils m\u00e9s prestigiosos d&#8217;Espanya.<\/li>\n<li>ORNAMENTAL: Plantat de manera individual o grupal en jardins mediterranis.<\/li>\n<\/ul>\n<p><\/p>","protected":false},"excerpt":{"rendered":"<p>Nom com\u00fa: Alzina o carrasca.<br \/>\nNom cient\u00edfic: Quercus ilex;<br \/>\nHonoris Causa: Jaume Bech i Borr\u00e0s (29\/09\/2016)<br \/>\nHonoris Causa: Teresa Perales Fern\u00e1ndez (27\/01\/2017)<\/p>\n<p>ORIGEN: Regi\u00f3 mediterr\u00e0nia.<br \/>\nCARACTER\u00cdSTIQUES:<\/p>\n<p>Arbre perenne de copa densa i tronc gruixut.<br \/>\nLes seues fulles s\u00f3n molt dures que els servix com a estrat\u00e8gia per a evitar l&#8217;excessiva transpiraci\u00f3, permetent-li viure en llocs secs i exposats al sol.<\/p>\n<p>CURIOSITATS:<\/p>\n<p>\u00c9s l&#8217;arbre m\u00e9s [&#8230;]<\/p>\n","protected":false},"author":3285,"featured_media":0,"parent":25517,"menu_order":18,"comment_status":"closed","ping_status":"closed","template":"","meta":{"ngg_post_thumbnail":0,"_links_to":"","_links_to_target":""},"_links":{"self":[{"href":"https:\/\/protocolo.umh.es\/ca\/wp-json\/wp\/v2\/pages\/27047"}],"collection":[{"href":"https:\/\/protocolo.umh.es\/ca\/wp-json\/wp\/v2\/pages"}],"about":[{"href":"https:\/\/protocolo.umh.es\/ca\/wp-json\/wp\/v2\/types\/page"}],"author":[{"embeddable":true,"href":"https:\/\/protocolo.umh.es\/ca\/wp-json\/wp\/v2\/users\/3285"}],"replies":[{"embeddable":true,"href":"https:\/\/protocolo.umh.es\/ca\/wp-json\/wp\/v2\/comments?post=27047"}],"version-history":[{"count":0,"href":"https:\/\/protocolo.umh.es\/ca\/wp-json\/wp\/v2\/pages\/27047\/revisions"}],"up":[{"embeddable":true,"href":"https:\/\/protocolo.umh.es\/ca\/wp-json\/wp\/v2\/pages\/25517"}],"wp:attachment":[{"href":"https:\/\/protocolo.umh.es\/ca\/wp-json\/wp\/v2\/media?parent=27047"}],"curies":[{"name":"wp","href":"https:\/\/api.w.org\/{rel}","templated":true}]}}