{"id":27035,"date":"2021-07-27T09:16:52","date_gmt":"2021-07-27T07:16:52","guid":{"rendered":"https:\/\/protocolo.umh.es\/?page_id=27035"},"modified":"2026-02-12T10:23:16","modified_gmt":"2026-02-12T09:23:16","slug":"chopo-negro","status":"publish","type":"page","link":"https:\/\/protocolo.umh.es\/ca\/jardin-de-los-honoris\/chopo-negro\/","title":{"rendered":"Xop negre"},"content":{"rendered":"<p><\/p>\n<ul>\n<li>Nom com\u00fa: Xop negre.<\/li>\n<li>Nom cient\u00edfic: Populus nigra;<\/li>\n<li>Honoris Causa: <span style=\"color: #808000\"><a href=\"https:\/\/comunicacion.umh.es\/2004\/01\/28\/solemne-acto-de-acadmico-con-motivo-de-la-festividad-de-santo-toms-de-aquino-e-investidura-del-excmo-sr-d-jos-antonio-escudero-como-doctor-honoris-causa\/\">Jos\u00e9 Antonio Escudero L\u00f3pez<\/a> <\/span> (28\/01\/2004)<\/li>\n<\/ul>\n<p><a href=\"https:\/\/protocolo.umh.es\/files\/2021\/07\/Chopo-negro.jpg\"><img loading=\"lazy\" class=\"alignnone wp-image-27038\" src=\"https:\/\/protocolo.umh.es\/files\/2021\/07\/Chopo-negro.jpg\" alt=\"\" width=\"528\" height=\"339\" srcset=\"https:\/\/protocolo.umh.es\/files\/2021\/07\/Chopo-negro.jpg 886w, https:\/\/protocolo.umh.es\/files\/2021\/07\/Chopo-negro-300x193.jpg 300w, https:\/\/protocolo.umh.es\/files\/2021\/07\/Chopo-negro-768x493.jpg 768w\" sizes=\"(max-width: 528px) 100vw, 528px\" \/><\/a><\/p>\n<p>ORIGEN: Est d\u2019Europa, alguns autors citen el seu origen a la Pen\u00ednsula Ib\u00e8rica.<\/p>\n<p>CARACTER\u00cdSTIQUES:<\/p>\n<p>Arbre caduc que pot arribar als 30 m d\u2019altura.<\/p>\n<p>CURIOSITATS:<\/p>\n<p>\u00c9s l\u2019esp\u00e8cie arb\u00f2ria aut\u00f2ctona de la Pen\u00ednsula Ib\u00e8rica i de les Illes Balears que creix m\u00e9s r\u00e0pidament.<br \/>\nEl fruit allibera les llavors embolcallades en un teixit coton\u00f3s que sovint es confon amb el pol\u00b7len, ja que coincideix amb l\u2019\u00e8poca primaveral de les al\u00b7l\u00e8rgies.<br \/>\nMolt evocat en la literatura, tant en vers com en prosa.<\/p>\n<p>USOS:<\/p>\n<p>ORNAMENTAL: Per la seua eleg\u00e0ncia i el moviment de les seues fulles amb el vent.<br \/>\nINDUSTRIAL: En cr\u00e9ixer tan r\u00e0pid, la seua fusta \u00e9s tova i lleugera, molt \u00fatil per a l\u2019elaboraci\u00f3 de pasta de paper, taulons i embalatges lleugers.<br \/>\nMEDICINAL: Propietats di\u00fcr\u00e8tiques, bals\u00e0miques, expectorants. En \u00fas extern \u00e9s analg\u00e8sic i cicatritzant.<\/p>\n<p>&nbsp;<\/p>","protected":false},"excerpt":{"rendered":"<p>Nom com\u00fa: Xop negre.<br \/>\nNom cient\u00edfic: Populus nigra;<br \/>\nHonoris Causa: Jos\u00e9 Antonio Escudero L\u00f3pez  (28\/01\/2004)<\/p>\n<p>ORIGEN: Est d\u2019Europa, alguns autors citen el seu origen a la Pen\u00ednsula Ib\u00e8rica.<br \/>\nCARACTER\u00cdSTIQUES:<br \/>\nArbre caduc que pot arribar als 30 m d\u2019altura.<br \/>\nCURIOSITATS:<br \/>\n\u00c9s l\u2019esp\u00e8cie arb\u00f2ria aut\u00f2ctona de la Pen\u00ednsula Ib\u00e8rica i de les Illes Balears que creix m\u00e9s r\u00e0pidament.<br \/>\nEl fruit allibera les llavors embolcallades [&#8230;]<\/p>\n","protected":false},"author":3285,"featured_media":0,"parent":25517,"menu_order":17,"comment_status":"closed","ping_status":"closed","template":"","meta":{"ngg_post_thumbnail":0,"_links_to":"","_links_to_target":""},"_links":{"self":[{"href":"https:\/\/protocolo.umh.es\/ca\/wp-json\/wp\/v2\/pages\/27035"}],"collection":[{"href":"https:\/\/protocolo.umh.es\/ca\/wp-json\/wp\/v2\/pages"}],"about":[{"href":"https:\/\/protocolo.umh.es\/ca\/wp-json\/wp\/v2\/types\/page"}],"author":[{"embeddable":true,"href":"https:\/\/protocolo.umh.es\/ca\/wp-json\/wp\/v2\/users\/3285"}],"replies":[{"embeddable":true,"href":"https:\/\/protocolo.umh.es\/ca\/wp-json\/wp\/v2\/comments?post=27035"}],"version-history":[{"count":0,"href":"https:\/\/protocolo.umh.es\/ca\/wp-json\/wp\/v2\/pages\/27035\/revisions"}],"up":[{"embeddable":true,"href":"https:\/\/protocolo.umh.es\/ca\/wp-json\/wp\/v2\/pages\/25517"}],"wp:attachment":[{"href":"https:\/\/protocolo.umh.es\/ca\/wp-json\/wp\/v2\/media?parent=27035"}],"curies":[{"name":"wp","href":"https:\/\/api.w.org\/{rel}","templated":true}]}}