{"id":27014,"date":"2021-07-27T09:11:58","date_gmt":"2021-07-27T07:11:58","guid":{"rendered":"https:\/\/protocolo.umh.es\/?page_id=27014"},"modified":"2026-02-12T10:13:41","modified_gmt":"2026-02-12T09:13:41","slug":"cedro-del-himalaya","status":"publish","type":"page","link":"https:\/\/protocolo.umh.es\/ca\/jardin-de-los-honoris\/cedro-del-himalaya\/","title":{"rendered":"Cedre de l&#8217;Him\u00e0laia"},"content":{"rendered":"<p><\/p>\n<ul>\n<li><span style=\"color: #808000\">Nom com\u00fa: Cedre de l\u2019Him\u00e0laia.<br \/>\n<\/span><\/li>\n<li><span style=\"color: #808000\">Nom cient\u00edfic: Cedrus deodara; (D. Don) G. Don.<br \/>\n<\/span><\/li>\n<li><span style=\"color: #808000\">Honoris Causa: <\/span><span style=\"color: #808000\"><a href=\"https:\/\/comunicacion.umh.es\/2002\/09\/25\/solemne-acto-de-investidura-del-excmo-sr-d-egon-balas\/\">Egon Balas<\/a> (25\/09\/2002)<\/span><span style=\"color: #808000\"> <a href=\"https:\/\/comunicacion.umh.es\/2003\/01\/09\/solemne-acto-de-investidura-del-excmo-sr-d-josep-carreras-coll\/\">Josep Carreras Coll<\/a> (09\/01\/2003) <\/span><span style=\"color: #808000\">\u00a0<a href=\"https:\/\/protocolo.umh.es\/2021\/02\/11\/pedro-amat-munoz\/\">Pedro Amat Mu\u00f1oz<\/a> (29\/10\/2004)<\/span><span style=\"color: #808000\"> <a href=\"https:\/\/protocolo.umh.es\/2022\/04\/07\/festividad-de-santo-tomas-de-aquino-e-investidura-del-exmo-sr-d-millan-millan-munoz-como-doctor-honoris-causa-28-de-enero-de-2009\/\">Mill\u00e1n Mill\u00e1n Mu\u00f1oz<\/a> (28\/01\/2009)<\/span><\/li>\n<\/ul>\n<p><a href=\"https:\/\/protocolo.umh.es\/files\/2021\/07\/Cedro-del-Himalaya.jpg\"><img loading=\"lazy\" class=\"alignnone wp-image-27017\" src=\"https:\/\/protocolo.umh.es\/files\/2021\/07\/Cedro-del-Himalaya.jpg\" alt=\"\" width=\"842\" height=\"547\" srcset=\"https:\/\/protocolo.umh.es\/files\/2021\/07\/Cedro-del-Himalaya.jpg 936w, https:\/\/protocolo.umh.es\/files\/2021\/07\/Cedro-del-Himalaya-300x195.jpg 300w, https:\/\/protocolo.umh.es\/files\/2021\/07\/Cedro-del-Himalaya-768x499.jpg 768w\" sizes=\"(max-width: 842px) 100vw, 842px\" \/><\/a><\/p>\n<p>ORIGEN: Oest de la serralada de l\u2019Him\u00e0laia.<\/p>\n<p>CARACTER\u00cdSTIQUES:<\/p>\n<p>Arbre perenne, que pot arribar als 70 m d\u2019altura.<br \/>\nMolt longeu, pot arribar al mil\u00b7lenni.<\/p>\n<p>CURIOSITATS:<\/p>\n<p>El seu nom espec\u00edfic \u201cdeodara\u201d prov\u00e9 del s\u00e0nscrit antic devadara, que significa \u201carbre dels d\u00e9us\u201d.<br \/>\n\u00c9s l\u2019arbre nacional del Pakistan.<\/p>\n<p>USOS:<\/p>\n<p>PERFUMERIA: La seua fusta despr\u00e9n una aroma agradable de la qual s\u2019extrau la seua ess\u00e8ncia.<br \/>\nMEDICINAL: S\u2019utilitza com a carminatiu, antiespasm\u00f2dic, sudor\u00edfic, alleuja la tos i cura malalties de la pell (\u00e8czemes, psoriasi, etc\u00e8tera).<br \/>\nORNAMENTAL: Arbre de gran bellesa i port majestu\u00f3s.<\/p>","protected":false},"excerpt":{"rendered":"<p>Nom com\u00fa: Cedre de l\u2019Him\u00e0laia.<\/p>\n<p>Nom cient\u00edfic: Cedrus deodara; (D. Don) G. Don.<\/p>\n<p>Honoris Causa: Egon Balas (25\/09\/2002) Josep Carreras Coll (09\/01\/2003) \u00a0Pedro Amat Mu\u00f1oz (29\/10\/2004) Mill\u00e1n Mill\u00e1n Mu\u00f1oz (28\/01\/2009)<\/p>\n<p>ORIGEN: Oest de la serralada de l\u2019Him\u00e0laia.<br \/>\nCARACTER\u00cdSTIQUES:<br \/>\nArbre perenne, que pot arribar als 70 m d\u2019altura.<br \/>\nMolt longeu, pot arribar al mil\u00b7lenni.<br \/>\nCURIOSITATS:<br \/>\nEl seu nom espec\u00edfic \u201cdeodara\u201d prov\u00e9 del s\u00e0nscrit antic [&#8230;]<\/p>\n","protected":false},"author":3285,"featured_media":0,"parent":25517,"menu_order":15,"comment_status":"closed","ping_status":"closed","template":"","meta":{"ngg_post_thumbnail":0,"_links_to":"","_links_to_target":""},"_links":{"self":[{"href":"https:\/\/protocolo.umh.es\/ca\/wp-json\/wp\/v2\/pages\/27014"}],"collection":[{"href":"https:\/\/protocolo.umh.es\/ca\/wp-json\/wp\/v2\/pages"}],"about":[{"href":"https:\/\/protocolo.umh.es\/ca\/wp-json\/wp\/v2\/types\/page"}],"author":[{"embeddable":true,"href":"https:\/\/protocolo.umh.es\/ca\/wp-json\/wp\/v2\/users\/3285"}],"replies":[{"embeddable":true,"href":"https:\/\/protocolo.umh.es\/ca\/wp-json\/wp\/v2\/comments?post=27014"}],"version-history":[{"count":0,"href":"https:\/\/protocolo.umh.es\/ca\/wp-json\/wp\/v2\/pages\/27014\/revisions"}],"up":[{"embeddable":true,"href":"https:\/\/protocolo.umh.es\/ca\/wp-json\/wp\/v2\/pages\/25517"}],"wp:attachment":[{"href":"https:\/\/protocolo.umh.es\/ca\/wp-json\/wp\/v2\/media?parent=27014"}],"curies":[{"name":"wp","href":"https:\/\/api.w.org\/{rel}","templated":true}]}}