{"id":27007,"date":"2021-07-26T13:44:31","date_gmt":"2021-07-26T11:44:31","guid":{"rendered":"https:\/\/protocolo.umh.es\/?page_id=27007"},"modified":"2026-02-12T09:56:23","modified_gmt":"2026-02-12T08:56:23","slug":"catalpa","status":"publish","type":"page","link":"https:\/\/protocolo.umh.es\/ca\/jardin-de-los-honoris\/catalpa\/","title":{"rendered":"Catalpa"},"content":{"rendered":"<p><\/p>\n<ul>\n<li>Nom com\u00fa: Catalpa.<\/li>\n<li>Nom cient\u00edfic: Catalpa bignonioides; Walter, Fl. Carol.<\/li>\n<li>Honoris Causa:\u00a0<a href=\"https:\/\/protocolo.umh.es\/2012\/01\/27\/santo-tomas-de-aquino\/\">Mar\u00eda Josefa Izuel Gim\u00e9nez <\/a>(27\/01\/2012)<\/li>\n<\/ul>\n<p><a href=\"https:\/\/protocolo.umh.es\/files\/2021\/07\/Catalpa.-1.jpg\"><img loading=\"lazy\" class=\"alignnone wp-image-27011\" src=\"https:\/\/protocolo.umh.es\/files\/2021\/07\/Catalpa.-1.jpg\" alt=\"\" width=\"553\" height=\"530\" srcset=\"https:\/\/protocolo.umh.es\/files\/2021\/07\/Catalpa.-1.jpg 689w, https:\/\/protocolo.umh.es\/files\/2021\/07\/Catalpa.-1-300x287.jpg 300w, https:\/\/protocolo.umh.es\/files\/2021\/07\/Catalpa.-1-32x32.jpg 32w\" sizes=\"(max-width: 553px) 100vw, 553px\" \/><\/a><\/p>\n<p>ORIGEN: Sud dels Estats Units.<\/p>\n<p>CARACTER\u00cdSTIQUES:<\/p>\n<p>La seua fulla \u00e9s caduca.<br \/>\nCreixement molt r\u00e0pid.<\/p>\n<p>CURIOSITATS:<\/p>\n<p>El terme de la seua esp\u00e8cie t\u00e9 dues interpretacions: la primera \u00e9s que el seu nom es deu a la semblan\u00e7a de les seues flors amb les bign\u00f2nies i la segona \u00e9s que es va posar en honor a Jean Paul Bignon (bibliotecari de Llu\u00eds XV de Fran\u00e7a).<\/p>\n<p>USOS:<\/p>\n<p>MEDICINAL: Entre altres usos, les seues fulles s\u2019han emprat per alleujar problemes respiratoris i per a la curaci\u00f3 de dificultats card\u00edaques.<br \/>\nORNAMENTAL: Arbre de gran bellesa i gran port, amb fulles grans i en forma de cor. A m\u00e9s, les seues flors s\u00f3n perfumades i els seus fruits s\u00f3n beines fines i llargues molt cridaneres, ja que queden penjades de l\u2019arbre despr\u00e9s de la caiguda de les fulles.<\/p>","protected":false},"excerpt":{"rendered":"<p>Nom com\u00fa: Catalpa.<br \/>\nNom cient\u00edfic: Catalpa bignonioides; Walter, Fl. Carol.<br \/>\nHonoris Causa:\u00a0Mar\u00eda Josefa Izuel Gim\u00e9nez (27\/01\/2012)<\/p>\n<p>ORIGEN: Sud dels Estats Units.<br \/>\nCARACTER\u00cdSTIQUES:<br \/>\nLa seua fulla \u00e9s caduca.<br \/>\nCreixement molt r\u00e0pid.<br \/>\nCURIOSITATS:<br \/>\nEl terme de la seua esp\u00e8cie t\u00e9 dues interpretacions: la primera \u00e9s que el seu nom es deu a la semblan\u00e7a de les seues flors amb les bign\u00f2nies i la segona \u00e9s [&#8230;]<\/p>\n","protected":false},"author":3285,"featured_media":0,"parent":25517,"menu_order":14,"comment_status":"closed","ping_status":"closed","template":"","meta":{"ngg_post_thumbnail":0,"_links_to":"","_links_to_target":""},"_links":{"self":[{"href":"https:\/\/protocolo.umh.es\/ca\/wp-json\/wp\/v2\/pages\/27007"}],"collection":[{"href":"https:\/\/protocolo.umh.es\/ca\/wp-json\/wp\/v2\/pages"}],"about":[{"href":"https:\/\/protocolo.umh.es\/ca\/wp-json\/wp\/v2\/types\/page"}],"author":[{"embeddable":true,"href":"https:\/\/protocolo.umh.es\/ca\/wp-json\/wp\/v2\/users\/3285"}],"replies":[{"embeddable":true,"href":"https:\/\/protocolo.umh.es\/ca\/wp-json\/wp\/v2\/comments?post=27007"}],"version-history":[{"count":0,"href":"https:\/\/protocolo.umh.es\/ca\/wp-json\/wp\/v2\/pages\/27007\/revisions"}],"up":[{"embeddable":true,"href":"https:\/\/protocolo.umh.es\/ca\/wp-json\/wp\/v2\/pages\/25517"}],"wp:attachment":[{"href":"https:\/\/protocolo.umh.es\/ca\/wp-json\/wp\/v2\/media?parent=27007"}],"curies":[{"name":"wp","href":"https:\/\/api.w.org\/{rel}","templated":true}]}}