{"id":20,"date":"2022-02-04T11:19:03","date_gmt":"2022-02-04T10:19:03","guid":{"rendered":"http:\/\/protocolo.umh.es\/reserva-de-espacios\/"},"modified":"2026-04-01T14:14:28","modified_gmt":"2026-04-01T12:14:28","slug":"reserva-de-espacios","status":"publish","type":"page","link":"https:\/\/protocolo.umh.es\/ca\/reserva-de-espacios\/","title":{"rendered":"Reserva sal\u00f3 d&#8217; actes Rectorat"},"content":{"rendered":"<p>Des de la Unitat de Protocol es gestiona la reserva del <strong>Sal\u00f3 de Actes<\/strong> situat a l&#8217;Edificio Rectorado y Consejo Social de la Universitat Miguel Hern\u00e1ndez d&#8217;Elx.<\/p>\n<ul>\n<li style=\"text-align: left\"><a href=\"https:\/\/protocolo.umh.es\/files\/2022\/02\/Procedimiento-reserva-de-espacios-2022.pdf\"><span style=\"text-decoration: underline\"><strong>PROCEDIMENT<\/strong><\/span><\/a><\/li>\n<\/ul>\n<p>\u00d3RGAN COMPETENT: La Unidat de Protocol gestiona la reserva d&#8217;estancias del Sal\u00f3 de Actes.<br \/>\nCARACTER\u00cdSTIQUES DEL SAL\u00d3 DE ACTES<br \/>\nUbicaci\u00f3 a la planta baixa de l\u2019edifici.<br \/>\nCapacitat: 390 butaques i 7 llocs en la taula presidencial.<br \/>\nDisposa de punt de xarxa, connexi\u00f3 wifi, can\u00f3, sistema de gravaci\u00f3 d\u2019actes i possibilitat d\u2019\u00fas de patch-panel per a connexi\u00f3 dels Mitjans de Comunicaci\u00f3.<\/p>\n<p>COM Y ON PRESENTAR LA SOL\u00b7LICITUD<br \/>\nA trav\u00e9s del web de la Unitat de Protocol, complimentant el formulari de sol\u00b7licitud de reserva d\u2019estances.<br \/>\nLa Unitat de Protocol remetr\u00e0 un correu electr\u00f2nic de resposta a la sol\u00b7licitud, confirmant la reserva o, si aquesta no fora factible en els termes sol\u00b7licitats, proposant alternatives a la mateixa.<\/p>\n<ul>\n<li><a href=\"https:\/\/forms.gle\/ftCfJHEYvzMeGgeU8\"><strong>FORMULARI DE SOL\u00b7LICITUD<\/strong><\/a><\/li>\n<\/ul>\n<p>&nbsp;<\/p>\n<ul>\n<li><strong><a href=\"https:\/\/prevencion.umh.es\/files\/2012\/09\/emergencia-actos-extraordinarios-v1.3.pdf\" target=\"_blank\" rel=\"noopener noreferrer\">Tractament de la prevenci\u00f3 de situacions d&#8217;emerg\u00e8ncia per a actes<\/a><\/strong><\/li>\n<\/ul>\n<p>&nbsp;<\/p>\n<ul>\n<li><strong><a href=\"https:\/\/www.youtube.com\/watch?v=NV0oPgHvqOk\">Altres espais UMH<\/a><\/strong><\/li>\n<\/ul>\n<p>AFORAMENT EDIFICI VALONA<\/p>\n<div class=\"gmail_default\">Cinemateca: 108 personas<\/div>\n<div class=\"gmail_default\">\n<div class=\"gmail_default\">\n<div class=\"gmail_default\">\n<div class=\"gmail_default\">\n<div class=\"gmail_default\">\n<div class=\"gmail_default\">Sala de graus de la Escola de Doctorat: 84 persones<br \/>\nAula 2.1. 24 persones, amb taules y 10 cadires de pala: total 34<br \/>\nAula 2.2. 24 persones, amb taules y 10 cadires de pala: total 34<\/div>\n<div class=\"gmail_default\">Aula 3.1. 40 persones, cadires de pala.<br \/>\nAula 3.2. 40 persones, cadires de pala.<br \/>\nAula 4.1. 31 persones, amb taules.<\/div>\n<\/div>\n<\/div>\n<\/div>\n<div><\/div>\n<\/div>\n<div><a href=\"https:\/\/protocolo.umh.es\/files\/2025\/02\/ARCHIVO-VISUAL-ESPACIOS-ACTOS.pptx\">ARXIU VISUAL ESPAIS ACTES<\/a><\/div>\n<\/div>\n<p><strong>\u00a0<\/strong><\/p>\n<ul>\n<li><strong>Localitzaci\u00f3 del Sal\u00f3 d&#8217;Actes de l&#8217;edifici de Rectorat i Consell Social<\/strong><\/li>\n<\/ul>\n[<a href=\"https:\/\/universite.umh.es\/localizaciones\/default.htm?&amp;selT=estancias&amp;selI=E16p0039\">Veure pantalla completa<\/a>]<br><br><iframe src=\"https:\/\/universite.umh.es\/localizaciones\/default.htm?face=nok&amp;selT=estancias&amp;selI=E16p0039\" frameborder=0 style=\"border: 0px solid #ffffff;\" width=\"600 px\" height=\"425 px\"><\/iframe>\n\n<pre><\/pre>\n<p><\/p>","protected":false},"excerpt":{"rendered":"<p>Des de la Unitat de Protocol es gestiona la reserva del Sal\u00f3 de Actes situat a l&#8217;Edificio Rectorado y Consejo Social de la Universitat Miguel Hern\u00e1ndez d&#8217;Elx.<\/p>\n<p>PROCEDIMENT<\/p>\n<p>\u00d3RGAN COMPETENT: La Unidat de Protocol gestiona la reserva d&#8217;estancias del Sal\u00f3 de Actes.<br \/>\nCARACTER\u00cdSTIQUES DEL SAL\u00d3 DE ACTES<br \/>\nUbicaci\u00f3 a la planta baixa de l\u2019edifici.<br \/>\nCapacitat: 390 butaques i 7 llocs [&#8230;]<\/p>\n","protected":false},"author":309,"featured_media":0,"parent":0,"menu_order":700,"comment_status":"closed","ping_status":"open","template":"","meta":{"ngg_post_thumbnail":0,"_links_to":"","_links_to_target":""},"_links":{"self":[{"href":"https:\/\/protocolo.umh.es\/ca\/wp-json\/wp\/v2\/pages\/20"}],"collection":[{"href":"https:\/\/protocolo.umh.es\/ca\/wp-json\/wp\/v2\/pages"}],"about":[{"href":"https:\/\/protocolo.umh.es\/ca\/wp-json\/wp\/v2\/types\/page"}],"author":[{"embeddable":true,"href":"https:\/\/protocolo.umh.es\/ca\/wp-json\/wp\/v2\/users\/309"}],"replies":[{"embeddable":true,"href":"https:\/\/protocolo.umh.es\/ca\/wp-json\/wp\/v2\/comments?post=20"}],"version-history":[{"count":0,"href":"https:\/\/protocolo.umh.es\/ca\/wp-json\/wp\/v2\/pages\/20\/revisions"}],"wp:attachment":[{"href":"https:\/\/protocolo.umh.es\/ca\/wp-json\/wp\/v2\/media?parent=20"}],"curies":[{"name":"wp","href":"https:\/\/api.w.org\/{rel}","templated":true}]}}