{"id":19,"date":"2012-02-23T15:20:49","date_gmt":"2012-02-23T15:20:49","guid":{"rendered":"http:\/\/protocolo.umh.es\/actos\/otros-actos\/"},"modified":"2023-07-28T10:32:31","modified_gmt":"2023-07-28T08:32:31","slug":"otros-actos","status":"publish","type":"page","link":"https:\/\/protocolo.umh.es\/ca\/actos\/actos-academicos\/otros-actos\/","title":{"rendered":"Altres Actes"},"content":{"rendered":"<p><\/p>\n<ul>\n<li>&#8220;<a href=\"https:\/\/protocolo.umh.es\/2012\/06\/19\/acto-universitario-5-estrellas-y-entrega-de-premios-innova-emprende\/\" target=\"_blank\" rel=\"noopener\">Universitario 5 Estrellas<\/a>&#8220;<\/li>\n<li><a href=\"https:\/\/protocolo.umh.es\/category\/actos\/otros-actos\/firmas-institucionales\/\" target=\"_blank\" rel=\"noopener\">Firma de convenis institucionals<\/a><\/li>\n<li><a href=\"https:\/\/protocolo.umh.es\/category\/noticias-y-eventos-del-rector\/\" target=\"_self\" rel=\"noopener\">\u00a0Altres Actes<\/a>:\n<ul>\n<li><a href=\"https:\/\/protocolo.umh.es\/category\/actos\/otros-actos\/otros-actos-otros-actos-actos\/congresos-seminarios-y-jornadas\/\" target=\"_self\" rel=\"noopener\">Congressos, Seminaris i Jornades<\/a><\/li>\n<li><a href=\"https:\/\/protocolo.umh.es\/category\/actos\/otros-actos\/otros-actos-otros-actos-actos\/visitas-institucionales\/\" target=\"_self\" rel=\"noopener\">Visites Institucionals<\/a><\/li>\n<li><a href=\"https:\/\/protocolo.umh.es\/category\/actos\/otros-actos\/otros-actos-otros-actos-actos\/asistencia-a-premios-umh\/\" target=\"_self\" rel=\"noopener\">Premis de la UMH<\/a><\/li>\n<li><a href=\"https:\/\/protocolo.umh.es\/category\/actos\/otros-actos\/otros-actos-otros-actos-actos\/premios-consejo-social\/\" target=\"_blank\" rel=\"noopener\">Premis del Consell Social<\/a><\/li>\n<li><a href=\"https:\/\/protocolo.umh.es\/category\/actos\/otros-actos\/otros-actos-otros-actos-actos\/asistencia-a-premios-empresas\/\" target=\"_self\" rel=\"noopener\">Assist\u00e8ncia a events d&#8217;Institucions i Empreses\u00a0<\/a><\/li>\n<li><a href=\"https:\/\/protocolo.umh.es\/category\/actos\/otros-actos\/otros-actos-otros-actos-actos\/inauguraciones\/\" target=\"_self\" rel=\"noopener\">Inauguracions\u00a0<\/a><\/li>\n<li><a href=\"https:\/\/protocolo.umh.es\/category\/actos\/otros-actos\/otros-actos-otros-actos-actos\/presentaciones\/\" target=\"_self\" rel=\"noopener\">Presentacions<\/a><\/li>\n<\/ul>\n<\/li>\n<\/ul>\n<p><a href=\"https:\/\/consejosocial.umh.es\/premios-consejo-social\/premiados-vii-edicion-2\/\" target=\"_blank\" rel=\"noopener\"><img loading=\"lazy\" title=\"pulse 1\" alt=\"\" src=\"https:\/\/protocolo.umh.es\/files\/2012\/02\/pulse-1-150x150.jpg\" width=\"39\" height=\"36\" \/><\/a>\u00a0Cliqueu en els enlla\u00e7os per a obtindre m\u00e9s informaci\u00f3 \u00a0sobre altres actes.<\/p>","protected":false},"excerpt":{"rendered":"<p>&#8220;Universitario 5 Estrellas&#8220;<br \/>\nFirma de convenis institucionals<br \/>\n\u00a0Altres Actes:<\/p>\n<p>Congressos, Seminaris i Jornades<br \/>\nVisites Institucionals<br \/>\nPremis de la UMH<br \/>\nPremis del Consell Social<br \/>\nAssist\u00e8ncia a events d&#8217;Institucions i Empreses\u00a0<br \/>\nInauguracions\u00a0<br \/>\nPresentacions<\/p>\n<p>\u00a0Cliqueu en els enlla\u00e7os per a obtindre m\u00e9s informaci\u00f3 \u00a0sobre altres actes.<\/p>\n","protected":false},"author":309,"featured_media":0,"parent":18,"menu_order":220,"comment_status":"closed","ping_status":"open","template":"","meta":{"ngg_post_thumbnail":0,"_links_to":"","_links_to_target":""},"_links":{"self":[{"href":"https:\/\/protocolo.umh.es\/ca\/wp-json\/wp\/v2\/pages\/19"}],"collection":[{"href":"https:\/\/protocolo.umh.es\/ca\/wp-json\/wp\/v2\/pages"}],"about":[{"href":"https:\/\/protocolo.umh.es\/ca\/wp-json\/wp\/v2\/types\/page"}],"author":[{"embeddable":true,"href":"https:\/\/protocolo.umh.es\/ca\/wp-json\/wp\/v2\/users\/309"}],"replies":[{"embeddable":true,"href":"https:\/\/protocolo.umh.es\/ca\/wp-json\/wp\/v2\/comments?post=19"}],"version-history":[{"count":0,"href":"https:\/\/protocolo.umh.es\/ca\/wp-json\/wp\/v2\/pages\/19\/revisions"}],"up":[{"embeddable":true,"href":"https:\/\/protocolo.umh.es\/ca\/wp-json\/wp\/v2\/pages\/18"}],"wp:attachment":[{"href":"https:\/\/protocolo.umh.es\/ca\/wp-json\/wp\/v2\/media?parent=19"}],"curies":[{"name":"wp","href":"https:\/\/api.w.org\/{rel}","templated":true}]}}