{"id":173,"date":"2012-04-03T11:43:27","date_gmt":"2012-04-03T11:43:27","guid":{"rendered":"http:\/\/protocolo.umh.es\/documentacion-2\/normativa\/"},"modified":"2024-06-25T12:24:55","modified_gmt":"2024-06-25T10:24:55","slug":"normativa","status":"publish","type":"page","link":"https:\/\/protocolo.umh.es\/ca\/documentacion-2\/normativa\/","title":{"rendered":"Normativa"},"content":{"rendered":"<p><a href=\"https:\/\/protocolo.umh.es\/files\/2012\/04\/miguelito-doctorrojo.png\"><img loading=\"lazy\" class=\"size-medium wp-image-514 alignleft\" title=\"miguelito-doctor(rojo)\" alt=\"\" src=\"https:\/\/protocolo.umh.es\/files\/2012\/04\/miguelito-doctorrojo-239x300.png\" width=\"184\" height=\"249\" \/><\/a>\u00a0\u00a0\u00a0\u00a0\u00a0\u00a0\u00a0\u00a0\u00a0\u00a0\u00a0\u00a0\u00a0<strong>\u00a0Legislaci\u00f3 General:<\/strong><\/p>\n<ul>\n<li><a href=\"https:\/\/protocolo.umh.es\/files\/2012\/02\/ley-organica-de-universidades-20011.pdf\" target=\"_blank\" rel=\"noopener noreferrer\">Llei Org\u00e0nica 6\/2001<\/a>\u00a0modificada per \u00a0<a href=\"https:\/\/protocolo.umh.es\/files\/2012\/02\/ley-organica-de-universidades-20071.pdf\" target=\"_blank\" rel=\"noopener noreferrer\">\u00a0Llei Org\u00e0nica 4\/2007<\/a>.<\/li>\n<li><a href=\"https:\/\/protocolo.umh.es\/files\/2012\/02\/estatutos-umh21.pdf\" target=\"_blank\" rel=\"noopener noreferrer\">Estatuts de la Universitat Miguel Hern\u00e1ndez<\/a><\/li>\n<\/ul>\n<p><strong>Normativa espec\u00edfica:<\/strong><\/p>\n<ul>\n<li><a href=\"https:\/\/protocolo.umh.es\/files\/2012\/04\/Rd-2099-83-Ordenaci\u00f3n-Geral-de-Precedencias-en-Espa\u00f1a.pdf\" target=\"_self\" rel=\"noopener noreferrer\">Reial Decret\u00a0<em>2099\/83<\/em>\u00a0sobre Ordenaci\u00f3 General de Preced\u00e8ncies a Espanya\u00a0<\/a><\/li>\n<li><a href=\"http:\/\/www.docv.gva.es\/portal\/ficha_disposicion_pc.jsp?sig=0054\/2000&amp;L=1\" target=\"_blank\" rel=\"noopener noreferrer\">Decret 235\/1999, 23 de decembre, \u00a0del Govern Valenci\u00e0, pel qual es regula el r\u00e8gim de preced\u00e8ncies en l&#8217;\u00e0mbit de la Comunitat Valenciana.\u00a0<\/a><\/li>\n<li><a href=\"http:\/\/www.docv.gva.es\/datos\/2003\/06\/30\/pdf\/2003_7808.pdf\" target=\"_blank\" rel=\"noopener noreferrer\">Decret 9\/2003, 27 \u00a0juny, del President de la Generalitat, pel qual modifica l&#8217;annex del Decret \u00a0235\/1999 (DOGV 30 de juny de 2003)<\/a><\/li>\n<li><a href=\"https:\/\/protocolo.umh.es\/files\/2012\/04\/3719_MOD.-REGLAMENTO-HORNORES-Y-DISTINCIONES.pdf\" target=\"_self\" rel=\"noopener noreferrer\">Acord d&#8217;aprovaci\u00f3 de la modificaci\u00f3 del Reglament d&#8217;Honors i Distincions de la UMH (Aprovat pel Consell de Govern, 1 de decembre de 2009)<\/a><\/li>\n<li><a href=\"https:\/\/protocolo.umh.es\/files\/2012\/04\/Acuerdo-de-aprobacion-de-la-modificaci\u00f3n-del-Reglamento-de-Honores-y-Distinciones-de-la-UMH-copia.pdf\" target=\"_blank\" rel=\"noopener noreferrer\">Acord d&#8217;aprovaci\u00f3 de la modificaci\u00f3 del Reglament d&#8217;Honors i Distincions de la UMH \u00a0(Aprovat pel Consell de Govern,\u00a0 25 de juliol de 2012)<\/a><\/li>\n<li><a href=\"https:\/\/protocolo.umh.es\/files\/2012\/02\/Cat%C3%A1logo-de-orientaciones-sobre-el-uso-del-traje-acad%C3%A9mico-y-sus-colores.pdf\" target=\"_blank\" rel=\"noopener noreferrer\">Cat\u00e0leg d\u2019orientacions sobre\u00a0l\u2019us de l\u2019indument\u00e0ria acad\u00e8mica\u00a0i els seus \u00a0colors<\/a><\/li>\n<\/ul>\n<address><strong>Tractaments<\/strong><\/address>\n<ul>\n<li><a href=\"http:\/\/www.boe.es\/boe\/dias\/2007\/04\/13\/pdfs\/A16241-16260.pdf\" target=\"_blank\" rel=\"noopener noreferrer\">\u00a0Llei org\u00e0nica \u00a04\/2007,\u00a0 12 de abril <\/a>, que modifica la <a href=\"http:\/\/www.boe.es\/boe\/dias\/2001\/12\/24\/pdfs\/A49400-49425.pdf\" target=\"_blank\" rel=\"noopener noreferrer\">\u00a0Llei Org\u00e0nica 6\/2001, 21 de decembre<\/a>.<\/li>\n<\/ul>\n<p><strong>Disposici\u00f3 addicional tretzena. Tractaments.<\/strong><\/p>\n<p>Les autoritats universit\u00e0ries \u00a0rebran el tractament de senyor o senyora, \u00a0seguit de la denominaci\u00f3 del c\u00e0rrec. \u00a0 Els rectors de les universitats rebran, a m\u00e9s, el tractament acad\u00e8mic de Rector Magn\u00edfic o Rectora Magn\u00edfica.<\/p>\n<ul>\n<li>Alguns dels documents nom\u00e8s estan en castell\u00e0.<\/li>\n<\/ul>\n<p><\/p>","protected":false},"excerpt":{"rendered":"<p>\u00a0\u00a0\u00a0\u00a0\u00a0\u00a0\u00a0\u00a0\u00a0\u00a0\u00a0\u00a0\u00a0\u00a0Legislaci\u00f3 General:<\/p>\n<p>Llei Org\u00e0nica 6\/2001\u00a0modificada per \u00a0\u00a0Llei Org\u00e0nica 4\/2007.<br \/>\nEstatuts de la Universitat Miguel Hern\u00e1ndez<\/p>\n<p>Normativa espec\u00edfica:<\/p>\n<p>Reial Decret\u00a02099\/83\u00a0sobre Ordenaci\u00f3 General de Preced\u00e8ncies a Espanya\u00a0<br \/>\nDecret 235\/1999, 23 de decembre, \u00a0del Govern Valenci\u00e0, pel qual es regula el r\u00e8gim de preced\u00e8ncies en l&#8217;\u00e0mbit de la Comunitat Valenciana.\u00a0<br \/>\nDecret 9\/2003, 27 \u00a0juny, del President de la Generalitat, pel qual modifica l&#8217;annex del [&#8230;]<\/p>\n","protected":false},"author":309,"featured_media":0,"parent":91,"menu_order":1,"comment_status":"closed","ping_status":"open","template":"","meta":{"ngg_post_thumbnail":0,"_links_to":"","_links_to_target":""},"_links":{"self":[{"href":"https:\/\/protocolo.umh.es\/ca\/wp-json\/wp\/v2\/pages\/173"}],"collection":[{"href":"https:\/\/protocolo.umh.es\/ca\/wp-json\/wp\/v2\/pages"}],"about":[{"href":"https:\/\/protocolo.umh.es\/ca\/wp-json\/wp\/v2\/types\/page"}],"author":[{"embeddable":true,"href":"https:\/\/protocolo.umh.es\/ca\/wp-json\/wp\/v2\/users\/309"}],"replies":[{"embeddable":true,"href":"https:\/\/protocolo.umh.es\/ca\/wp-json\/wp\/v2\/comments?post=173"}],"version-history":[{"count":0,"href":"https:\/\/protocolo.umh.es\/ca\/wp-json\/wp\/v2\/pages\/173\/revisions"}],"up":[{"embeddable":true,"href":"https:\/\/protocolo.umh.es\/ca\/wp-json\/wp\/v2\/pages\/91"}],"wp:attachment":[{"href":"https:\/\/protocolo.umh.es\/ca\/wp-json\/wp\/v2\/media?parent=173"}],"curies":[{"name":"wp","href":"https:\/\/api.w.org\/{rel}","templated":true}]}}