{"id":115,"date":"2012-02-29T16:31:13","date_gmt":"2012-02-29T16:31:13","guid":{"rendered":"http:\/\/protocolo.umh.es\/trajes-academicos\/"},"modified":"2025-07-11T13:44:38","modified_gmt":"2025-07-11T11:44:38","slug":"trajes-academicos","status":"publish","type":"page","link":"https:\/\/protocolo.umh.es\/ca\/solicitud-prestamo-material\/trajes-academicos\/","title":{"rendered":"Indument\u00e0ria acad\u00e8mica"},"content":{"rendered":"<p><a href=\"https:\/\/protocolo.umh.es\/files\/2012\/02\/Honoris-Causa-_mg_32451.jpg\"><img loading=\"lazy\" class=\"alignleft\" title=\"Honoris Causa _mg_3245\" src=\"https:\/\/protocolo.umh.es\/files\/2012\/02\/Honoris-Causa-_mg_32451-200x300.jpg\" alt=\"\" width=\"132\" height=\"274\" \/><\/a>\u00a0<a href=\"https:\/\/protocolo.umh.es\/files\/2012\/02\/INFORMACION-TRAJE-ACADEMICO1.pdf\" target=\"_blank\" rel=\"noopener noreferrer\"> Cliqueu\u00a0sobre l&#8217;enlla\u00e7 per a obtindre m\u00e9s informaci\u00f3 sobre\u00a0la indument\u00e0ria\u00a0acad\u00e8mica.\u00a0<\/a>\u00a0\u00a0(Informaci\u00f3 disponible nom\u00e9s en castell\u00e0)<\/p>\n<p>La sol\u00b7licitud de pr\u00e9stecs de vestimenta acad\u00e8mica\u00a0 per al personal de la Universidat Miguel Hern\u00e1ndez es realitzar\u00e0 complimentant el formulari que adjuntem a continuaci\u00f3 i enviant-lo a la mail de <a href=\"mailto:protocolo@umh.es\">protocolo@umh.es<\/a><\/p>\n<p>&nbsp;<\/p>\n<p><a href=\"https:\/\/protocolo.umh.es\/files\/2012\/02\/Captura-valenciano.jpg\"><img loading=\"lazy\" class=\"alignleft size-large wp-image-582\" title=\"Captura valenciano\" src=\"https:\/\/protocolo.umh.es\/files\/2012\/02\/Captura-valenciano-1024x383.jpg\" alt=\"\" width=\"549\" height=\"160\" \/><\/a><\/p>\n<p><a href=\"https:\/\/protocolo.umh.es\/files\/2012\/02\/Cat\u00e1logo-de-orientaciones-sobre-el-uso-del-traje-acad\u00e9mico-y-sus-colores.pdf\" target=\"_blank\" rel=\"noopener noreferrer\">Cat\u00e0leg d&#8217;orientacions sobre\u00a0l&#8217;us de l&#8217;indument\u00e0ria acad\u00e8mica\u00a0i els seus \u00a0colors<\/a>\u00a0(Nom\u00e9s disponible en castell\u00e0)<\/p>","protected":false},"excerpt":{"rendered":"<p>\u00a0 Cliqueu\u00a0sobre l&#8217;enlla\u00e7 per a obtindre m\u00e9s informaci\u00f3 sobre\u00a0la indument\u00e0ria\u00a0acad\u00e8mica.\u00a0\u00a0\u00a0(Informaci\u00f3 disponible nom\u00e9s en castell\u00e0)<br \/>\nLa sol\u00b7licitud de pr\u00e9stecs de vestimenta acad\u00e8mica\u00a0 per al personal de la Universidat Miguel Hern\u00e1ndez es realitzar\u00e0 complimentant el formulari que adjuntem a continuaci\u00f3 i enviant-lo a la mail de protocolo@umh.es<br \/>\n&nbsp;<\/p>\n<p>Cat\u00e0leg d&#8217;orientacions sobre\u00a0l&#8217;us de l&#8217;indument\u00e0ria acad\u00e8mica\u00a0i els seus \u00a0colors\u00a0(Nom\u00e9s disponible en castell\u00e0)<\/p>\n","protected":false},"author":309,"featured_media":0,"parent":28948,"menu_order":775,"comment_status":"closed","ping_status":"open","template":"","meta":{"ngg_post_thumbnail":0,"_links_to":"","_links_to_target":""},"_links":{"self":[{"href":"https:\/\/protocolo.umh.es\/ca\/wp-json\/wp\/v2\/pages\/115"}],"collection":[{"href":"https:\/\/protocolo.umh.es\/ca\/wp-json\/wp\/v2\/pages"}],"about":[{"href":"https:\/\/protocolo.umh.es\/ca\/wp-json\/wp\/v2\/types\/page"}],"author":[{"embeddable":true,"href":"https:\/\/protocolo.umh.es\/ca\/wp-json\/wp\/v2\/users\/309"}],"replies":[{"embeddable":true,"href":"https:\/\/protocolo.umh.es\/ca\/wp-json\/wp\/v2\/comments?post=115"}],"version-history":[{"count":0,"href":"https:\/\/protocolo.umh.es\/ca\/wp-json\/wp\/v2\/pages\/115\/revisions"}],"up":[{"embeddable":true,"href":"https:\/\/protocolo.umh.es\/ca\/wp-json\/wp\/v2\/pages\/28948"}],"wp:attachment":[{"href":"https:\/\/protocolo.umh.es\/ca\/wp-json\/wp\/v2\/media?parent=115"}],"curies":[{"name":"wp","href":"https:\/\/api.w.org\/{rel}","templated":true}]}}